{"id":91139,"date":"2021-06-14T19:49:27","date_gmt":"2021-06-14T19:49:27","guid":{"rendered":"https:\/\/www.3p-gmbh.de\/produkt\/ponts-en-ligne-decoupeuse-de-feuilles-avec-margeur-et-station-dejection-bograma-bsm-450-basic-ueb-550a-fr550-servo-c\/"},"modified":"2021-06-14T19:49:27","modified_gmt":"2021-06-14T19:49:27","slug":"poinconneuse-a-arc-en-ligne-avec-margeur-et-station-dejection-bograma-bsm-450-basic-ueb-550a-fr550-servo-c","status":"publish","type":"product","link":"https:\/\/www.3p-gmbh.de\/fr\/produkt\/poinconneuse-a-arc-en-ligne-avec-margeur-et-station-dejection-bograma-bsm-450-basic-ueb-550a-fr550-servo-c\/","title":{"rendered":"Ponts en ligne &#8211; D\u00e9coupeuse de feuilles avec margeur et station d&rsquo;\u00e9jection BOGRAMA BSM 450 basic + UEB 550A + FR550 Servo C"},"content":{"rendered":"<p><strong>BOGRAMA BSM 450 basic + UEB 550A + FR550 Servo C<\/strong><br \/>\n<strong>Ann\u00e9e de construction 2008<\/strong><\/p>\n<p>1 (une) BOGRAMA BSM 450 basic<br \/>\nAnn\u00e9e de construction 2008<br \/>\nmachine automatique de d\u00e9coupe et de poin\u00e7onnage pour la d\u00e9coupe de contours et de poses<br \/>\nDemovido sur https:\/\/youtube.com\/shorts\/zxGgEdwIAww?feature=share<\/p>\n<p><strong>avec les outils suivants :<\/strong><br \/>\n&#8211; 1 x jeu de pi\u00e8ces interchangeables BSM 450<br \/>\n&#8211; 2 x utilit\u00e9 suppl\u00e9mentaire (c.-\u00e0-d. possibilit\u00e9 de couper sur 3 utilit\u00e9s) standard avec lame de d\u00e9coupe de 4 mm<br \/>\n&#8211; 1 x dispositif d&rsquo;outillage pour feuillard d&rsquo;acier pour BSM 450<\/p>\n<p>1 (un) transfert mobile BOGRAMA UEB 550 A<br \/>\navec air de soufflage synchronis\u00e9 et station d&rsquo;\u00e9clatement<\/p>\n<p>1 (un) margeur \u00e0 friction BOGRAMA FR 550 Servo C<br \/>\npour la cr\u00e9ation de brochures et de feuilles individuelles pour le fonctionnement hors ligne :<br \/>\ndes modules individuels Bograma, des installations de d\u00e9coupe Bograma, des agr\u00e9gats d&rsquo;autres marques, etc.<\/p>\n","protected":false},"excerpt":{"rendered":"<p>BOGRAMA BSM 450 basic + UEB 550A + FR550 Servo C Ann\u00e9e de construction 2008 1 (une) BOGRAMA BSM 450 basic Ann\u00e9e de construction 2008 machine automatique de d\u00e9coupe et de poin\u00e7onnage pour la d\u00e9coupe de contours et de poses Demovido sur https:\/\/youtube.com\/shorts\/zxGgEdwIAww?feature=share avec les outils suivants : &#8211; 1 x jeu de pi\u00e8ces interchangeables [&hellip;]<\/p>\n","protected":false},"featured_media":60353,"template":"","meta":[],"product_brand":[],"product_cat":[2947],"product_tag":[],"class_list":{"0":"post-91139","1":"product","2":"type-product","3":"status-publish","4":"has-post-thumbnail","6":"product_cat-systemes-de-fabrication-de-brochures","7":"pa_hersteller-bograma","8":"pa_typ-bsm-450-basic","9":"pa_typ-fr-550-servo-c","10":"pa_typ-ueb-550a","12":"first","13":"instock","14":"taxable","15":"shipping-taxable","16":"product-type-simple"},"jetpack_sharing_enabled":true,"_links":{"self":[{"href":"https:\/\/www.3p-gmbh.de\/fr\/wp-json\/wp\/v2\/product\/91139","targetHints":{"allow":["GET"]}}],"collection":[{"href":"https:\/\/www.3p-gmbh.de\/fr\/wp-json\/wp\/v2\/product"}],"about":[{"href":"https:\/\/www.3p-gmbh.de\/fr\/wp-json\/wp\/v2\/types\/product"}],"wp:featuredmedia":[{"embeddable":true,"href":"https:\/\/www.3p-gmbh.de\/fr\/wp-json\/wp\/v2\/media\/60353"}],"wp:attachment":[{"href":"https:\/\/www.3p-gmbh.de\/fr\/wp-json\/wp\/v2\/media?parent=91139"}],"wp:term":[{"taxonomy":"product_brand","embeddable":true,"href":"https:\/\/www.3p-gmbh.de\/fr\/wp-json\/wp\/v2\/product_brand?post=91139"},{"taxonomy":"product_cat","embeddable":true,"href":"https:\/\/www.3p-gmbh.de\/fr\/wp-json\/wp\/v2\/product_cat?post=91139"},{"taxonomy":"product_tag","embeddable":true,"href":"https:\/\/www.3p-gmbh.de\/fr\/wp-json\/wp\/v2\/product_tag?post=91139"}],"curies":[{"name":"wp","href":"https:\/\/api.w.org\/{rel}","templated":true}]}}