{"id":91132,"date":"2019-11-12T12:14:58","date_gmt":"2019-11-12T12:14:58","guid":{"rendered":"https:\/\/www.3p-gmbh.de\/produkt\/albert-frankental-poinconneuse-detiquettes-modele-europa-es\/"},"modified":"2019-11-12T12:14:58","modified_gmt":"2019-11-12T12:14:58","slug":"albert-frankental-etikettenstanze-modell-europa-es","status":"publish","type":"product","link":"https:\/\/www.3p-gmbh.de\/fr\/produkt\/albert-frankental-etikettenstanze-modell-europa-es\/","title":{"rendered":"Albert Frankental Poin\u00e7onneuse d&rsquo;\u00e9tiquettes mod\u00e8le Europa ES"},"content":{"rendered":"<p>Format de d\u00e9coupe max. environ 230\u00d7230 mm<br \/>\nformat de d\u00e9coupe min : 10\u00d710 mm<br \/>\nPression d&rsquo;estampage : 10 tonnes<br \/>\n4 bras de serrage de l&rsquo;outil<\/p>\n","protected":false},"excerpt":{"rendered":"<p>Format de d\u00e9coupe max. environ 230\u00d7230 mm format de d\u00e9coupe min : 10\u00d710 mm Pression d&rsquo;estampage : 10 tonnes 4 bras de serrage de l&rsquo;outil<\/p>\n","protected":false},"featured_media":58326,"template":"","meta":[],"product_brand":[],"product_cat":[2904],"product_tag":[],"class_list":{"0":"post-91132","1":"product","2":"type-product","3":"status-publish","4":"has-post-thumbnail","6":"product_cat-poinconnage","7":"pa_hersteller-albert-frankental","8":"pa_typ-europa-es","10":"first","11":"instock","12":"taxable","13":"shipping-taxable","14":"purchasable","15":"product-type-simple"},"jetpack_sharing_enabled":true,"_links":{"self":[{"href":"https:\/\/www.3p-gmbh.de\/fr\/wp-json\/wp\/v2\/product\/91132","targetHints":{"allow":["GET"]}}],"collection":[{"href":"https:\/\/www.3p-gmbh.de\/fr\/wp-json\/wp\/v2\/product"}],"about":[{"href":"https:\/\/www.3p-gmbh.de\/fr\/wp-json\/wp\/v2\/types\/product"}],"wp:featuredmedia":[{"embeddable":true,"href":"https:\/\/www.3p-gmbh.de\/fr\/wp-json\/wp\/v2\/media\/58326"}],"wp:attachment":[{"href":"https:\/\/www.3p-gmbh.de\/fr\/wp-json\/wp\/v2\/media?parent=91132"}],"wp:term":[{"taxonomy":"product_brand","embeddable":true,"href":"https:\/\/www.3p-gmbh.de\/fr\/wp-json\/wp\/v2\/product_brand?post=91132"},{"taxonomy":"product_cat","embeddable":true,"href":"https:\/\/www.3p-gmbh.de\/fr\/wp-json\/wp\/v2\/product_cat?post=91132"},{"taxonomy":"product_tag","embeddable":true,"href":"https:\/\/www.3p-gmbh.de\/fr\/wp-json\/wp\/v2\/product_tag?post=91132"}],"curies":[{"name":"wp","href":"https:\/\/api.w.org\/{rel}","templated":true}]}}