{"id":91130,"date":"2019-11-12T09:16:23","date_gmt":"2019-11-12T09:16:23","guid":{"rendered":"https:\/\/www.3p-gmbh.de\/produkt\/perceuse-a-papier-hang-106-dtk-4-a-quatre-broches\/"},"modified":"2019-11-12T09:16:23","modified_gmt":"2019-11-12T09:16:23","slug":"perceuse-a-papier-hang-106-dtk-4-a-quatre-broches","status":"publish","type":"product","link":"https:\/\/www.3p-gmbh.de\/fr\/produkt\/perceuse-a-papier-hang-106-dtk-4-a-quatre-broches\/","title":{"rendered":"Perceuse \u00e0 papier Hang 106 DTK 4 \u00e0 quatre broches"},"content":{"rendered":"<p>avec \u00e9l\u00e9vateur de table automatique<br \/>\nprofondeur de forage d&rsquo;environ 35cm<br \/>\nT\u00eates de forage r\u00e9glables sur environ 50 cm l&rsquo;une par rapport \u00e0 l&rsquo;autre<br \/>\nTabulateur<\/p>\n<p>divers accessoires inclus<\/p>\n","protected":false},"excerpt":{"rendered":"<p>avec \u00e9l\u00e9vateur de table automatique profondeur de forage d&rsquo;environ 35cm T\u00eates de forage r\u00e9glables sur environ 50 cm l&rsquo;une par rapport \u00e0 l&rsquo;autre Tabulateur divers accessoires inclus<\/p>\n","protected":false},"featured_media":58319,"template":"","meta":[],"product_brand":[],"product_cat":[2957],"product_tag":[],"class_list":{"0":"post-91130","1":"product","2":"type-product","3":"status-publish","4":"has-post-thumbnail","6":"product_cat-perceuses-a-papier","7":"pa_hersteller-constantin-hang","8":"pa_typ-106-dtk-4","10":"first","11":"instock","12":"taxable","13":"shipping-taxable","14":"purchasable","15":"product-type-simple"},"jetpack_sharing_enabled":true,"_links":{"self":[{"href":"https:\/\/www.3p-gmbh.de\/fr\/wp-json\/wp\/v2\/product\/91130","targetHints":{"allow":["GET"]}}],"collection":[{"href":"https:\/\/www.3p-gmbh.de\/fr\/wp-json\/wp\/v2\/product"}],"about":[{"href":"https:\/\/www.3p-gmbh.de\/fr\/wp-json\/wp\/v2\/types\/product"}],"wp:featuredmedia":[{"embeddable":true,"href":"https:\/\/www.3p-gmbh.de\/fr\/wp-json\/wp\/v2\/media\/58319"}],"wp:attachment":[{"href":"https:\/\/www.3p-gmbh.de\/fr\/wp-json\/wp\/v2\/media?parent=91130"}],"wp:term":[{"taxonomy":"product_brand","embeddable":true,"href":"https:\/\/www.3p-gmbh.de\/fr\/wp-json\/wp\/v2\/product_brand?post=91130"},{"taxonomy":"product_cat","embeddable":true,"href":"https:\/\/www.3p-gmbh.de\/fr\/wp-json\/wp\/v2\/product_cat?post=91130"},{"taxonomy":"product_tag","embeddable":true,"href":"https:\/\/www.3p-gmbh.de\/fr\/wp-json\/wp\/v2\/product_tag?post=91130"}],"curies":[{"name":"wp","href":"https:\/\/api.w.org\/{rel}","templated":true}]}}