{"id":91116,"date":"2019-11-15T09:34:04","date_gmt":"2019-11-15T09:34:04","guid":{"rendered":"https:\/\/www.3p-gmbh.de\/produkt\/ernst-nagel-rinak-agrafeuse-electrique-a-une-tete-agrafeuse\/"},"modified":"2019-11-15T09:34:04","modified_gmt":"2019-11-15T09:34:04","slug":"ernst-nagel-rinak-agrafeuse-electrique-monotete-agrafeuse","status":"publish","type":"product","link":"https:\/\/www.3p-gmbh.de\/fr\/produkt\/ernst-nagel-rinak-agrafeuse-electrique-monotete-agrafeuse\/","title":{"rendered":"Ernst NAGEL RINAK Agrafeuse \u00e9lectrique \u00e0 une t\u00eate &#8211; Agrafeuse"},"content":{"rendered":"<p>pour l&rsquo;agrafage en bloc et \u00e0 cheval jusqu&rsquo;\u00e0 4 mm pour la fabrication de brochures<br \/>\n\u00e9tat comme neuf<\/p>\n<ul>\n<li>Agrafage en bloc : jusqu&rsquo;\u00e0 4 mm env. 40 feuilles (papier 80 g)<\/li>\n<li>Brochures : jusqu&rsquo;\u00e0 3 mm env. 30 feuilles (papier 80 g)<\/li>\n<li>Agrafes : 26\/6, 26\/8S, Ri 26\/6<\/li>\n<li>La table de marge peut \u00eatre transform\u00e9e en bloc ou en piq\u00fbre \u00e0 cheval par simple basculement<\/li>\n<li>force de frappe de la t\u00eate d&rsquo;agrafage r\u00e9glable<\/li>\n<li>but\u00e9e lat\u00e9rale r\u00e9glable<\/li>\n<li>Machine de table \u00e0 fixer sur le plateau<\/li>\n<li>capacit\u00e9 du magasin d&rsquo;agrafes : 210 pi\u00e8ces<\/li>\n<li>profondeur d&rsquo;insertion : 30 mm (pour l&rsquo;agrafage en bloc)<\/li>\n<li>Raccordement : 230 V \/ 50 Hz<\/li>\n<\/ul>\n","protected":false},"excerpt":{"rendered":"<p><a href=\"http:\/\/www.3p-gmbh.de\/wp-content\/uploads\/2019\/11\/nagel-rinak-enak-deutsch-1.pdf\">nagel rinak enak fran\u00e7ais<\/a><\/p>\n","protected":false},"featured_media":58382,"template":"","meta":[],"product_brand":[],"product_cat":[2994],"product_tag":[],"class_list":{"0":"post-91116","1":"product","2":"type-product","3":"status-publish","4":"has-post-thumbnail","6":"product_cat-agrafeuses","7":"pa_hersteller-ernst-nagel","8":"pa_typ-rinak","10":"first","11":"instock","12":"taxable","13":"shipping-taxable","14":"purchasable","15":"product-type-simple"},"jetpack_sharing_enabled":true,"_links":{"self":[{"href":"https:\/\/www.3p-gmbh.de\/fr\/wp-json\/wp\/v2\/product\/91116","targetHints":{"allow":["GET"]}}],"collection":[{"href":"https:\/\/www.3p-gmbh.de\/fr\/wp-json\/wp\/v2\/product"}],"about":[{"href":"https:\/\/www.3p-gmbh.de\/fr\/wp-json\/wp\/v2\/types\/product"}],"wp:featuredmedia":[{"embeddable":true,"href":"https:\/\/www.3p-gmbh.de\/fr\/wp-json\/wp\/v2\/media\/58382"}],"wp:attachment":[{"href":"https:\/\/www.3p-gmbh.de\/fr\/wp-json\/wp\/v2\/media?parent=91116"}],"wp:term":[{"taxonomy":"product_brand","embeddable":true,"href":"https:\/\/www.3p-gmbh.de\/fr\/wp-json\/wp\/v2\/product_brand?post=91116"},{"taxonomy":"product_cat","embeddable":true,"href":"https:\/\/www.3p-gmbh.de\/fr\/wp-json\/wp\/v2\/product_cat?post=91116"},{"taxonomy":"product_tag","embeddable":true,"href":"https:\/\/www.3p-gmbh.de\/fr\/wp-json\/wp\/v2\/product_tag?post=91116"}],"curies":[{"name":"wp","href":"https:\/\/api.w.org\/{rel}","templated":true}]}}