{"id":91111,"date":"2019-11-15T08:24:28","date_gmt":"2019-11-15T08:24:28","guid":{"rendered":"https:\/\/www.3p-gmbh.de\/produkt\/spectrophotometre-x-rite-i1-basic-pro-2\/"},"modified":"2019-11-15T08:24:28","modified_gmt":"2019-11-15T08:24:28","slug":"spectrophotometre-x-rite-i1-basic-pro-2","status":"publish","type":"product","link":"https:\/\/www.3p-gmbh.de\/fr\/produkt\/spectrophotometre-x-rite-i1-basic-pro-2\/","title":{"rendered":"Spectrophotom\u00e8tre X-Rite i1 Basic Pro 2"},"content":{"rendered":"<p>L&rsquo;i1 Basic Pro 2 de X-Rite vous permet de cr\u00e9er rapidement et facilement des profils personnalis\u00e9s pour vos moniteurs et projecteurs, afin d&rsquo;\u00eatre toujours s\u00fbr que les couleurs s&rsquo;affichent fid\u00e8lement. En outre, il est possible de v\u00e9rifier la qualit\u00e9 d&rsquo;impression et les \u00e9preuves logicielles gr\u00e2ce \u00e0 des fonctions int\u00e9gr\u00e9es d&rsquo;assurance qualit\u00e9, et de saisir et d&rsquo;organiser les couleurs d&rsquo;accompagnement.<\/p>\n<p>X-Rite i1Basic Pro 2 combine un logiciel et un mat\u00e9riel de pointe pour offrir le nec plus ultra en mati\u00e8re de gestion des couleurs pour le traitement professionnel des images. L&rsquo;appareil de profilage est pr\u00e9cis et orient\u00e9 vers l&rsquo;avenir. Avec une pr\u00e9cision, une facilit\u00e9 d&rsquo;utilisation et une fiabilit\u00e9 am\u00e9lior\u00e9es, ainsi que de nombreuses nouvelles fonctions professionnelles, il suit les derniers d\u00e9veloppements en mati\u00e8re de normalisation ISO. La derni\u00e8re version du logiciel i1Profiler vous propose les modes \u00ab\u00a0Simple\u00a0\u00bb et \u00ab\u00a0Avanc\u00e9\u00a0\u00bb, qui vous permettent de profiler et de calibrer votre moniteur, votre projecteur et votre imprimante RGB\/CMYK+ de mani\u00e8re professionnelle. De plus, des pr\u00e9r\u00e9glages pour la production vid\u00e9o et des fonctions \u00e9tendues pour l&rsquo;assurance qualit\u00e9 du moniteur et de l&rsquo;imprimante sont inclus.<br \/>\nLe programme PANTONE\u00ae Color Manager pour la cr\u00e9ation de palettes de couleurs et pour la simulation num\u00e9rique des couleurs (\u00ab\u00a0bridging\u00a0\u00bb) vous permet de maintenir facilement vos biblioth\u00e8ques PANTONE \u00e0 jour. De plus, vous pouvez g\u00e9rer vos couleurs sp\u00e9ciales et ajouter vos propres couleurs.<\/p>\n<p>Contenu de la livraison :<\/p>\n<ul>\n<li>Plaque de tr\u00e9pied<\/li>\n<li>Support de tr\u00e9pied<\/li>\n<li>Support de moniteur<\/li>\n<li>Cache de position<\/li>\n<li>Plaque d&rsquo;\u00e9talonnage<\/li>\n<li>Appareil de mesure<\/li>\n<li>Mallette de transport<\/li>\n<li>C\u00e2ble USB<\/li>\n<li>Support de mesure<\/li>\n<li>R\u00e8gle<\/li>\n<li>Support de donn\u00e9es du logiciel<\/li>\n<li>Certificat<\/li>\n<li>Manuel d&rsquo;utilisation<\/li>\n<\/ul>\n","protected":false},"excerpt":{"rendered":"<p>L&rsquo;i1 Basic Pro 2 de X-Rite vous permet de cr\u00e9er rapidement et facilement des profils personnalis\u00e9s pour vos moniteurs et projecteurs, afin d&rsquo;\u00eatre toujours s\u00fbr que les couleurs s&rsquo;affichent fid\u00e8lement. En outre, il est possible de v\u00e9rifier la qualit\u00e9 d&rsquo;impression et les \u00e9preuves logicielles gr\u00e2ce \u00e0 des fonctions int\u00e9gr\u00e9es d&rsquo;assurance qualit\u00e9, et de saisir et [&hellip;]<\/p>\n","protected":false},"featured_media":58364,"template":"","meta":[],"product_brand":[],"product_cat":[2930],"product_tag":[],"class_list":{"0":"post-91111","1":"product","2":"type-product","3":"status-publish","4":"has-post-thumbnail","6":"product_cat-instruments-de-mesure-et-assurance-qualite","7":"pa_bezeichnung_typ-x-rite-i1-basic-pro-2","8":"pa_hersteller-x-rite","10":"first","11":"instock","12":"taxable","13":"shipping-taxable","14":"purchasable","15":"product-type-simple"},"jetpack_sharing_enabled":true,"_links":{"self":[{"href":"https:\/\/www.3p-gmbh.de\/fr\/wp-json\/wp\/v2\/product\/91111","targetHints":{"allow":["GET"]}}],"collection":[{"href":"https:\/\/www.3p-gmbh.de\/fr\/wp-json\/wp\/v2\/product"}],"about":[{"href":"https:\/\/www.3p-gmbh.de\/fr\/wp-json\/wp\/v2\/types\/product"}],"wp:featuredmedia":[{"embeddable":true,"href":"https:\/\/www.3p-gmbh.de\/fr\/wp-json\/wp\/v2\/media\/58364"}],"wp:attachment":[{"href":"https:\/\/www.3p-gmbh.de\/fr\/wp-json\/wp\/v2\/media?parent=91111"}],"wp:term":[{"taxonomy":"product_brand","embeddable":true,"href":"https:\/\/www.3p-gmbh.de\/fr\/wp-json\/wp\/v2\/product_brand?post=91111"},{"taxonomy":"product_cat","embeddable":true,"href":"https:\/\/www.3p-gmbh.de\/fr\/wp-json\/wp\/v2\/product_cat?post=91111"},{"taxonomy":"product_tag","embeddable":true,"href":"https:\/\/www.3p-gmbh.de\/fr\/wp-json\/wp\/v2\/product_tag?post=91111"}],"curies":[{"name":"wp","href":"https:\/\/api.w.org\/{rel}","templated":true}]}}