{"id":91102,"date":"2019-11-15T11:41:52","date_gmt":"2019-11-15T11:41:52","guid":{"rendered":"https:\/\/www.3p-gmbh.de\/produkt\/heidelberg-eurobind-eb-500-relieur-a-colle-hotmelt-a-une-seule-piece\/"},"modified":"2019-11-15T11:41:52","modified_gmt":"2019-11-15T11:41:52","slug":"heidelberg-eurobind-eb-500-pinces-hotmelt-adhesifs","status":"publish","type":"product","link":"https:\/\/www.3p-gmbh.de\/fr\/produkt\/heidelberg-eurobind-eb-500-pinces-hotmelt-adhesifs\/","title":{"rendered":"Heidelberg Eurobind EB-500 Relieur \u00e0 colle hotmelt \u00e0 une seule pi\u00e8ce"},"content":{"rendered":"<p>environ 350.000 livres<br \/>\nen excellent \u00e9tat<br \/>\nmax. Taille 32 x 44 cm<\/p>\n<ul>\n<li>Vibreur,<\/li>\n<li>Station de fraisage et de d\u00e9polissage<\/li>\n<li>Unit\u00e9 d&rsquo;encollage de dos Hotmelt<\/li>\n<li>Colleuse lat\u00e9rale Hotmelt<\/li>\n<li>margeur automatique de transbordement<\/li>\n<li>Unit\u00e9 de rainurage double<\/li>\n<li>Station de pressage<\/li>\n<\/ul>\n","protected":false},"excerpt":{"rendered":"<p>environ 350.000 livres en excellent \u00e9tat max. Taille 32 x 44 cm Vibreur, Station de fraisage et de d\u00e9polissage Unit\u00e9 d&rsquo;encollage de dos Hotmelt Colleuse lat\u00e9rale Hotmelt margeur automatique de transbordement Unit\u00e9 de rainurage double Station de pressage<\/p>\n","protected":false},"featured_media":58396,"template":"","meta":[],"product_brand":[],"product_cat":[2948],"product_tag":[],"class_list":{"0":"post-91102","1":"product","2":"type-product","3":"status-publish","4":"has-post-thumbnail","6":"product_cat-relieurs-a-colle","7":"pa_hersteller-eurotecnica","8":"pa_hersteller-heidelberg","9":"pa_typ-eb-500","11":"first","12":"instock","13":"taxable","14":"shipping-taxable","15":"purchasable","16":"product-type-simple"},"jetpack_sharing_enabled":true,"_links":{"self":[{"href":"https:\/\/www.3p-gmbh.de\/fr\/wp-json\/wp\/v2\/product\/91102","targetHints":{"allow":["GET"]}}],"collection":[{"href":"https:\/\/www.3p-gmbh.de\/fr\/wp-json\/wp\/v2\/product"}],"about":[{"href":"https:\/\/www.3p-gmbh.de\/fr\/wp-json\/wp\/v2\/types\/product"}],"wp:featuredmedia":[{"embeddable":true,"href":"https:\/\/www.3p-gmbh.de\/fr\/wp-json\/wp\/v2\/media\/58396"}],"wp:attachment":[{"href":"https:\/\/www.3p-gmbh.de\/fr\/wp-json\/wp\/v2\/media?parent=91102"}],"wp:term":[{"taxonomy":"product_brand","embeddable":true,"href":"https:\/\/www.3p-gmbh.de\/fr\/wp-json\/wp\/v2\/product_brand?post=91102"},{"taxonomy":"product_cat","embeddable":true,"href":"https:\/\/www.3p-gmbh.de\/fr\/wp-json\/wp\/v2\/product_cat?post=91102"},{"taxonomy":"product_tag","embeddable":true,"href":"https:\/\/www.3p-gmbh.de\/fr\/wp-json\/wp\/v2\/product_tag?post=91102"}],"curies":[{"name":"wp","href":"https:\/\/api.w.org\/{rel}","templated":true}]}}