{"id":91099,"date":"2019-11-18T15:17:26","date_gmt":"2019-11-18T15:17:26","guid":{"rendered":"https:\/\/www.3p-gmbh.de\/produkt\/machine-a-plastifier-gbc-voyager-3\/"},"modified":"2019-11-18T15:17:26","modified_gmt":"2019-11-18T15:17:26","slug":"machine-a-plastifier-gbc-voyager-3","status":"publish","type":"product","link":"https:\/\/www.3p-gmbh.de\/fr\/produkt\/machine-a-plastifier-gbc-voyager-3\/","title":{"rendered":"Machine \u00e0 plastifier GBC Voyager 3"},"content":{"rendered":"<ul>\n<li>laminateur thermique \u00e0 rouleaux \u00e0 grande vitesse pour l&rsquo;impression offset et num\u00e9rique<\/li>\n<li>avec installation \u00e0 haut d\u00e9bit<\/li>\n<li>min. format de feuille 21,6 x 28 cm<\/li>\n<li>max. format de feuille 76,2 x 101,6 cm<\/li>\n<li>Vitesse 45,7 m\/min<\/li>\n<li>Amarrage de la remise<\/li>\n<li>sortie automatique<\/li>\n<\/ul>\n","protected":false},"excerpt":{"rendered":"<p>laminateur thermique \u00e0 rouleaux \u00e0 grande vitesse pour l&rsquo;impression offset et num\u00e9rique avec installation \u00e0 haut d\u00e9bit min. format de feuille 21,6 x 28 cm max. format de feuille 76,2 x 101,6 cm Vitesse 45,7 m\/min Amarrage de la remise sortie automatique<\/p>\n","protected":false},"featured_media":58428,"template":"","meta":[],"product_brand":[],"product_cat":[3092],"product_tag":[],"class_list":{"0":"post-91099","1":"product","2":"type-product","3":"status-publish","4":"has-post-thumbnail","6":"product_cat-machines-a-plastifier","7":"pa_hersteller-gbc","8":"pa_typ-voyager-3","10":"first","11":"instock","12":"taxable","13":"shipping-taxable","14":"purchasable","15":"product-type-simple"},"jetpack_sharing_enabled":true,"_links":{"self":[{"href":"https:\/\/www.3p-gmbh.de\/fr\/wp-json\/wp\/v2\/product\/91099","targetHints":{"allow":["GET"]}}],"collection":[{"href":"https:\/\/www.3p-gmbh.de\/fr\/wp-json\/wp\/v2\/product"}],"about":[{"href":"https:\/\/www.3p-gmbh.de\/fr\/wp-json\/wp\/v2\/types\/product"}],"wp:featuredmedia":[{"embeddable":true,"href":"https:\/\/www.3p-gmbh.de\/fr\/wp-json\/wp\/v2\/media\/58428"}],"wp:attachment":[{"href":"https:\/\/www.3p-gmbh.de\/fr\/wp-json\/wp\/v2\/media?parent=91099"}],"wp:term":[{"taxonomy":"product_brand","embeddable":true,"href":"https:\/\/www.3p-gmbh.de\/fr\/wp-json\/wp\/v2\/product_brand?post=91099"},{"taxonomy":"product_cat","embeddable":true,"href":"https:\/\/www.3p-gmbh.de\/fr\/wp-json\/wp\/v2\/product_cat?post=91099"},{"taxonomy":"product_tag","embeddable":true,"href":"https:\/\/www.3p-gmbh.de\/fr\/wp-json\/wp\/v2\/product_tag?post=91099"}],"curies":[{"name":"wp","href":"https:\/\/api.w.org\/{rel}","templated":true}]}}