{"id":91093,"date":"2019-11-18T14:47:14","date_gmt":"2019-11-18T14:47:14","guid":{"rendered":"https:\/\/www.3p-gmbh.de\/produkt\/screen-cezanne-elite-ft-s5500-scanner-a-plat\/"},"modified":"2019-11-18T14:47:14","modified_gmt":"2019-11-18T14:47:14","slug":"screen-cezanne-elite-ft-s5500-scanner-a-plat","status":"publish","type":"product","link":"https:\/\/www.3p-gmbh.de\/fr\/produkt\/screen-cezanne-elite-ft-s5500-scanner-a-plat\/","title":{"rendered":"Screen Cezanne Elite FT-S5500 scanner \u00e0 plat"},"content":{"rendered":"<ul>\n<li>ligne CCD, 8 000 \u00e9l\u00e9ments par ligne<\/li>\n<li>Types de mod\u00e8les (supervision) : Couleur, noir\/blanc, niveaux de gris<\/li>\n<li>Types d&rsquo;originaux (aper\u00e7u) : Positifs couleur, n\u00e9gatifs couleur, \u00e9l\u00e9ments en traits, niveaux de gris<\/li>\n<li>Taille de num\u00e9risation 329 x 530 mm (13.0&Prime; x 20.9&Prime;)<\/li>\n<li>R\u00e9solution optique en demi-teinte 589 &#8211; 5 300 dpi<\/li>\n<li>R\u00e9solution optique pour les \u00e9l\u00e9ments en forme de traits 600, 1,200, 2,000 dpi<\/li>\n<li>R\u00e9solution de sortie pour les demi-teintes 20 &#8211; 20 000 dpi, pour les \u00e9l\u00e9ments de trait 360 &#8211; 4 000 dpi<\/li>\n<li>max. R\u00e9solution 4.2 D<\/li>\n<li>Profondeur de couleur 32 bits pour CMYK, 48 bits RGB, 8 bits niveau de gris<\/li>\n<li>Formats de sortie TIFF, EPS, DCS, SCITEX CT, JPEG , YCC<\/li>\n<li>Interface SCSI 2<\/li>\n<\/ul>\n","protected":false},"excerpt":{"rendered":"<p>ligne CCD, 8 000 \u00e9l\u00e9ments par ligne Types de mod\u00e8les (supervision) : Couleur, noir\/blanc, niveaux de gris Types d&rsquo;originaux (aper\u00e7u) : Positifs couleur, n\u00e9gatifs couleur, \u00e9l\u00e9ments en traits, niveaux de gris Taille de num\u00e9risation 329 x 530 mm (13.0&Prime; x 20.9&Prime;) R\u00e9solution optique en demi-teinte 589 &#8211; 5 300 dpi R\u00e9solution optique pour les \u00e9l\u00e9ments [&hellip;]<\/p>\n","protected":false},"featured_media":58413,"template":"","meta":[],"product_brand":[],"product_cat":[3097],"product_tag":[],"class_list":{"0":"post-91093","1":"product","2":"type-product","3":"status-publish","4":"has-post-thumbnail","6":"product_cat-scanners-a-plat","7":"pa_bezeichnung_typ-cezanne-elite-ft-s5500","8":"pa_hersteller-dainippon-screen","10":"first","11":"instock","12":"taxable","13":"shipping-taxable","14":"purchasable","15":"product-type-simple"},"jetpack_sharing_enabled":true,"_links":{"self":[{"href":"https:\/\/www.3p-gmbh.de\/fr\/wp-json\/wp\/v2\/product\/91093","targetHints":{"allow":["GET"]}}],"collection":[{"href":"https:\/\/www.3p-gmbh.de\/fr\/wp-json\/wp\/v2\/product"}],"about":[{"href":"https:\/\/www.3p-gmbh.de\/fr\/wp-json\/wp\/v2\/types\/product"}],"wp:featuredmedia":[{"embeddable":true,"href":"https:\/\/www.3p-gmbh.de\/fr\/wp-json\/wp\/v2\/media\/58413"}],"wp:attachment":[{"href":"https:\/\/www.3p-gmbh.de\/fr\/wp-json\/wp\/v2\/media?parent=91093"}],"wp:term":[{"taxonomy":"product_brand","embeddable":true,"href":"https:\/\/www.3p-gmbh.de\/fr\/wp-json\/wp\/v2\/product_brand?post=91093"},{"taxonomy":"product_cat","embeddable":true,"href":"https:\/\/www.3p-gmbh.de\/fr\/wp-json\/wp\/v2\/product_cat?post=91093"},{"taxonomy":"product_tag","embeddable":true,"href":"https:\/\/www.3p-gmbh.de\/fr\/wp-json\/wp\/v2\/product_tag?post=91093"}],"curies":[{"name":"wp","href":"https:\/\/api.w.org\/{rel}","templated":true}]}}