{"id":91092,"date":"2019-11-15T14:11:45","date_gmt":"2019-11-15T14:11:45","guid":{"rendered":"https:\/\/www.3p-gmbh.de\/produkt\/systeme-de-collage-a-chaud-baumer-hhs-avec-commande-c-1100-8-et-reservoir-de-colle-chaude-hhs-hmp-04-1x2-pde\/"},"modified":"2019-11-15T14:11:45","modified_gmt":"2019-11-15T14:11:45","slug":"baumer-hhs-systeme-de-colle-chaude-avec-c-1100-8-commande-et-reservoir-de-colle-chaude-hhs-hmp-04-1x2-pde","status":"publish","type":"product","link":"https:\/\/www.3p-gmbh.de\/fr\/produkt\/baumer-hhs-systeme-de-colle-chaude-avec-c-1100-8-commande-et-reservoir-de-colle-chaude-hhs-hmp-04-1x2-pde\/","title":{"rendered":"Syst\u00e8me de collage \u00e0 chaud Baumer HHS avec commande C 1100-8 et r\u00e9servoir de colle chaude HHS HMP-04-1&#215;2-PDE"},"content":{"rendered":"<p>Syst\u00e8me de collage \u00e0 la colle chaude compos\u00e9 de :<\/p>\n<ul>\n<li>Baumer HHS C 1100-8 Appareil de commande<br \/>\npour 8 canaux<\/li>\n<li>Baumer HHS HMP-04-1&#215;2-PDE R\u00e9servoir de colle chaude<br \/>\nR\u00e9servoir de 8 kg avec 2 raccords<\/li>\n<\/ul>\n","protected":false},"excerpt":{"rendered":"<p>Syst\u00e8me de collage \u00e0 la colle chaude compos\u00e9 de : Baumer HHS C 1100-8 Appareil de commande pour 8 canaux Baumer HHS HMP-04-1&#215;2-PDE R\u00e9servoir de colle chaude R\u00e9servoir de 8 kg avec 2 raccords<\/p>\n","protected":false},"featured_media":58402,"template":"","meta":[],"product_brand":[],"product_cat":[2886],"product_tag":[],"class_list":{"0":"post-91092","1":"product","2":"type-product","3":"status-publish","4":"has-post-thumbnail","6":"product_cat-accessoires-pour-plieuses","7":"pa_hersteller-baumer-hhs","8":"pa_typ-c-1100-8","9":"pa_typ-hmp-04-1x2-pde","11":"first","12":"instock","13":"taxable","14":"shipping-taxable","15":"purchasable","16":"product-type-simple"},"jetpack_sharing_enabled":true,"_links":{"self":[{"href":"https:\/\/www.3p-gmbh.de\/fr\/wp-json\/wp\/v2\/product\/91092","targetHints":{"allow":["GET"]}}],"collection":[{"href":"https:\/\/www.3p-gmbh.de\/fr\/wp-json\/wp\/v2\/product"}],"about":[{"href":"https:\/\/www.3p-gmbh.de\/fr\/wp-json\/wp\/v2\/types\/product"}],"wp:featuredmedia":[{"embeddable":true,"href":"https:\/\/www.3p-gmbh.de\/fr\/wp-json\/wp\/v2\/media\/58402"}],"wp:attachment":[{"href":"https:\/\/www.3p-gmbh.de\/fr\/wp-json\/wp\/v2\/media?parent=91092"}],"wp:term":[{"taxonomy":"product_brand","embeddable":true,"href":"https:\/\/www.3p-gmbh.de\/fr\/wp-json\/wp\/v2\/product_brand?post=91092"},{"taxonomy":"product_cat","embeddable":true,"href":"https:\/\/www.3p-gmbh.de\/fr\/wp-json\/wp\/v2\/product_cat?post=91092"},{"taxonomy":"product_tag","embeddable":true,"href":"https:\/\/www.3p-gmbh.de\/fr\/wp-json\/wp\/v2\/product_tag?post=91092"}],"curies":[{"name":"wp","href":"https:\/\/api.w.org\/{rel}","templated":true}]}}