{"id":91081,"date":"2019-11-21T09:45:55","date_gmt":"2019-11-21T09:45:55","guid":{"rendered":"https:\/\/www.3p-gmbh.de\/produkt\/pamatec-oem-heidelberg-pt-220-decoupeuse-de-ponts-en-ligne-entierement-automatique\/"},"modified":"2019-11-21T09:45:55","modified_gmt":"2019-11-21T09:45:55","slug":"pamatec-oem-heidelberg-pt-220-decoupeuse-de-dos-en-ligne-entierement-automatique","status":"publish","type":"product","link":"https:\/\/www.3p-gmbh.de\/fr\/produkt\/pamatec-oem-heidelberg-pt-220-decoupeuse-de-dos-en-ligne-entierement-automatique\/","title":{"rendered":"PamaTec OEM Heidelberg PT-220 D\u00e9coupeuse de ponts en ligne enti\u00e8rement automatique"},"content":{"rendered":"<p>poin\u00e7onneuse \u00e0 pont en ligne enti\u00e8rement automatique PamaTec OEM Heidelberg PT-220<br \/>\nconfigur\u00e9 pour la coupe longitudinale, la coupe de feuillards, les outils de ligne et la coupe transversale<\/p>\n<p>Perfore les rames pli\u00e9es et les feuilles individuelles derri\u00e8re la plieuse ou l&rsquo;encarteuse-piqueuse.<br \/>\nEn fonction de la longueur et de l&rsquo;\u00e9paisseur du produit, la cadence maximale est de 7.500 exemplaires par heure.<br \/>\nLe format de d\u00e9coupe maximal est con\u00e7u pour 600 x 220 millim\u00e8tres.<\/p>\n<p>De nombreuses possibilit\u00e9s de finition peuvent \u00eatre mises en \u0153uvre : Perforation \u00e0 l&rsquo;arrach\u00e9 ou dans les coins, perforation wire-o et perforation de classement.<br \/>\nDes coupes de s\u00e9paration, de rep\u00e9rage et des coupes sur trois c\u00f4t\u00e9s sont possibles, tout comme des coupes de feuillard pour des d\u00e9coupes de formes individuelles,<br \/>\nles outils n\u00e9cessaires \u00e0 cet effet ne sont pas inclus dans la livraison ! !<\/p>\n<p>Les \u00e9paisseurs de produits pouvant \u00eatre trait\u00e9es sont de quatre millim\u00e8tres pour la d\u00e9coupe,<br \/>\npour la perforation \u00e0 trois millim\u00e8tres et pour la coupe de feuillards \u00e0 deux millim\u00e8tres.<\/p>\n<p>La prise en charge des feuilles s&rsquo;effectue directement \u00e0 partir de la plieuse ou de l&rsquo;encarteuse-piqueuse avec un dispositif d&rsquo;alimentation en bandes r\u00e9glable en hauteur.<br \/>\nUn syst\u00e8me d&rsquo;alignement pneumatique assure le positionnement pr\u00e9cis des feuilles dans la d\u00e9coupeuse<br \/>\net donc pour une grande pr\u00e9cision de poin\u00e7onnage.<\/p>\n<p>Largeur d&rsquo;entr\u00e9e 70 cm<br \/>\nLargeur de travail 60 cm<\/p>\n<p>\u00c9quipement<br \/>\nTransport par bande pour 2 poses avec 4 bandes transporteuses de 15 mm de large,<br \/>\n1 logement pour la coupe longitudinale,<br \/>\nOutil de d\u00e9coupe (largeur de 6 mm, 8-10-12-15 mm sont \u00e9galement disponibles en option,<br \/>\n2 logements pour les outils de ligne Image de d\u00e9coupe perforation europ\u00e9enne<br \/>\nPrise de vue Coupe de feuillard d&rsquo;acier, pr\u00e9r\u00e9glage,<br \/>\nSortie de transfert,<br \/>\nGraissage centralis\u00e9,<br \/>\nInterface TF.<\/p>\n<p>Explication des types de coupe :<br \/>\nD\u00e9coupe de feuillards : toute d\u00e9coupe de forme jusqu&rsquo;\u00e0 2 mm d&rsquo;\u00e9paisseur<br \/>\nCoupe longitudinale : rognage de t\u00eate et de pied, coupe de s\u00e9paration, coupe de bandes<br \/>\nCoupe transversale : travaux de coupe perpendiculaires au sens du papier, p. ex. rognage frontal<br \/>\nPerforation lin\u00e9aire : par ex. perforation de coin, wire-o ou perforation de classement<\/p>\n<p>Graissage centralis\u00e9 pour alimenter tous les points d&rsquo;appui en graisse pour l&rsquo;entra\u00eenement.<br \/>\nCelle-ci devrait \u00eatre actionn\u00e9e au moins une fois par jour.<br \/>\nLe distributeur progressif assure un graissage uniforme.<\/p>\n","protected":false},"excerpt":{"rendered":"<p>poin\u00e7onneuse \u00e0 pont en ligne enti\u00e8rement automatique PamaTec OEM Heidelberg PT-220 configur\u00e9 pour la coupe longitudinale, la coupe de feuillards, les outils de ligne et la coupe transversale Perfore les rames pli\u00e9es et les feuilles individuelles derri\u00e8re la plieuse ou l&rsquo;encarteuse-piqueuse. En fonction de la longueur et de l&rsquo;\u00e9paisseur du produit, la cadence maximale est [&hellip;]<\/p>\n","protected":false},"featured_media":58469,"template":"","meta":[],"product_brand":[],"product_cat":[2904],"product_tag":[],"class_list":{"0":"post-91081","1":"product","2":"type-product","3":"status-publish","4":"has-post-thumbnail","6":"product_cat-poinconnage","7":"pa_hersteller-pamatec-oem-heidelberg","8":"pa_typ-pt-220","10":"first","11":"instock","12":"taxable","13":"shipping-taxable","14":"purchasable","15":"product-type-simple"},"jetpack_sharing_enabled":true,"_links":{"self":[{"href":"https:\/\/www.3p-gmbh.de\/fr\/wp-json\/wp\/v2\/product\/91081","targetHints":{"allow":["GET"]}}],"collection":[{"href":"https:\/\/www.3p-gmbh.de\/fr\/wp-json\/wp\/v2\/product"}],"about":[{"href":"https:\/\/www.3p-gmbh.de\/fr\/wp-json\/wp\/v2\/types\/product"}],"wp:featuredmedia":[{"embeddable":true,"href":"https:\/\/www.3p-gmbh.de\/fr\/wp-json\/wp\/v2\/media\/58469"}],"wp:attachment":[{"href":"https:\/\/www.3p-gmbh.de\/fr\/wp-json\/wp\/v2\/media?parent=91081"}],"wp:term":[{"taxonomy":"product_brand","embeddable":true,"href":"https:\/\/www.3p-gmbh.de\/fr\/wp-json\/wp\/v2\/product_brand?post=91081"},{"taxonomy":"product_cat","embeddable":true,"href":"https:\/\/www.3p-gmbh.de\/fr\/wp-json\/wp\/v2\/product_cat?post=91081"},{"taxonomy":"product_tag","embeddable":true,"href":"https:\/\/www.3p-gmbh.de\/fr\/wp-json\/wp\/v2\/product_tag?post=91081"}],"curies":[{"name":"wp","href":"https:\/\/api.w.org\/{rel}","templated":true}]}}