{"id":91080,"date":"2019-11-18T15:19:11","date_gmt":"2019-11-18T15:19:11","guid":{"rendered":"https:\/\/www.3p-gmbh.de\/produkt\/mbo-z2-plieuse-croisee-mobile-pivotant-a-180-avec-commande-par-navigateur\/"},"modified":"2019-11-18T15:19:11","modified_gmt":"2019-11-18T15:19:11","slug":"mbo-z2-carreau-mobile-avec-controle-navigateur","status":"publish","type":"product","link":"https:\/\/www.3p-gmbh.de\/fr\/produkt\/mbo-z2-carreau-mobile-avec-controle-navigateur\/","title":{"rendered":"MBO Z2 Plieuse crois\u00e9e mobile, pivotant \u00e0 180\u00b0, avec commande par navigateur"},"content":{"rendered":"<p>La plieuse \u00e0 couteau mobile Z 2 peut pivoter de 180 \u00b0 et permet de plier aussi bien par le haut que par le bas. Il peut \u00eatre utilis\u00e9 \u00e0 diverses fins :<\/p>\n<ul>\n<li>sur les plieuses combin\u00e9es et les plieuses \u00e0 poches en tant que plieuse IV pour 32 pages, pour la fabrication de quatre plis anglais, allemands et internationaux ainsi que pour les types de plis sp\u00e9ciaux.<\/li>\n<li>sur les plieuses \u00e0 poches en tant que groupe de pliage III &#8211; dans ce cas, le produit pli\u00e9 peut \u00eatre ramen\u00e9 au pupitre de commande central.<\/li>\n<li>pour les plis parall\u00e8les au dos selon la 1. et 2. rupture en croix sur les plieuses combin\u00e9es, en combinaison avec la table d&rsquo;alimentation d&rsquo;angle<\/li>\n<li>\u00e0 la suite d&rsquo;encarteuses-piqueuses pour le petit pliage de brochures \u00e0 angle droit et, en liaison avec la table d&rsquo;alimentation d&rsquo;angle, parall\u00e8lement au dos.<\/li>\n<li>comme plieuse \u00e0 couches pour le petit pliage des produits \u00e0 angle droit ou parall\u00e8lement au dos, en combinaison avec un margeur \u00e0 tambour, une table de transport d&rsquo;angle ainsi qu&rsquo;une sortie.<\/li>\n<li>pour un pliage de fen\u00eatre tr\u00e8s ferm\u00e9 sur les plieuses \u00e0 poches apr\u00e8s le groupe de pliage II, sur les plieuses combin\u00e9es en combinaison avec la table de transport d&rsquo;angle.<\/li>\n<\/ul>\n","protected":false},"excerpt":{"rendered":"<p>La plieuse \u00e0 couteau mobile Z 2 peut pivoter de 180 \u00b0 et permet de plier aussi bien par le haut que par le bas. Il peut \u00eatre utilis\u00e9 \u00e0 diverses fins : sur les plieuses combin\u00e9es et les plieuses \u00e0 poches en tant que plieuse IV pour 32 pages, pour la fabrication de quatre [&hellip;]<\/p>\n","protected":false},"featured_media":59190,"template":"","meta":[],"product_brand":[],"product_cat":[2924],"product_tag":[],"class_list":{"0":"post-91080","1":"product","2":"type-product","3":"status-publish","4":"has-post-thumbnail","6":"product_cat-plieuses","7":"pa_hersteller-mbo-oppenweiler","8":"pa_typ-mbo-z2","10":"first","11":"instock","12":"taxable","13":"shipping-taxable","14":"purchasable","15":"product-type-simple"},"jetpack_sharing_enabled":true,"_links":{"self":[{"href":"https:\/\/www.3p-gmbh.de\/fr\/wp-json\/wp\/v2\/product\/91080","targetHints":{"allow":["GET"]}}],"collection":[{"href":"https:\/\/www.3p-gmbh.de\/fr\/wp-json\/wp\/v2\/product"}],"about":[{"href":"https:\/\/www.3p-gmbh.de\/fr\/wp-json\/wp\/v2\/types\/product"}],"wp:featuredmedia":[{"embeddable":true,"href":"https:\/\/www.3p-gmbh.de\/fr\/wp-json\/wp\/v2\/media\/59190"}],"wp:attachment":[{"href":"https:\/\/www.3p-gmbh.de\/fr\/wp-json\/wp\/v2\/media?parent=91080"}],"wp:term":[{"taxonomy":"product_brand","embeddable":true,"href":"https:\/\/www.3p-gmbh.de\/fr\/wp-json\/wp\/v2\/product_brand?post=91080"},{"taxonomy":"product_cat","embeddable":true,"href":"https:\/\/www.3p-gmbh.de\/fr\/wp-json\/wp\/v2\/product_cat?post=91080"},{"taxonomy":"product_tag","embeddable":true,"href":"https:\/\/www.3p-gmbh.de\/fr\/wp-json\/wp\/v2\/product_tag?post=91080"}],"curies":[{"name":"wp","href":"https:\/\/api.w.org\/{rel}","templated":true}]}}