{"id":91067,"date":"2019-11-19T09:38:51","date_gmt":"2019-11-19T09:38:51","guid":{"rendered":"https:\/\/www.3p-gmbh.de\/produkt\/schneider-senator-coupeuse-115-mc\/"},"modified":"2019-11-19T09:38:51","modified_gmt":"2019-11-19T09:38:51","slug":"schneider-senator-coupeuse-115-mc","status":"publish","type":"product","link":"https:\/\/www.3p-gmbh.de\/fr\/produkt\/schneider-senator-coupeuse-115-mc\/","title":{"rendered":"Schneider SENATOR Coupeuse 115 MC"},"content":{"rendered":"<ul>\n<li>Largeur de coupe 115cm<\/li>\n<li>MC Control avec moniteur<\/li>\n<li>Table \u00e0 air avec tables lat\u00e9rales \u00e0 air<\/li>\n<li>2 couteaux<\/li>\n<\/ul>\n","protected":false},"excerpt":{"rendered":"<p>Largeur de coupe 115cm MC Control avec moniteur Table \u00e0 air avec tables lat\u00e9rales \u00e0 air 2 couteaux<\/p>\n","protected":false},"featured_media":58459,"template":"","meta":[],"product_brand":[],"product_cat":[3016],"product_tag":[],"class_list":{"0":"post-91067","1":"product","2":"type-product","3":"status-publish","4":"has-post-thumbnail","6":"product_cat-machines-de-decoupe","7":"pa_hersteller-schneider-senator","8":"pa_typ-115-mc","10":"first","11":"instock","12":"taxable","13":"shipping-taxable","14":"purchasable","15":"product-type-simple"},"jetpack_sharing_enabled":true,"_links":{"self":[{"href":"https:\/\/www.3p-gmbh.de\/fr\/wp-json\/wp\/v2\/product\/91067","targetHints":{"allow":["GET"]}}],"collection":[{"href":"https:\/\/www.3p-gmbh.de\/fr\/wp-json\/wp\/v2\/product"}],"about":[{"href":"https:\/\/www.3p-gmbh.de\/fr\/wp-json\/wp\/v2\/types\/product"}],"wp:featuredmedia":[{"embeddable":true,"href":"https:\/\/www.3p-gmbh.de\/fr\/wp-json\/wp\/v2\/media\/58459"}],"wp:attachment":[{"href":"https:\/\/www.3p-gmbh.de\/fr\/wp-json\/wp\/v2\/media?parent=91067"}],"wp:term":[{"taxonomy":"product_brand","embeddable":true,"href":"https:\/\/www.3p-gmbh.de\/fr\/wp-json\/wp\/v2\/product_brand?post=91067"},{"taxonomy":"product_cat","embeddable":true,"href":"https:\/\/www.3p-gmbh.de\/fr\/wp-json\/wp\/v2\/product_cat?post=91067"},{"taxonomy":"product_tag","embeddable":true,"href":"https:\/\/www.3p-gmbh.de\/fr\/wp-json\/wp\/v2\/product_tag?post=91067"}],"curies":[{"name":"wp","href":"https:\/\/api.w.org\/{rel}","templated":true}]}}