{"id":91064,"date":"2019-11-18T15:26:35","date_gmt":"2019-11-18T15:26:35","guid":{"rendered":"https:\/\/www.3p-gmbh.de\/produkt\/perfecta-132-tvc-coupeuse-avec-elevateur\/"},"modified":"2019-11-18T15:26:35","modified_gmt":"2019-11-18T15:26:35","slug":"perfecta-132-tvc-coupeuse-avec-lift","status":"publish","type":"product","link":"https:\/\/www.3p-gmbh.de\/fr\/produkt\/perfecta-132-tvc-coupeuse-avec-lift\/","title":{"rendered":"Perfecta 132 TVC Coupeuse avec \u00e9l\u00e9vateur"},"content":{"rendered":"<ul>\n<li>Machine de d\u00e9coupe 132 TVC avec \u00e9l\u00e9vateur SHR 12 P (c\u00f4t\u00e9 droit)<\/li>\n<li>Largeur de travail 132 cm<\/li>\n<li>programmation avec \u00e9cran tactile couleur<\/li>\n<li>table \u00e0 air chrom\u00e9e et table lat\u00e9rale avec a\u00e9ration \u00e0 gauche<\/li>\n<li>2 couteaux<br \/>\nProgramme avec \u00e9cran tactile couleur<br \/>\nAirtable chrom\u00e9 et sideairtable sur le c\u00f4t\u00e9 gauche<br \/>\n2 couteaux<\/li>\n<li>El\u00e9vateur de palettes, r\u00e9glage pr\u00e9cis de la hauteur par cellule photo\u00e9lectrique<\/li>\n<\/ul>\n<p><iframe loading=\"lazy\" title=\"Perfecta 132 TVC age 2003\" width=\"980\" height=\"551\" src=\"https:\/\/www.youtube.com\/embed\/cEQFUaqUOxs?feature=oembed\" frameborder=\"0\" allow=\"accelerometer; autoplay; clipboard-write; encrypted-media; gyroscope; picture-in-picture; web-share\" allowfullscreen><\/iframe><\/p>\n","protected":false},"excerpt":{"rendered":"<p>Machine de d\u00e9coupe 132 TVC avec \u00e9l\u00e9vateur SHR 12 P (c\u00f4t\u00e9 droit) Largeur de travail 132 cm programmation avec \u00e9cran tactile couleur table \u00e0 air chrom\u00e9e et table lat\u00e9rale avec a\u00e9ration \u00e0 gauche 2 couteaux Programme avec \u00e9cran tactile couleur Airtable chrom\u00e9 et sideairtable sur le c\u00f4t\u00e9 gauche 2 couteaux El\u00e9vateur de palettes, r\u00e9glage pr\u00e9cis [&hellip;]<\/p>\n","protected":false},"featured_media":58446,"template":"","meta":[],"product_brand":[],"product_cat":[3016],"product_tag":[],"class_list":{"0":"post-91064","1":"product","2":"type-product","3":"status-publish","4":"has-post-thumbnail","6":"product_cat-machines-de-decoupe","7":"pa_bezeichnung_typ-perfecta-132","8":"pa_hersteller-perfecta","10":"first","11":"instock","12":"taxable","13":"shipping-taxable","14":"purchasable","15":"product-type-simple"},"jetpack_sharing_enabled":true,"_links":{"self":[{"href":"https:\/\/www.3p-gmbh.de\/fr\/wp-json\/wp\/v2\/product\/91064","targetHints":{"allow":["GET"]}}],"collection":[{"href":"https:\/\/www.3p-gmbh.de\/fr\/wp-json\/wp\/v2\/product"}],"about":[{"href":"https:\/\/www.3p-gmbh.de\/fr\/wp-json\/wp\/v2\/types\/product"}],"wp:featuredmedia":[{"embeddable":true,"href":"https:\/\/www.3p-gmbh.de\/fr\/wp-json\/wp\/v2\/media\/58446"}],"wp:attachment":[{"href":"https:\/\/www.3p-gmbh.de\/fr\/wp-json\/wp\/v2\/media?parent=91064"}],"wp:term":[{"taxonomy":"product_brand","embeddable":true,"href":"https:\/\/www.3p-gmbh.de\/fr\/wp-json\/wp\/v2\/product_brand?post=91064"},{"taxonomy":"product_cat","embeddable":true,"href":"https:\/\/www.3p-gmbh.de\/fr\/wp-json\/wp\/v2\/product_cat?post=91064"},{"taxonomy":"product_tag","embeddable":true,"href":"https:\/\/www.3p-gmbh.de\/fr\/wp-json\/wp\/v2\/product_tag?post=91064"}],"curies":[{"name":"wp","href":"https:\/\/api.w.org\/{rel}","templated":true}]}}