{"id":91060,"date":"2019-11-21T13:37:23","date_gmt":"2019-11-21T13:37:23","guid":{"rendered":"https:\/\/www.3p-gmbh.de\/produkt\/installation-pour-la-fabrication-doutils-de-decoupage-de-feuillards-dacier-et-construction-dechantillons\/"},"modified":"2019-11-21T13:37:23","modified_gmt":"2019-11-21T13:37:23","slug":"equipement-pour-la-fabrication-de-la-coupe-de-ruban-dacier-et-de-la-construction-dechantillons","status":"publish","type":"product","link":"https:\/\/www.3p-gmbh.de\/fr\/produkt\/equipement-pour-la-fabrication-de-la-coupe-de-ruban-dacier-et-de-la-construction-dechantillons\/","title":{"rendered":"Installation pour la fabrication d&rsquo;outils de d\u00e9coupage de feuillards d&rsquo;acier et construction d&rsquo;\u00e9chantillons"},"content":{"rendered":"<p>compos\u00e9 de<\/p>\n<p>Outils de pliage<br \/>\nPlaque d&rsquo;alignement<br \/>\nScie \u00e0 d\u00e9couper<br \/>\nEbauche de moule<br \/>\nFraiseuse \u00e0 tracer Lasecomb HSB 1613<br \/>\nFraiseuse \u00e0 mousse<\/p>\n<p>vente compl\u00e8te, la livraison comprend tout ce qui est visible sur les photos<\/p>\n","protected":false},"excerpt":{"rendered":"<p>compos\u00e9 de Outils de pliage Plaque d&rsquo;alignement Scie \u00e0 d\u00e9couper Ebauche de moule Fraiseuse \u00e0 tracer Lasecomb HSB 1613 Fraiseuse \u00e0 mousse vente compl\u00e8te, la livraison comprend tout ce qui est visible sur les photos<\/p>\n","protected":false},"featured_media":58483,"template":"","meta":[],"product_brand":[],"product_cat":[2866],"product_tag":[],"class_list":{"0":"post-91060","1":"product","2":"type-product","3":"status-publish","4":"has-post-thumbnail","6":"product_cat-autre-traitement-ulterieur","8":"first","9":"instock","10":"taxable","11":"shipping-taxable","12":"purchasable","13":"product-type-simple"},"jetpack_sharing_enabled":true,"_links":{"self":[{"href":"https:\/\/www.3p-gmbh.de\/fr\/wp-json\/wp\/v2\/product\/91060","targetHints":{"allow":["GET"]}}],"collection":[{"href":"https:\/\/www.3p-gmbh.de\/fr\/wp-json\/wp\/v2\/product"}],"about":[{"href":"https:\/\/www.3p-gmbh.de\/fr\/wp-json\/wp\/v2\/types\/product"}],"wp:featuredmedia":[{"embeddable":true,"href":"https:\/\/www.3p-gmbh.de\/fr\/wp-json\/wp\/v2\/media\/58483"}],"wp:attachment":[{"href":"https:\/\/www.3p-gmbh.de\/fr\/wp-json\/wp\/v2\/media?parent=91060"}],"wp:term":[{"taxonomy":"product_brand","embeddable":true,"href":"https:\/\/www.3p-gmbh.de\/fr\/wp-json\/wp\/v2\/product_brand?post=91060"},{"taxonomy":"product_cat","embeddable":true,"href":"https:\/\/www.3p-gmbh.de\/fr\/wp-json\/wp\/v2\/product_cat?post=91060"},{"taxonomy":"product_tag","embeddable":true,"href":"https:\/\/www.3p-gmbh.de\/fr\/wp-json\/wp\/v2\/product_tag?post=91060"}],"curies":[{"name":"wp","href":"https:\/\/api.w.org\/{rel}","templated":true}]}}