{"id":91052,"date":"2019-11-21T15:46:44","date_gmt":"2019-11-21T15:46:44","guid":{"rendered":"https:\/\/www.3p-gmbh.de\/produkt\/schneider-senator-115-h-model-tc-coupeuse-rapide\/"},"modified":"2019-11-21T15:46:44","modified_gmt":"2019-11-21T15:46:44","slug":"coupeur-senateur-115-h-modele-tc-coupe-rapide","status":"publish","type":"product","link":"https:\/\/www.3p-gmbh.de\/fr\/produkt\/coupeur-senateur-115-h-modele-tc-coupe-rapide\/","title":{"rendered":"SCHNEIDER SENATOR 115 H Model TC Coupeuse rapide"},"content":{"rendered":"<p>avec commande par \u00e9cran tactile couleur TFT,<br \/>\nLecteur de cartes flash<br \/>\nBut\u00e9e arri\u00e8re \u00e0 fr\u00e9quence r\u00e9glable,<br \/>\nVis \u00e0 billes,<br \/>\nBarri\u00e8res immat\u00e9rielles de s\u00e9curit\u00e9 \u00e0 infrarouge<br \/>\nBoulon de s\u00e9curit\u00e9<br \/>\nLit de d\u00e9coupe \u00e0 air en acier inoxydable, table lat\u00e9rale \u00e0 air \u00e0 gauche,<br \/>\nlecteur de coupe optique<\/p>\n","protected":false},"excerpt":{"rendered":"<p>avec commande par \u00e9cran tactile couleur TFT, Lecteur de cartes flash But\u00e9e arri\u00e8re \u00e0 fr\u00e9quence r\u00e9glable, Vis \u00e0 billes, Barri\u00e8res immat\u00e9rielles de s\u00e9curit\u00e9 \u00e0 infrarouge Boulon de s\u00e9curit\u00e9 Lit de d\u00e9coupe \u00e0 air en acier inoxydable, table lat\u00e9rale \u00e0 air \u00e0 gauche, lecteur de coupe optique<\/p>\n","protected":false},"featured_media":58531,"template":"","meta":[],"product_brand":[],"product_cat":[3016],"product_tag":[],"class_list":{"0":"post-91052","1":"product","2":"type-product","3":"status-publish","4":"has-post-thumbnail","6":"product_cat-machines-de-decoupe","7":"pa_hersteller-schneider-senator","8":"pa_typ-115-h-model-tc","10":"first","11":"instock","12":"taxable","13":"shipping-taxable","14":"purchasable","15":"product-type-simple"},"jetpack_sharing_enabled":true,"_links":{"self":[{"href":"https:\/\/www.3p-gmbh.de\/fr\/wp-json\/wp\/v2\/product\/91052","targetHints":{"allow":["GET"]}}],"collection":[{"href":"https:\/\/www.3p-gmbh.de\/fr\/wp-json\/wp\/v2\/product"}],"about":[{"href":"https:\/\/www.3p-gmbh.de\/fr\/wp-json\/wp\/v2\/types\/product"}],"wp:featuredmedia":[{"embeddable":true,"href":"https:\/\/www.3p-gmbh.de\/fr\/wp-json\/wp\/v2\/media\/58531"}],"wp:attachment":[{"href":"https:\/\/www.3p-gmbh.de\/fr\/wp-json\/wp\/v2\/media?parent=91052"}],"wp:term":[{"taxonomy":"product_brand","embeddable":true,"href":"https:\/\/www.3p-gmbh.de\/fr\/wp-json\/wp\/v2\/product_brand?post=91052"},{"taxonomy":"product_cat","embeddable":true,"href":"https:\/\/www.3p-gmbh.de\/fr\/wp-json\/wp\/v2\/product_cat?post=91052"},{"taxonomy":"product_tag","embeddable":true,"href":"https:\/\/www.3p-gmbh.de\/fr\/wp-json\/wp\/v2\/product_tag?post=91052"}],"curies":[{"name":"wp","href":"https:\/\/api.w.org\/{rel}","templated":true}]}}