{"id":91047,"date":"2019-11-22T09:13:47","date_gmt":"2019-11-22T09:13:47","guid":{"rendered":"https:\/\/www.3p-gmbh.de\/produkt\/krause-carton-lourd-machine-a-refouler-et-a-plier-machine-a-rainurer-le-carton\/"},"modified":"2019-11-22T09:13:47","modified_gmt":"2019-11-22T09:13:47","slug":"machine-a-rainurer-les-cartons-frises-lourds-refoules-et-plies","status":"publish","type":"product","link":"https:\/\/www.3p-gmbh.de\/fr\/produkt\/machine-a-rainurer-les-cartons-frises-lourds-refoules-et-plies\/","title":{"rendered":"Krause carton lourd machine \u00e0 refouler et \u00e0 plier machine \u00e0 rainurer le carton"},"content":{"rendered":"<p>convient pour le rainurage de cartons jusqu&rsquo;\u00e0 900 grammes\/m2 ainsi que de cartons mixtes<br \/>\nlargeur de travail env.60cm<br \/>\navec m\u00e2choires de pliage r\u00e9glables<br \/>\navec contre-pression rotative en 4 \u00e9paisseurs<br \/>\ndiff\u00e9rentes but\u00e9es<\/p>\n","protected":false},"excerpt":{"rendered":"<p>convient pour le rainurage de cartons jusqu&rsquo;\u00e0 900 grammes\/m2 ainsi que de cartons mixtes largeur de travail env.60cm avec m\u00e2choires de pliage r\u00e9glables avec contre-pression rotative en 4 \u00e9paisseurs diff\u00e9rentes but\u00e9es<\/p>\n","protected":false},"featured_media":58543,"template":"","meta":[],"product_brand":[],"product_cat":[2961],"product_tag":[],"class_list":{"0":"post-91047","1":"product","2":"type-product","3":"status-publish","4":"has-post-thumbnail","6":"product_cat-machines-a-rainurer-et-a-perforer","7":"pa_hersteller-krause","9":"first","10":"instock","11":"taxable","12":"shipping-taxable","13":"purchasable","14":"product-type-simple"},"jetpack_sharing_enabled":true,"_links":{"self":[{"href":"https:\/\/www.3p-gmbh.de\/fr\/wp-json\/wp\/v2\/product\/91047","targetHints":{"allow":["GET"]}}],"collection":[{"href":"https:\/\/www.3p-gmbh.de\/fr\/wp-json\/wp\/v2\/product"}],"about":[{"href":"https:\/\/www.3p-gmbh.de\/fr\/wp-json\/wp\/v2\/types\/product"}],"wp:featuredmedia":[{"embeddable":true,"href":"https:\/\/www.3p-gmbh.de\/fr\/wp-json\/wp\/v2\/media\/58543"}],"wp:attachment":[{"href":"https:\/\/www.3p-gmbh.de\/fr\/wp-json\/wp\/v2\/media?parent=91047"}],"wp:term":[{"taxonomy":"product_brand","embeddable":true,"href":"https:\/\/www.3p-gmbh.de\/fr\/wp-json\/wp\/v2\/product_brand?post=91047"},{"taxonomy":"product_cat","embeddable":true,"href":"https:\/\/www.3p-gmbh.de\/fr\/wp-json\/wp\/v2\/product_cat?post=91047"},{"taxonomy":"product_tag","embeddable":true,"href":"https:\/\/www.3p-gmbh.de\/fr\/wp-json\/wp\/v2\/product_tag?post=91047"}],"curies":[{"name":"wp","href":"https:\/\/api.w.org\/{rel}","templated":true}]}}