{"id":91041,"date":"2019-11-22T09:37:13","date_gmt":"2019-11-22T09:37:13","guid":{"rendered":"https:\/\/www.3p-gmbh.de\/produkt\/presse-basse-pression-a-plier-fnp-de-klein-soehne-fuld\/"},"modified":"2019-11-22T09:37:13","modified_gmt":"2019-11-22T09:37:13","slug":"presse-basse-pression-a-plier-fnp-von-klein-soehne-fuld","status":"publish","type":"product","link":"https:\/\/www.3p-gmbh.de\/fr\/produkt\/presse-basse-pression-a-plier-fnp-von-klein-soehne-fuld\/","title":{"rendered":"Presse basse pression \u00e0 plier FNP de Klein &amp; S\u00f6hne Fuld"},"content":{"rendered":"<p>presse hydraulique lourde \u00e0 basse pression pour le pliage (ancienne mais sans possibilit\u00e9 de couper)<br \/>\nnettoy\u00e9 et r\u00e9vis\u00e9 en atelier \u00e0 la livraison<\/p>\n<p>&nbsp;<\/p>\n","protected":false},"excerpt":{"rendered":"<p>presse hydraulique lourde \u00e0 basse pression pour le pliage (ancienne mais sans possibilit\u00e9 de couper) nettoy\u00e9 et r\u00e9vis\u00e9 en atelier \u00e0 la livraison &nbsp;<\/p>\n","protected":false},"featured_media":58548,"template":"","meta":[],"product_brand":[],"product_cat":[2890],"product_tag":[],"class_list":{"0":"post-91041","1":"product","2":"type-product","3":"status-publish","4":"has-post-thumbnail","6":"product_cat-reliure-dassortiment","7":"pa_hersteller-klein-soehne-fuld","8":"pa_typ-fnp","10":"first","11":"instock","12":"taxable","13":"shipping-taxable","14":"purchasable","15":"product-type-simple"},"jetpack_sharing_enabled":true,"_links":{"self":[{"href":"https:\/\/www.3p-gmbh.de\/fr\/wp-json\/wp\/v2\/product\/91041","targetHints":{"allow":["GET"]}}],"collection":[{"href":"https:\/\/www.3p-gmbh.de\/fr\/wp-json\/wp\/v2\/product"}],"about":[{"href":"https:\/\/www.3p-gmbh.de\/fr\/wp-json\/wp\/v2\/types\/product"}],"wp:featuredmedia":[{"embeddable":true,"href":"https:\/\/www.3p-gmbh.de\/fr\/wp-json\/wp\/v2\/media\/58548"}],"wp:attachment":[{"href":"https:\/\/www.3p-gmbh.de\/fr\/wp-json\/wp\/v2\/media?parent=91041"}],"wp:term":[{"taxonomy":"product_brand","embeddable":true,"href":"https:\/\/www.3p-gmbh.de\/fr\/wp-json\/wp\/v2\/product_brand?post=91041"},{"taxonomy":"product_cat","embeddable":true,"href":"https:\/\/www.3p-gmbh.de\/fr\/wp-json\/wp\/v2\/product_cat?post=91041"},{"taxonomy":"product_tag","embeddable":true,"href":"https:\/\/www.3p-gmbh.de\/fr\/wp-json\/wp\/v2\/product_tag?post=91041"}],"curies":[{"name":"wp","href":"https:\/\/api.w.org\/{rel}","templated":true}]}}