{"id":91022,"date":"2019-11-25T14:26:14","date_gmt":"2019-11-25T14:26:14","guid":{"rendered":"https:\/\/www.3p-gmbh.de\/produkt\/spectrometre-a-balayage-rs-800-avec-logiciel-techkon-expresso-pro\/"},"modified":"2019-11-25T14:26:14","modified_gmt":"2019-11-25T14:26:14","slug":"scan-spectrometer-rs-800-avec-techkon-expresso-pro-logiciel","status":"publish","type":"product","link":"https:\/\/www.3p-gmbh.de\/fr\/produkt\/scan-spectrometer-rs-800-avec-techkon-expresso-pro-logiciel\/","title":{"rendered":"Spectrom\u00e8tre \u00e0 balayage RS 800 avec logiciel Techkon ExPresso Pro"},"content":{"rendered":"<p>Le spectrom\u00e8tre \u00e0 balayage compact RS 800 r\u00e9volutionne la mesure automatique des densit\u00e9s et des augmentations de tonalit\u00e9 sur n&rsquo;importe quelle bande de contr\u00f4le d&rsquo;impression, cale \u00e0 gradins et mires de test.<br \/>\nL&rsquo;utilisation est un jeu d&rsquo;enfant : l&rsquo;appareil de mesure aux formes \u00e9l\u00e9gantes tient bien dans la main.<br \/>\nIl passe rapidement sur la bande de contr\u00f4le d&rsquo;impression. Les diff\u00e9rents champs de mesure et leur position sur la bande de contr\u00f4le sont automatiquement reconnus. Des galets de guidage dans le fond de l&rsquo;appareil assurent un d\u00e9placement en ligne droite en toute s\u00e9curit\u00e9. Sur les feuilles imprim\u00e9es de grand format, l&rsquo;appareil de mesure se d\u00e9place le long d&rsquo;un rail de guidage.<\/p>\n<p>Le spectrom\u00e8tre \u00e0 balayage RS 800, qui fonctionne sur une base spectrale, montre ses points forts notamment dans la mesure des couleurs sp\u00e9ciales. L&rsquo;appareil peut \u00e9galement \u00eatre utilis\u00e9 comme un appareil de mesure manuel traditionnel : Il suffit de le positionner sur le champ de couleur, d&rsquo;appuyer sur le bouton de mesure &#8211; c&rsquo;est tout ! La mesure des plaques d&rsquo;impression est tout aussi facile.<br \/>\nLe progiciel TECHKON ExPresso Pro est con\u00e7u pour l&rsquo;impression en couleurs sp\u00e9ciales avec jusqu&rsquo;\u00e0 huit couleurs et peut donc \u00eatre utilis\u00e9 en combinaison avec le spectrom\u00e8tre \u00e0 balayage RS 800.<br \/>\nL&rsquo;actionneur lin\u00e9aire motoris\u00e9 LT offre un confort \u00e9largi.<br \/>\nL&rsquo;utilisateur est d\u00e9charg\u00e9 du d\u00e9placement manuel de l&rsquo;instrument de mesure.<\/p>\n<p>G\u00e9om\u00e9trie de mesure : optique 0\/45\u00b0 \/ DIN 5033<br \/>\nDiaphragme de mesure : 3 x 1,5 mm<br \/>\nLumi\u00e8re de mesure : lampe \u00e0 incandescence remplie de gaz, type de lumi\u00e8re A<br \/>\nFiltre de polarisation : double croisement lin\u00e9aire<br \/>\nVitesse de num\u00e9risation max. 150 mm\/s<br \/>\nplus petite largeur de champ de mesure : 3 mm<br \/>\nNorme d&rsquo;\u00e9tanch\u00e9it\u00e9 : DIN 16536<br \/>\nPlage de mesure : 0,00 D &#8211; 2,50 D<br \/>\nReproductibilit\u00e9 : +- 0,001 D<br \/>\nAlimentation \u00e9lectrique Bloc d&rsquo;alimentation : 110 &#8211; 240 V, 47 &#8211; 63 Hz,<br \/>\nInterface : s\u00e9rie RS 232, 115 kBaud<\/p>\n<p>Inclus dans l&rsquo;offre :<br \/>\nLT 102 cm<br \/>\nLogiciel Techkon ExPresso Pro avec dongle<\/p>\n","protected":false},"excerpt":{"rendered":"<p>Le spectrom\u00e8tre \u00e0 balayage compact RS 800 r\u00e9volutionne la mesure automatique des densit\u00e9s et des augmentations de tonalit\u00e9 sur n&rsquo;importe quelle bande de contr\u00f4le d&rsquo;impression, cale \u00e0 gradins et mires de test. L&rsquo;utilisation est un jeu d&rsquo;enfant : l&rsquo;appareil de mesure aux formes \u00e9l\u00e9gantes tient bien dans la main. Il passe rapidement sur la bande [&hellip;]<\/p>\n","protected":false},"featured_media":58588,"template":"","meta":[],"product_brand":[],"product_cat":[2930],"product_tag":[],"class_list":{"0":"post-91022","1":"product","2":"type-product","3":"status-publish","4":"has-post-thumbnail","6":"product_cat-instruments-de-mesure-et-assurance-qualite","7":"pa_hersteller-techkon","8":"pa_typ-rs-800","10":"first","11":"instock","12":"taxable","13":"shipping-taxable","14":"purchasable","15":"product-type-simple"},"jetpack_sharing_enabled":true,"_links":{"self":[{"href":"https:\/\/www.3p-gmbh.de\/fr\/wp-json\/wp\/v2\/product\/91022","targetHints":{"allow":["GET"]}}],"collection":[{"href":"https:\/\/www.3p-gmbh.de\/fr\/wp-json\/wp\/v2\/product"}],"about":[{"href":"https:\/\/www.3p-gmbh.de\/fr\/wp-json\/wp\/v2\/types\/product"}],"wp:featuredmedia":[{"embeddable":true,"href":"https:\/\/www.3p-gmbh.de\/fr\/wp-json\/wp\/v2\/media\/58588"}],"wp:attachment":[{"href":"https:\/\/www.3p-gmbh.de\/fr\/wp-json\/wp\/v2\/media?parent=91022"}],"wp:term":[{"taxonomy":"product_brand","embeddable":true,"href":"https:\/\/www.3p-gmbh.de\/fr\/wp-json\/wp\/v2\/product_brand?post=91022"},{"taxonomy":"product_cat","embeddable":true,"href":"https:\/\/www.3p-gmbh.de\/fr\/wp-json\/wp\/v2\/product_cat?post=91022"},{"taxonomy":"product_tag","embeddable":true,"href":"https:\/\/www.3p-gmbh.de\/fr\/wp-json\/wp\/v2\/product_tag?post=91022"}],"curies":[{"name":"wp","href":"https:\/\/api.w.org\/{rel}","templated":true}]}}