{"id":91009,"date":"2019-11-26T09:46:14","date_gmt":"2019-11-26T09:46:14","guid":{"rendered":"https:\/\/www.3p-gmbh.de\/produkt\/melangeur-de-peinture-busch-fm-12-avec-2-recipients-de-melange\/"},"modified":"2019-11-26T09:46:14","modified_gmt":"2019-11-26T09:46:14","slug":"melangeur-de-couleurs-busch-fm-12","status":"publish","type":"product","link":"https:\/\/www.3p-gmbh.de\/fr\/produkt\/melangeur-de-couleurs-busch-fm-12\/","title":{"rendered":"M\u00e9langeur de peinture Busch FM 12 avec 2 r\u00e9cipients de m\u00e9lange"},"content":{"rendered":"<p><strong>M\u00e9langeur de peinture Busch FM 12 avec 2 r\u00e9cipients de m\u00e9lange<\/strong><br \/>\navec bras m\u00e9langeur relevable pour le m\u00e9lange rapide et intensif des encres d&rsquo;impression.<br \/>\nL&rsquo;effet de m\u00e9lange minutieux est obtenu gr\u00e2ce au bras de m\u00e9lange et \u00e0 la rotation simultan\u00e9e du r\u00e9servoir de peinture.<br \/>\n&#8211; sans bulles ni grumeaux.<\/p>\n<p>capacit\u00e9 de 2 \u00e0 12 kg<\/p>\n","protected":false},"excerpt":{"rendered":"<p>M\u00e9langeur de peinture Busch FM 12 avec 2 r\u00e9cipients de m\u00e9lange avec bras m\u00e9langeur relevable pour le m\u00e9lange rapide et intensif des encres d&rsquo;impression. L&rsquo;effet de m\u00e9lange minutieux est obtenu gr\u00e2ce au bras de m\u00e9lange et \u00e0 la rotation simultan\u00e9e du r\u00e9servoir de peinture. &#8211; sans bulles ni grumeaux. capacit\u00e9 de 2 \u00e0 12 kg<\/p>\n","protected":false},"featured_media":61778,"template":"","meta":[],"product_brand":[],"product_cat":[2902],"product_tag":[],"class_list":{"0":"post-91009","1":"product","2":"type-product","3":"status-publish","4":"has-post-thumbnail","6":"product_cat-accessoires-et-pieces-de-rechange-pour-machines-dimpression","7":"pa_hersteller-buschgraph","8":"pa_typ-fm-12","10":"first","11":"instock","12":"taxable","13":"shipping-taxable","14":"purchasable","15":"product-type-simple"},"jetpack_sharing_enabled":true,"_links":{"self":[{"href":"https:\/\/www.3p-gmbh.de\/fr\/wp-json\/wp\/v2\/product\/91009","targetHints":{"allow":["GET"]}}],"collection":[{"href":"https:\/\/www.3p-gmbh.de\/fr\/wp-json\/wp\/v2\/product"}],"about":[{"href":"https:\/\/www.3p-gmbh.de\/fr\/wp-json\/wp\/v2\/types\/product"}],"wp:featuredmedia":[{"embeddable":true,"href":"https:\/\/www.3p-gmbh.de\/fr\/wp-json\/wp\/v2\/media\/61778"}],"wp:attachment":[{"href":"https:\/\/www.3p-gmbh.de\/fr\/wp-json\/wp\/v2\/media?parent=91009"}],"wp:term":[{"taxonomy":"product_brand","embeddable":true,"href":"https:\/\/www.3p-gmbh.de\/fr\/wp-json\/wp\/v2\/product_brand?post=91009"},{"taxonomy":"product_cat","embeddable":true,"href":"https:\/\/www.3p-gmbh.de\/fr\/wp-json\/wp\/v2\/product_cat?post=91009"},{"taxonomy":"product_tag","embeddable":true,"href":"https:\/\/www.3p-gmbh.de\/fr\/wp-json\/wp\/v2\/product_tag?post=91009"}],"curies":[{"name":"wp","href":"https:\/\/api.w.org\/{rel}","templated":true}]}}