{"id":91008,"date":"2019-11-26T08:46:35","date_gmt":"2019-11-26T08:46:35","guid":{"rendered":"https:\/\/www.3p-gmbh.de\/produkt\/grimm-melangeur-de-couleurs\/"},"modified":"2023-12-21T14:29:07","modified_gmt":"2023-12-21T14:29:07","slug":"melangeur-de-couleurs-grimm","status":"publish","type":"product","link":"https:\/\/www.3p-gmbh.de\/fr\/produkt\/melangeur-de-couleurs-grimm\/","title":{"rendered":"Grimm m\u00e9langeur de couleurs"},"content":{"rendered":"<p><strong>Grimm m\u00e9langeur de couleurs<\/strong><br \/>\n<em><strong>comme Busch FM 12<\/strong><\/em><\/p>\n<p>avec 3 r\u00e9cipients de m\u00e9lange<br \/>\navec deux bras de m\u00e9lange<br \/>\navec bras m\u00e9langeur relevable pour un m\u00e9lange rapide et intensif des encres d&rsquo;impression<br \/>\nL&rsquo;effet de m\u00e9lange minutieux est obtenu gr\u00e2ce au bras de m\u00e9lange et \u00e0 la rotation simultan\u00e9e du r\u00e9servoir de peinture.<br \/>\n&#8211; sans bulles ni grumeaux.<\/p>\n<p>Capacit\u00e9 2 &#8211; jusqu&rsquo;\u00e0. environ 12 kg<br \/>\nCourant de force, puissance absorb\u00e9e 0,37 kW<\/p>\n","protected":false},"excerpt":{"rendered":"<p>Grimm m\u00e9langeur de couleurs comme Busch FM 12 avec 3 r\u00e9cipients de m\u00e9lange avec deux bras de m\u00e9lange avec bras m\u00e9langeur relevable pour un m\u00e9lange rapide et intensif des encres d&rsquo;impression L&rsquo;effet de m\u00e9lange minutieux est obtenu gr\u00e2ce au bras de m\u00e9lange et \u00e0 la rotation simultan\u00e9e du r\u00e9servoir de peinture. &#8211; sans bulles ni [&hellip;]<\/p>\n","protected":false},"featured_media":95265,"template":"","meta":[],"product_brand":[],"product_cat":[2902],"product_tag":[],"class_list":{"0":"post-91008","1":"product","2":"type-product","3":"status-publish","4":"has-post-thumbnail","6":"product_cat-accessoires-et-pieces-de-rechange-pour-machines-dimpression","7":"pa_hersteller-grimm","9":"first","10":"instock","11":"taxable","12":"shipping-taxable","13":"purchasable","14":"product-type-simple"},"jetpack_sharing_enabled":true,"_links":{"self":[{"href":"https:\/\/www.3p-gmbh.de\/fr\/wp-json\/wp\/v2\/product\/91008","targetHints":{"allow":["GET"]}}],"collection":[{"href":"https:\/\/www.3p-gmbh.de\/fr\/wp-json\/wp\/v2\/product"}],"about":[{"href":"https:\/\/www.3p-gmbh.de\/fr\/wp-json\/wp\/v2\/types\/product"}],"wp:featuredmedia":[{"embeddable":true,"href":"https:\/\/www.3p-gmbh.de\/fr\/wp-json\/wp\/v2\/media\/95265"}],"wp:attachment":[{"href":"https:\/\/www.3p-gmbh.de\/fr\/wp-json\/wp\/v2\/media?parent=91008"}],"wp:term":[{"taxonomy":"product_brand","embeddable":true,"href":"https:\/\/www.3p-gmbh.de\/fr\/wp-json\/wp\/v2\/product_brand?post=91008"},{"taxonomy":"product_cat","embeddable":true,"href":"https:\/\/www.3p-gmbh.de\/fr\/wp-json\/wp\/v2\/product_cat?post=91008"},{"taxonomy":"product_tag","embeddable":true,"href":"https:\/\/www.3p-gmbh.de\/fr\/wp-json\/wp\/v2\/product_tag?post=91008"}],"curies":[{"name":"wp","href":"https:\/\/api.w.org\/{rel}","templated":true}]}}