{"id":91005,"date":"2019-11-26T12:08:08","date_gmt":"2019-11-26T12:08:08","guid":{"rendered":"https:\/\/www.3p-gmbh.de\/produkt\/numeroteurs-leibinger-grade-ou-transversaux-pour-heidelberg-gto-46-52-ou-speedmaster-52\/"},"modified":"2019-11-26T12:08:08","modified_gmt":"2019-11-26T12:08:08","slug":"leibinger-numeroteurs-grade-ou-quadrillage-pour-heidelberg-gto-46-heidelberg-52-ou-speedmaster-52","status":"publish","type":"product","link":"https:\/\/www.3p-gmbh.de\/fr\/produkt\/leibinger-numeroteurs-grade-ou-quadrillage-pour-heidelberg-gto-46-heidelberg-52-ou-speedmaster-52\/","title":{"rendered":"Num\u00e9roteurs Leibinger Grade ou transversaux pour Heidelberg GTO 46\/52 ou Speedmaster 52"},"content":{"rendered":"<ul>\n<li>utilis\u00e9, compl\u00e8tement d\u00e9mont\u00e9, nettoy\u00e9 et r\u00e9vis\u00e9<\/li>\n<li>disponible en tant que : comptage en avant, comptage en arri\u00e8re, vertical debout et horizontal debout<\/li>\n<li>7 chiffres<\/li>\n<\/ul>\n","protected":false},"excerpt":{"rendered":"<p>utilis\u00e9, compl\u00e8tement d\u00e9mont\u00e9, nettoy\u00e9 et r\u00e9vis\u00e9 disponible en tant que : comptage en avant, comptage en arri\u00e8re, vertical debout et horizontal debout 7 chiffres<\/p>\n","protected":false},"featured_media":59582,"template":"","meta":[],"product_brand":[],"product_cat":[2881],"product_tag":[],"class_list":{"0":"post-91005","1":"product","2":"type-product","3":"status-publish","4":"has-post-thumbnail","6":"product_cat-impression-de-livres","7":"pa_bezeichnung_typ-buchdruck-numerierwerke","8":"pa_hersteller-leibinger","10":"first","11":"instock","12":"taxable","13":"shipping-taxable","14":"purchasable","15":"product-type-simple"},"jetpack_sharing_enabled":true,"_links":{"self":[{"href":"https:\/\/www.3p-gmbh.de\/fr\/wp-json\/wp\/v2\/product\/91005","targetHints":{"allow":["GET"]}}],"collection":[{"href":"https:\/\/www.3p-gmbh.de\/fr\/wp-json\/wp\/v2\/product"}],"about":[{"href":"https:\/\/www.3p-gmbh.de\/fr\/wp-json\/wp\/v2\/types\/product"}],"wp:featuredmedia":[{"embeddable":true,"href":"https:\/\/www.3p-gmbh.de\/fr\/wp-json\/wp\/v2\/media\/59582"}],"wp:attachment":[{"href":"https:\/\/www.3p-gmbh.de\/fr\/wp-json\/wp\/v2\/media?parent=91005"}],"wp:term":[{"taxonomy":"product_brand","embeddable":true,"href":"https:\/\/www.3p-gmbh.de\/fr\/wp-json\/wp\/v2\/product_brand?post=91005"},{"taxonomy":"product_cat","embeddable":true,"href":"https:\/\/www.3p-gmbh.de\/fr\/wp-json\/wp\/v2\/product_cat?post=91005"},{"taxonomy":"product_tag","embeddable":true,"href":"https:\/\/www.3p-gmbh.de\/fr\/wp-json\/wp\/v2\/product_tag?post=91005"}],"curies":[{"name":"wp","href":"https:\/\/api.w.org\/{rel}","templated":true}]}}