{"id":90998,"date":"2019-12-03T08:07:34","date_gmt":"2019-12-03T08:07:34","guid":{"rendered":"https:\/\/www.3p-gmbh.de\/produkt\/poinconneuse-hydraulique-a-bras-pivotant-usm-dvsm-30\/"},"modified":"2019-12-03T08:07:34","modified_gmt":"2019-12-03T08:07:34","slug":"poinconneuse-hydraulique-a-bras-pivotant-usm-dvsm-30","status":"publish","type":"product","link":"https:\/\/www.3p-gmbh.de\/fr\/produkt\/poinconneuse-hydraulique-a-bras-pivotant-usm-dvsm-30\/","title":{"rendered":"Poin\u00e7onneuse hydraulique \u00e0 bras pivotant USM DVSM-30"},"content":{"rendered":"<p>pour le chargement manuel du mat\u00e9riel et de l&rsquo;outillage, particuli\u00e8rement adapt\u00e9 aux lots de petite taille ou aux pi\u00e8ces de dimensions r\u00e9duites<\/p>\n<p>Puissance de pression 250 KN<br \/>\nsurface de d\u00e9coupe env. 30 x 50 cm pivotante<br \/>\ntable d&rsquo;appui env. 45 x 90 cm<br \/>\n380 volts<\/p>\n","protected":false},"excerpt":{"rendered":"<p>pour le chargement manuel du mat\u00e9riel et de l&rsquo;outillage, particuli\u00e8rement adapt\u00e9 aux lots de petite taille ou aux pi\u00e8ces de dimensions r\u00e9duites Puissance de pression 250 KN surface de d\u00e9coupe env. 30 x 50 cm pivotante table d&rsquo;appui env. 45 x 90 cm 380 volts<\/p>\n","protected":false},"featured_media":58602,"template":"","meta":[],"product_brand":[],"product_cat":[2904],"product_tag":[],"class_list":{"0":"post-90998","1":"product","2":"type-product","3":"status-publish","4":"has-post-thumbnail","6":"product_cat-poinconnage","7":"pa_hersteller-usm","9":"first","10":"instock","11":"taxable","12":"shipping-taxable","13":"purchasable","14":"product-type-simple"},"jetpack_sharing_enabled":true,"_links":{"self":[{"href":"https:\/\/www.3p-gmbh.de\/fr\/wp-json\/wp\/v2\/product\/90998","targetHints":{"allow":["GET"]}}],"collection":[{"href":"https:\/\/www.3p-gmbh.de\/fr\/wp-json\/wp\/v2\/product"}],"about":[{"href":"https:\/\/www.3p-gmbh.de\/fr\/wp-json\/wp\/v2\/types\/product"}],"wp:featuredmedia":[{"embeddable":true,"href":"https:\/\/www.3p-gmbh.de\/fr\/wp-json\/wp\/v2\/media\/58602"}],"wp:attachment":[{"href":"https:\/\/www.3p-gmbh.de\/fr\/wp-json\/wp\/v2\/media?parent=90998"}],"wp:term":[{"taxonomy":"product_brand","embeddable":true,"href":"https:\/\/www.3p-gmbh.de\/fr\/wp-json\/wp\/v2\/product_brand?post=90998"},{"taxonomy":"product_cat","embeddable":true,"href":"https:\/\/www.3p-gmbh.de\/fr\/wp-json\/wp\/v2\/product_cat?post=90998"},{"taxonomy":"product_tag","embeddable":true,"href":"https:\/\/www.3p-gmbh.de\/fr\/wp-json\/wp\/v2\/product_tag?post=90998"}],"curies":[{"name":"wp","href":"https:\/\/api.w.org\/{rel}","templated":true}]}}