{"id":90993,"date":"2019-12-03T14:54:13","date_gmt":"2019-12-03T14:54:13","guid":{"rendered":"https:\/\/www.3p-gmbh.de\/produkt\/fuji-pt-r-4300-s-ligne-ctp-thermique-complete\/"},"modified":"2019-12-03T14:54:13","modified_gmt":"2019-12-03T14:54:13","slug":"fuji-pt-r-4300s-ligne-thermale-complete-ctp","status":"publish","type":"product","link":"https:\/\/www.3p-gmbh.de\/fr\/produkt\/fuji-pt-r-4300s-ligne-thermale-complete-ctp\/","title":{"rendered":"Fuji PT-R 4300 S ligne CTP thermique compl\u00e8te"},"content":{"rendered":"<p>Fuji PT-R 4300 S avec logiciel fuji XMF sans PC !<br \/>\nde 2010<br \/>\n286 319 plaques expos\u00e9es jusqu&rsquo;\u00e0 pr\u00e9sent<br \/>\nsous contrat de service complet Fuji.<\/p>\n<p>Corbeille pour le papier<br \/>\nChargeur de plaques simple SA-L 4300II avec 2 cassettes<\/p>\n<p>Insoleuse PT-R 4300S<br \/>\nPunch interne &#8211; Heidelberg<br \/>\nRendement : 20 plaques B2\/h<\/p>\n<p>Pont<\/p>\n<p>D\u00e9veloppeur Glunz &amp; Jensen Quartz III 85<\/p>\n<p>Stacker Advant PST 360.<\/p>\n<p>Documentation compl\u00e8te<\/p>\n","protected":false},"excerpt":{"rendered":"<p>Fuji PT-R 4300 S avec logiciel fuji XMF sans PC ! de 2010 286 319 plaques expos\u00e9es jusqu&rsquo;\u00e0 pr\u00e9sent sous contrat de service complet Fuji. Corbeille pour le papier Chargeur de plaques simple SA-L 4300II avec 2 cassettes Insoleuse PT-R 4300S Punch interne &#8211; Heidelberg Rendement : 20 plaques B2\/h Pont D\u00e9veloppeur Glunz &amp; Jensen [&hellip;]<\/p>\n","protected":false},"featured_media":58638,"template":"","meta":[],"product_brand":[],"product_cat":[2864],"product_tag":[],"class_list":{"0":"post-90993","1":"product","2":"type-product","3":"status-publish","4":"has-post-thumbnail","6":"product_cat-systemes-computer-to-plate","7":"pa_hersteller-fuji","8":"pa_typ-pt-r-4300-s","10":"first","11":"instock","12":"taxable","13":"shipping-taxable","14":"purchasable","15":"product-type-simple"},"jetpack_sharing_enabled":true,"_links":{"self":[{"href":"https:\/\/www.3p-gmbh.de\/fr\/wp-json\/wp\/v2\/product\/90993","targetHints":{"allow":["GET"]}}],"collection":[{"href":"https:\/\/www.3p-gmbh.de\/fr\/wp-json\/wp\/v2\/product"}],"about":[{"href":"https:\/\/www.3p-gmbh.de\/fr\/wp-json\/wp\/v2\/types\/product"}],"wp:featuredmedia":[{"embeddable":true,"href":"https:\/\/www.3p-gmbh.de\/fr\/wp-json\/wp\/v2\/media\/58638"}],"wp:attachment":[{"href":"https:\/\/www.3p-gmbh.de\/fr\/wp-json\/wp\/v2\/media?parent=90993"}],"wp:term":[{"taxonomy":"product_brand","embeddable":true,"href":"https:\/\/www.3p-gmbh.de\/fr\/wp-json\/wp\/v2\/product_brand?post=90993"},{"taxonomy":"product_cat","embeddable":true,"href":"https:\/\/www.3p-gmbh.de\/fr\/wp-json\/wp\/v2\/product_cat?post=90993"},{"taxonomy":"product_tag","embeddable":true,"href":"https:\/\/www.3p-gmbh.de\/fr\/wp-json\/wp\/v2\/product_tag?post=90993"}],"curies":[{"name":"wp","href":"https:\/\/api.w.org\/{rel}","templated":true}]}}