{"id":90989,"date":"2019-12-03T09:40:56","date_gmt":"2019-12-03T09:40:56","guid":{"rendered":"https:\/\/www.3p-gmbh.de\/produkt\/baumann-bsw-p-retourneur-de-piles\/"},"modified":"2019-12-03T09:40:56","modified_gmt":"2019-12-03T09:40:56","slug":"baumann-bsw-p-stapelwender","status":"publish","type":"product","link":"https:\/\/www.3p-gmbh.de\/fr\/produkt\/baumann-bsw-p-stapelwender\/","title":{"rendered":"Baumann BSW-P Retourneur de piles"},"content":{"rendered":"<p>Plate-forme dimensions int\u00e9rieures 850 x 1370 mm<br \/>\nmax. ouverture 1345mm<br \/>\nmin. ouverture 620mm<br \/>\npoids de la pile max.1000 kg<\/p>\n<p>La transformation manuelle du papier, du carton ou d&rsquo;autres mat\u00e9riaux similaires demande de l&rsquo;\u00e9nergie et du temps et est donc tr\u00e8s co\u00fbteuse.<br \/>\nLes retourneurs de piles permettent d&rsquo;effectuer ce travail de mani\u00e8re ergonomique et \u00e9conomique.<\/p>\n","protected":false},"excerpt":{"rendered":"<p>Plate-forme dimensions int\u00e9rieures 850 x 1370 mm max. ouverture 1345mm min. ouverture 620mm poids de la pile max.1000 kg La transformation manuelle du papier, du carton ou d&rsquo;autres mat\u00e9riaux similaires demande de l&rsquo;\u00e9nergie et du temps et est donc tr\u00e8s co\u00fbteuse. Les retourneurs de piles permettent d&rsquo;effectuer ce travail de mani\u00e8re ergonomique et \u00e9conomique.<\/p>\n","protected":false},"featured_media":58624,"template":"","meta":[],"product_brand":[],"product_cat":[2896],"product_tag":[],"class_list":{"0":"post-90989","1":"product","2":"type-product","3":"status-publish","4":"has-post-thumbnail","6":"product_cat-retourneur-de-piles","7":"pa_hersteller-baumann","8":"pa_typ-bsw-p","10":"first","11":"instock","12":"taxable","13":"shipping-taxable","14":"purchasable","15":"product-type-simple"},"jetpack_sharing_enabled":true,"_links":{"self":[{"href":"https:\/\/www.3p-gmbh.de\/fr\/wp-json\/wp\/v2\/product\/90989","targetHints":{"allow":["GET"]}}],"collection":[{"href":"https:\/\/www.3p-gmbh.de\/fr\/wp-json\/wp\/v2\/product"}],"about":[{"href":"https:\/\/www.3p-gmbh.de\/fr\/wp-json\/wp\/v2\/types\/product"}],"wp:featuredmedia":[{"embeddable":true,"href":"https:\/\/www.3p-gmbh.de\/fr\/wp-json\/wp\/v2\/media\/58624"}],"wp:attachment":[{"href":"https:\/\/www.3p-gmbh.de\/fr\/wp-json\/wp\/v2\/media?parent=90989"}],"wp:term":[{"taxonomy":"product_brand","embeddable":true,"href":"https:\/\/www.3p-gmbh.de\/fr\/wp-json\/wp\/v2\/product_brand?post=90989"},{"taxonomy":"product_cat","embeddable":true,"href":"https:\/\/www.3p-gmbh.de\/fr\/wp-json\/wp\/v2\/product_cat?post=90989"},{"taxonomy":"product_tag","embeddable":true,"href":"https:\/\/www.3p-gmbh.de\/fr\/wp-json\/wp\/v2\/product_tag?post=90989"}],"curies":[{"name":"wp","href":"https:\/\/api.w.org\/{rel}","templated":true}]}}