{"id":90986,"date":"2019-12-03T09:31:33","date_gmt":"2019-12-03T09:31:33","guid":{"rendered":"https:\/\/www.3p-gmbh.de\/produkt\/baumann-bsw-3-1000-aum-aupasys-retourneur-de-piles-entierement-automatique-et-programmable-serrage-automatique-des-palettes\/"},"modified":"2019-12-03T09:31:33","modified_gmt":"2019-12-03T09:31:33","slug":"baumann-bsw-3-1000-aum-aupasys-automate-complet-programmable-retourneur-de-piles-serrage-automatique-de-palettes","status":"publish","type":"product","link":"https:\/\/www.3p-gmbh.de\/fr\/produkt\/baumann-bsw-3-1000-aum-aupasys-automate-complet-programmable-retourneur-de-piles-serrage-automatique-de-palettes\/","title":{"rendered":"Baumann BSW 3-1000 AUM AUPASYS Retourneur de piles enti\u00e8rement automatique et programmable (serrage automatique des palettes)"},"content":{"rendered":"<p>Le retourneur de palettes AUPASYS au format 3b a \u00e9t\u00e9 sp\u00e9cialement con\u00e7u pour r\u00e9pondre aux exigences de l&rsquo;utilisation de palettes syst\u00e8me avec non-stop automatique \u00e0 l&rsquo;entr\u00e9e et \u00e0 la sortie.<\/p>\n<p>-syst\u00e8me manuel pour le chargement et la commande par l&rsquo;avant<br \/>\n-libre choix de l&#8217;emplacement (pas de fosse n\u00e9cessaire), utilisable pour le format 3B<br \/>\n-But\u00e9e avec serrage automatique pour la palette syst\u00e8me (format 3B) pour un remplacement facile de la palette de transport par la palette syst\u00e8me avant le d\u00e9but de l&rsquo;impression<br \/>\n-R\u00e8gle lat\u00e9rale r\u00e9tractable et extensible pour le positionnement central de la pile sur la palette syst\u00e8me<br \/>\n-Dispositif d&rsquo;a\u00e9ration renforc\u00e9, avec caissons d&rsquo;a\u00e9ration (r\u00e9glables en fonction du format)<br \/>\n-dispositif de vibration<\/p>\n<p>capacit\u00e9 de charge : 1 000 kg<br \/>\nHauteur d&#8217;empilage incl. Palette de transport : max. 1.700 mm et min. 775 mm Format maximal du support d&rsquo;impression : 740 x 1040 mm (1060 devrait aussi \u00eatre possible, mais il n&rsquo;existait pas encore en 2004)<\/p>\n<p>NR. 800xx<\/p>\n<p>&nbsp;<\/p>\n<p><iframe loading=\"lazy\" title=\"Baumann Aupasys\" width=\"980\" height=\"735\" src=\"https:\/\/www.youtube.com\/embed\/236f6GUjC20?feature=oembed\" frameborder=\"0\" allow=\"accelerometer; autoplay; clipboard-write; encrypted-media; gyroscope; picture-in-picture; web-share\" allowfullscreen><\/iframe><\/p>\n","protected":false},"excerpt":{"rendered":"<p>Le retourneur de palettes AUPASYS au format 3b a \u00e9t\u00e9 sp\u00e9cialement con\u00e7u pour r\u00e9pondre aux exigences de l&rsquo;utilisation de palettes syst\u00e8me avec non-stop automatique \u00e0 l&rsquo;entr\u00e9e et \u00e0 la sortie. -syst\u00e8me manuel pour le chargement et la commande par l&rsquo;avant -libre choix de l&#8217;emplacement (pas de fosse n\u00e9cessaire), utilisable pour le format 3B -But\u00e9e avec [&hellip;]<\/p>\n","protected":false},"featured_media":58615,"template":"","meta":[],"product_brand":[],"product_cat":[2896],"product_tag":[],"class_list":{"0":"post-90986","1":"product","2":"type-product","3":"status-publish","4":"has-post-thumbnail","6":"product_cat-retourneur-de-piles","7":"pa_hersteller-baumann","8":"pa_typ-bsw-3-1000-aum-aupasys","10":"first","11":"instock","12":"taxable","13":"shipping-taxable","14":"purchasable","15":"product-type-simple"},"jetpack_sharing_enabled":true,"_links":{"self":[{"href":"https:\/\/www.3p-gmbh.de\/fr\/wp-json\/wp\/v2\/product\/90986","targetHints":{"allow":["GET"]}}],"collection":[{"href":"https:\/\/www.3p-gmbh.de\/fr\/wp-json\/wp\/v2\/product"}],"about":[{"href":"https:\/\/www.3p-gmbh.de\/fr\/wp-json\/wp\/v2\/types\/product"}],"wp:featuredmedia":[{"embeddable":true,"href":"https:\/\/www.3p-gmbh.de\/fr\/wp-json\/wp\/v2\/media\/58615"}],"wp:attachment":[{"href":"https:\/\/www.3p-gmbh.de\/fr\/wp-json\/wp\/v2\/media?parent=90986"}],"wp:term":[{"taxonomy":"product_brand","embeddable":true,"href":"https:\/\/www.3p-gmbh.de\/fr\/wp-json\/wp\/v2\/product_brand?post=90986"},{"taxonomy":"product_cat","embeddable":true,"href":"https:\/\/www.3p-gmbh.de\/fr\/wp-json\/wp\/v2\/product_cat?post=90986"},{"taxonomy":"product_tag","embeddable":true,"href":"https:\/\/www.3p-gmbh.de\/fr\/wp-json\/wp\/v2\/product_tag?post=90986"}],"curies":[{"name":"wp","href":"https:\/\/api.w.org\/{rel}","templated":true}]}}