{"id":90981,"date":"2019-12-03T09:15:16","date_gmt":"2019-12-03T09:15:16","guid":{"rendered":"https:\/\/www.3p-gmbh.de\/produkt\/heidelberg-stahlfolder-buh-66-4-2-tes-unite-de-pliage-mobile\/"},"modified":"2019-12-03T09:15:16","modified_gmt":"2019-12-03T09:15:16","slug":"heidelberg-stahlfolder-buh-66-4-2-tes-mobile-plieuse-2","status":"publish","type":"product","link":"https:\/\/www.3p-gmbh.de\/fr\/produkt\/heidelberg-stahlfolder-buh-66-4-2-tes-mobile-plieuse-2\/","title":{"rendered":"Heidelberg Stahlfolder BUH 66-4 2.tes unit\u00e9 de pliage mobile"},"content":{"rendered":"<p>Commande MCT<br \/>\ndivers supports pour modifier la hauteur d&rsquo;entr\u00e9e (actuellement, entr\u00e9e r\u00e9glable d&rsquo;environ 83-97cm)<br \/>\nBut\u00e9e de r\u00e8gle comme FW 2<br \/>\n4 poches 66cm de largeur d&rsquo;entr\u00e9e<br \/>\n2 poches aveugles<br \/>\ndouble arbre porte-lames en aval avec kit de levage (outils comme illustr\u00e9)<\/p>\n","protected":false},"excerpt":{"rendered":"<p>Commande MCT divers supports pour modifier la hauteur d&rsquo;entr\u00e9e (actuellement, entr\u00e9e r\u00e9glable d&rsquo;environ 83-97cm) But\u00e9e de r\u00e8gle comme FW 2 4 poches 66cm de largeur d&rsquo;entr\u00e9e 2 poches aveugles double arbre porte-lames en aval avec kit de levage (outils comme illustr\u00e9)<\/p>\n","protected":false},"featured_media":58607,"template":"","meta":[],"product_brand":[],"product_cat":[2924],"product_tag":[],"class_list":{"0":"post-90981","1":"product","2":"type-product","3":"status-publish","4":"has-post-thumbnail","6":"product_cat-plieuses","7":"pa_hersteller-heidelberg-stahlfolder","8":"pa_typ-buh-66-4","10":"first","11":"instock","12":"taxable","13":"shipping-taxable","14":"purchasable","15":"product-type-simple"},"jetpack_sharing_enabled":true,"_links":{"self":[{"href":"https:\/\/www.3p-gmbh.de\/fr\/wp-json\/wp\/v2\/product\/90981","targetHints":{"allow":["GET"]}}],"collection":[{"href":"https:\/\/www.3p-gmbh.de\/fr\/wp-json\/wp\/v2\/product"}],"about":[{"href":"https:\/\/www.3p-gmbh.de\/fr\/wp-json\/wp\/v2\/types\/product"}],"wp:featuredmedia":[{"embeddable":true,"href":"https:\/\/www.3p-gmbh.de\/fr\/wp-json\/wp\/v2\/media\/58607"}],"wp:attachment":[{"href":"https:\/\/www.3p-gmbh.de\/fr\/wp-json\/wp\/v2\/media?parent=90981"}],"wp:term":[{"taxonomy":"product_brand","embeddable":true,"href":"https:\/\/www.3p-gmbh.de\/fr\/wp-json\/wp\/v2\/product_brand?post=90981"},{"taxonomy":"product_cat","embeddable":true,"href":"https:\/\/www.3p-gmbh.de\/fr\/wp-json\/wp\/v2\/product_cat?post=90981"},{"taxonomy":"product_tag","embeddable":true,"href":"https:\/\/www.3p-gmbh.de\/fr\/wp-json\/wp\/v2\/product_tag?post=90981"}],"curies":[{"name":"wp","href":"https:\/\/api.w.org\/{rel}","templated":true}]}}