{"id":90980,"date":"2019-12-03T08:39:11","date_gmt":"2019-12-03T08:39:11","guid":{"rendered":"https:\/\/www.3p-gmbh.de\/produkt\/11-bar-chaudiere-a-air-comprime-250-litres\/"},"modified":"2019-12-03T08:39:11","modified_gmt":"2019-12-03T08:39:11","slug":"chaudiere-a-air-comprime-11-bars-250-litres","status":"publish","type":"product","link":"https:\/\/www.3p-gmbh.de\/fr\/produkt\/chaudiere-a-air-comprime-11-bars-250-litres\/","title":{"rendered":"11 bar Chaudi\u00e8re \u00e0 air comprim\u00e9 250 litres"},"content":{"rendered":"","protected":false},"excerpt":{"rendered":"","protected":false},"featured_media":58604,"template":"","meta":[],"product_brand":[],"product_cat":[2934],"product_tag":[],"class_list":{"0":"post-90980","1":"product","2":"type-product","3":"status-publish","4":"has-post-thumbnail","6":"product_cat-compresseurs-pompes-a-vide","7":"pa_hersteller-maschinen-und-behaelterbau-gmbh","9":"first","10":"instock","11":"sold-individually","12":"taxable","13":"shipping-taxable","14":"purchasable","15":"product-type-simple"},"jetpack_sharing_enabled":true,"_links":{"self":[{"href":"https:\/\/www.3p-gmbh.de\/fr\/wp-json\/wp\/v2\/product\/90980","targetHints":{"allow":["GET"]}}],"collection":[{"href":"https:\/\/www.3p-gmbh.de\/fr\/wp-json\/wp\/v2\/product"}],"about":[{"href":"https:\/\/www.3p-gmbh.de\/fr\/wp-json\/wp\/v2\/types\/product"}],"wp:featuredmedia":[{"embeddable":true,"href":"https:\/\/www.3p-gmbh.de\/fr\/wp-json\/wp\/v2\/media\/58604"}],"wp:attachment":[{"href":"https:\/\/www.3p-gmbh.de\/fr\/wp-json\/wp\/v2\/media?parent=90980"}],"wp:term":[{"taxonomy":"product_brand","embeddable":true,"href":"https:\/\/www.3p-gmbh.de\/fr\/wp-json\/wp\/v2\/product_brand?post=90980"},{"taxonomy":"product_cat","embeddable":true,"href":"https:\/\/www.3p-gmbh.de\/fr\/wp-json\/wp\/v2\/product_cat?post=90980"},{"taxonomy":"product_tag","embeddable":true,"href":"https:\/\/www.3p-gmbh.de\/fr\/wp-json\/wp\/v2\/product_tag?post=90980"}],"curies":[{"name":"wp","href":"https:\/\/api.w.org\/{rel}","templated":true}]}}