{"id":90973,"date":"2019-07-11T13:59:08","date_gmt":"2019-07-11T13:59:08","guid":{"rendered":"https:\/\/www.3p-gmbh.de\/produkt\/hang-103-lok-machine-a-huile-automatique\/"},"modified":"2019-07-11T13:59:08","modified_gmt":"2019-07-11T13:59:08","slug":"automatique-oesmachine-2","status":"publish","type":"product","link":"https:\/\/www.3p-gmbh.de\/fr\/produkt\/automatique-oesmachine-2\/","title":{"rendered":"Hang 103-LOK machine \u00e0 huile automatique"},"content":{"rendered":"<p>&#8211; La machine est r\u00e9gl\u00e9e pour un \u0153illet de 6 mm de diam\u00e8tre int\u00e9rieur<br \/>\n&#8211; pour ins\u00e9rer des \u0153illets dans des mat\u00e9riaux pr\u00e9perfor\u00e9s tels que le carton, le carton, les mati\u00e8res plastiques, etc.<br \/>\nHuileuse automatique avec entra\u00eenement par moteur-frein sans entretien<br \/>\n-Alimentation automatique de l&rsquo;outil sup\u00e9rieur en \u0153illets<br \/>\n-la pression de l&rsquo;\u0153illet peut \u00eatre r\u00e9gl\u00e9e en fonction de l&rsquo;\u00e9paisseur du mat\u00e9riau -le d\u00e9clenchement se fait par p\u00e9dale \u00e9lectrique<\/p>\n","protected":false},"excerpt":{"rendered":"<p>&#8211; La machine est r\u00e9gl\u00e9e pour un \u0153illet de 6 mm de diam\u00e8tre int\u00e9rieur &#8211; pour ins\u00e9rer des \u0153illets dans des mat\u00e9riaux pr\u00e9perfor\u00e9s tels que le carton, le carton, les mati\u00e8res plastiques, etc. Huileuse automatique avec entra\u00eenement par moteur-frein sans entretien -Alimentation automatique de l&rsquo;outil sup\u00e9rieur en \u0153illets -la pression de l&rsquo;\u0153illet peut \u00eatre r\u00e9gl\u00e9e [&hellip;]<\/p>\n","protected":false},"featured_media":56620,"template":"","meta":[],"product_brand":[],"product_cat":[3052],"product_tag":[],"class_list":{"0":"post-90973","1":"product","2":"type-product","3":"status-publish","4":"has-post-thumbnail","6":"product_cat-machines-a-huile","7":"pa_baujahr-158","8":"pa_hersteller-constantin-hang","9":"pa_typ-103-lok","11":"first","12":"instock","13":"sold-individually","14":"taxable","15":"shipping-taxable","16":"purchasable","17":"product-type-simple"},"jetpack_sharing_enabled":true,"_links":{"self":[{"href":"https:\/\/www.3p-gmbh.de\/fr\/wp-json\/wp\/v2\/product\/90973","targetHints":{"allow":["GET"]}}],"collection":[{"href":"https:\/\/www.3p-gmbh.de\/fr\/wp-json\/wp\/v2\/product"}],"about":[{"href":"https:\/\/www.3p-gmbh.de\/fr\/wp-json\/wp\/v2\/types\/product"}],"wp:featuredmedia":[{"embeddable":true,"href":"https:\/\/www.3p-gmbh.de\/fr\/wp-json\/wp\/v2\/media\/56620"}],"wp:attachment":[{"href":"https:\/\/www.3p-gmbh.de\/fr\/wp-json\/wp\/v2\/media?parent=90973"}],"wp:term":[{"taxonomy":"product_brand","embeddable":true,"href":"https:\/\/www.3p-gmbh.de\/fr\/wp-json\/wp\/v2\/product_brand?post=90973"},{"taxonomy":"product_cat","embeddable":true,"href":"https:\/\/www.3p-gmbh.de\/fr\/wp-json\/wp\/v2\/product_cat?post=90973"},{"taxonomy":"product_tag","embeddable":true,"href":"https:\/\/www.3p-gmbh.de\/fr\/wp-json\/wp\/v2\/product_tag?post=90973"}],"curies":[{"name":"wp","href":"https:\/\/api.w.org\/{rel}","templated":true}]}}