{"id":90972,"date":"2019-07-11T13:59:08","date_gmt":"2019-07-11T13:59:08","guid":{"rendered":"https:\/\/www.3p-gmbh.de\/produkt\/perceuse-a-papier-de-table-nagel-citoborma-290-b-a-2-broches\/"},"modified":"2019-07-11T13:59:08","modified_gmt":"2019-07-11T13:59:08","slug":"perceuse-de-papier-de-table-a-2-broches","status":"publish","type":"product","link":"https:\/\/www.3p-gmbh.de\/fr\/produkt\/perceuse-de-papier-de-table-a-2-broches\/","title":{"rendered":"Perceuse \u00e0 papier de table Nagel Citoborma 290 B \u00e0 2 broches"},"content":{"rendered":"<p>Ann\u00e9e de construction 2007<br \/>\nFlexoDrill\u00b0 table coulissante<\/p>\n<p>Le centrage du papier avec but\u00e9e gauche escamotable permet d&rsquo;ins\u00e9rer facilement la pile de papier, les but\u00e9es individuelles ou les perforations standard peuvent \u00eatre s\u00e9lectionn\u00e9es en un tour de main, 6 perforations sont pr\u00e9r\u00e9gl\u00e9es.<\/p>\n<p>Donn\u00e9es techniques<br \/>\n&#8211; Course de per\u00e7age manuel<br \/>\n&#8211; 2 broches de per\u00e7age<br \/>\n&#8211; distance de per\u00e7age fixe 45-160mm<br \/>\n&#8211; hauteur de per\u00e7age jusqu&rsquo;\u00e0 6 cm (600 feuilles 80g\/m\u00b2)<br \/>\n&#8211; largeur d&rsquo;insertion 470 mm<br \/>\n&#8211; profondeur d&rsquo;insertion 105 mm<br \/>\n&#8211; Diam\u00e8tre du foret 2 mm &#8211; 20 mm<br \/>\n&#8211; Raccordement 230 V &#8211; 0,5 kW \/ 400 V &#8211; 0,5 kW<br \/>\n&#8211; Poids 69 kg<br \/>\n&#8211; Dimensions en mm (H x L x P) 730 x 640 x 600<\/p>\n","protected":false},"excerpt":{"rendered":"<p>Ann\u00e9e de construction 2007 FlexoDrill\u00b0 table coulissante Le centrage du papier avec but\u00e9e gauche escamotable permet d&rsquo;ins\u00e9rer facilement la pile de papier, les but\u00e9es individuelles ou les perforations standard peuvent \u00eatre s\u00e9lectionn\u00e9es en un tour de main, 6 perforations sont pr\u00e9r\u00e9gl\u00e9es. Donn\u00e9es techniques &#8211; Course de per\u00e7age manuel &#8211; 2 broches de per\u00e7age &#8211; distance [&hellip;]<\/p>\n","protected":false},"featured_media":56874,"template":"","meta":[],"product_brand":[],"product_cat":[2957],"product_tag":[],"class_list":{"0":"post-90972","1":"product","2":"type-product","3":"status-publish","4":"has-post-thumbnail","6":"product_cat-perceuses-a-papier","7":"pa_baujahr-140","8":"pa_hersteller-ernst-nagel-hang","9":"pa_typ-citoborma-290-b","11":"first","12":"instock","13":"sold-individually","14":"taxable","15":"shipping-taxable","16":"purchasable","17":"product-type-simple"},"jetpack_sharing_enabled":true,"_links":{"self":[{"href":"https:\/\/www.3p-gmbh.de\/fr\/wp-json\/wp\/v2\/product\/90972","targetHints":{"allow":["GET"]}}],"collection":[{"href":"https:\/\/www.3p-gmbh.de\/fr\/wp-json\/wp\/v2\/product"}],"about":[{"href":"https:\/\/www.3p-gmbh.de\/fr\/wp-json\/wp\/v2\/types\/product"}],"wp:featuredmedia":[{"embeddable":true,"href":"https:\/\/www.3p-gmbh.de\/fr\/wp-json\/wp\/v2\/media\/56874"}],"wp:attachment":[{"href":"https:\/\/www.3p-gmbh.de\/fr\/wp-json\/wp\/v2\/media?parent=90972"}],"wp:term":[{"taxonomy":"product_brand","embeddable":true,"href":"https:\/\/www.3p-gmbh.de\/fr\/wp-json\/wp\/v2\/product_brand?post=90972"},{"taxonomy":"product_cat","embeddable":true,"href":"https:\/\/www.3p-gmbh.de\/fr\/wp-json\/wp\/v2\/product_cat?post=90972"},{"taxonomy":"product_tag","embeddable":true,"href":"https:\/\/www.3p-gmbh.de\/fr\/wp-json\/wp\/v2\/product_tag?post=90972"}],"curies":[{"name":"wp","href":"https:\/\/api.w.org\/{rel}","templated":true}]}}