{"id":90956,"date":"2019-07-11T13:59:21","date_gmt":"2019-07-11T13:59:21","guid":{"rendered":"https:\/\/www.3p-gmbh.de\/produkt\/pfe-automailer-2-systeme-de-mise-sous-pli\/"},"modified":"2019-07-11T13:59:21","modified_gmt":"2019-07-11T13:59:21","slug":"systeme-de-mise-sous-pli","status":"publish","type":"product","link":"https:\/\/www.3p-gmbh.de\/fr\/produkt\/systeme-de-mise-sous-pli\/","title":{"rendered":"PFE Automailer 2 Syst\u00e8me de mise sous pli"},"content":{"rendered":"<p>Syst\u00e8me de mise sous pli pour jusqu&rsquo;\u00e0 100000 envois de lettres par mois<br \/>\navec 2x IS, OMR, EBD 7210, commande PC et bande d&rsquo;\u00e9cailles<\/p>\n<p>des fonctions \u00e9tendues comme l&rsquo;encaissement de formulaires contr\u00f4lable individuellement (encaissement s\u00e9lectif), en passant par le tri des formulaires non traitables jusqu&rsquo;\u00e0 la composition de courrier individuel sp\u00e9cifique au destinataire., OMR Lesung<\/p>\n<p>Les diff\u00e9rentes fonctions et les programmes de traitement sont enregistr\u00e9s dans l&rsquo;ordinateur connect\u00e9, peuvent \u00eatre appel\u00e9s \u00e0 tout moment et peuvent \u00eatre ex\u00e9cut\u00e9s sans intervention suppl\u00e9mentaire de l&rsquo;utilisateur.<\/p>\n<p>Donn\u00e9es techniques :<br \/>\n&#8211; Taille de l&rsquo;enveloppe : max. 165 mm x 242 mm<br \/>\n&#8211; Taille de l&rsquo;enveloppe : min. 102 mm x 165 mm<br \/>\n&#8211; Poids du papier : 70 g\/m2 \u00e0 120 g\/m2<br \/>\n&#8211; Types de pliage : Pliage en deux, pliage portefeuille, pliage en Z, double pliage parall\u00e8le, pliage en croix<br \/>\n&#8211; Vitesse de traitement : 3500 mises sous pli par heure<\/p>\n","protected":false},"excerpt":{"rendered":"<p>Syst\u00e8me de mise sous pli pour jusqu&rsquo;\u00e0 100000 envois de lettres par mois avec 2x IS, OMR, EBD 7210, commande PC et bande d&rsquo;\u00e9cailles des fonctions \u00e9tendues comme l&rsquo;encaissement de formulaires contr\u00f4lable individuellement (encaissement s\u00e9lectif), en passant par le tri des formulaires non traitables jusqu&rsquo;\u00e0 la composition de courrier individuel sp\u00e9cifique au destinataire., OMR Lesung [&hellip;]<\/p>\n","protected":false},"featured_media":56891,"template":"","meta":[],"product_brand":[],"product_cat":[2967],"product_tag":[],"class_list":{"0":"post-90956","1":"product","2":"type-product","3":"status-publish","4":"has-post-thumbnail","6":"product_cat-systemes-dadressage-et-de-mise-sous-pli","7":"pa_baujahr-182","8":"pa_hersteller-pfe","9":"pa_typ-automailer-2","11":"first","12":"instock","13":"sold-individually","14":"taxable","15":"shipping-taxable","16":"purchasable","17":"product-type-simple"},"jetpack_sharing_enabled":true,"_links":{"self":[{"href":"https:\/\/www.3p-gmbh.de\/fr\/wp-json\/wp\/v2\/product\/90956","targetHints":{"allow":["GET"]}}],"collection":[{"href":"https:\/\/www.3p-gmbh.de\/fr\/wp-json\/wp\/v2\/product"}],"about":[{"href":"https:\/\/www.3p-gmbh.de\/fr\/wp-json\/wp\/v2\/types\/product"}],"wp:featuredmedia":[{"embeddable":true,"href":"https:\/\/www.3p-gmbh.de\/fr\/wp-json\/wp\/v2\/media\/56891"}],"wp:attachment":[{"href":"https:\/\/www.3p-gmbh.de\/fr\/wp-json\/wp\/v2\/media?parent=90956"}],"wp:term":[{"taxonomy":"product_brand","embeddable":true,"href":"https:\/\/www.3p-gmbh.de\/fr\/wp-json\/wp\/v2\/product_brand?post=90956"},{"taxonomy":"product_cat","embeddable":true,"href":"https:\/\/www.3p-gmbh.de\/fr\/wp-json\/wp\/v2\/product_cat?post=90956"},{"taxonomy":"product_tag","embeddable":true,"href":"https:\/\/www.3p-gmbh.de\/fr\/wp-json\/wp\/v2\/product_tag?post=90956"}],"curies":[{"name":"wp","href":"https:\/\/api.w.org\/{rel}","templated":true}]}}