{"id":90954,"date":"2019-07-11T13:59:21","date_gmt":"2019-07-11T13:59:21","guid":{"rendered":"https:\/\/www.3p-gmbh.de\/produkt\/ernst-nagel-citoborma-110-perceuse-a-papier-monobroche\/"},"modified":"2019-07-11T13:59:21","modified_gmt":"2019-07-11T13:59:21","slug":"perceuse-a-papier-monobroche","status":"publish","type":"product","link":"https:\/\/www.3p-gmbh.de\/fr\/produkt\/perceuse-a-papier-monobroche\/","title":{"rendered":"Ernst Nagel Citoborma 110 Perceuse \u00e0 papier monobroche"},"content":{"rendered":"<p>Portique r\u00e9sistant \u00e0 la torsion pour la pr\u00e9cision et la dur\u00e9e de vie<br \/>\nd\u00e9clenchement manuel par levier<br \/>\nhauteur de pile 60mm<br \/>\nLargeur d&rsquo;insertion 410 mm sur table fixe avec tabulateur<br \/>\nCompensation de la longueur du foret<br \/>\n1 t\u00eate de forage diam\u00e8tre de trou 2-14 mm<br \/>\nsurface de base d&rsquo;environ 800 x 580 mm<\/p>\n","protected":false},"excerpt":{"rendered":"<p>Portique r\u00e9sistant \u00e0 la torsion pour la pr\u00e9cision et la dur\u00e9e de vie d\u00e9clenchement manuel par levier hauteur de pile 60mm Largeur d&rsquo;insertion 410 mm sur table fixe avec tabulateur Compensation de la longueur du foret 1 t\u00eate de forage diam\u00e8tre de trou 2-14 mm surface de base d&rsquo;environ 800 x 580 mm<\/p>\n","protected":false},"featured_media":56672,"template":"","meta":[],"product_brand":[],"product_cat":[2957],"product_tag":[],"class_list":{"0":"post-90954","1":"product","2":"type-product","3":"status-publish","4":"has-post-thumbnail","6":"product_cat-perceuses-a-papier","7":"pa_hersteller-ernst-nagel","8":"pa_typ-citoborma-110","10":"first","11":"instock","12":"sold-individually","13":"taxable","14":"shipping-taxable","15":"purchasable","16":"product-type-simple"},"jetpack_sharing_enabled":true,"_links":{"self":[{"href":"https:\/\/www.3p-gmbh.de\/fr\/wp-json\/wp\/v2\/product\/90954","targetHints":{"allow":["GET"]}}],"collection":[{"href":"https:\/\/www.3p-gmbh.de\/fr\/wp-json\/wp\/v2\/product"}],"about":[{"href":"https:\/\/www.3p-gmbh.de\/fr\/wp-json\/wp\/v2\/types\/product"}],"wp:featuredmedia":[{"embeddable":true,"href":"https:\/\/www.3p-gmbh.de\/fr\/wp-json\/wp\/v2\/media\/56672"}],"wp:attachment":[{"href":"https:\/\/www.3p-gmbh.de\/fr\/wp-json\/wp\/v2\/media?parent=90954"}],"wp:term":[{"taxonomy":"product_brand","embeddable":true,"href":"https:\/\/www.3p-gmbh.de\/fr\/wp-json\/wp\/v2\/product_brand?post=90954"},{"taxonomy":"product_cat","embeddable":true,"href":"https:\/\/www.3p-gmbh.de\/fr\/wp-json\/wp\/v2\/product_cat?post=90954"},{"taxonomy":"product_tag","embeddable":true,"href":"https:\/\/www.3p-gmbh.de\/fr\/wp-json\/wp\/v2\/product_tag?post=90954"}],"curies":[{"name":"wp","href":"https:\/\/api.w.org\/{rel}","templated":true}]}}