{"id":90942,"date":"2019-07-11T13:59:21","date_gmt":"2019-07-11T13:59:21","guid":{"rendered":"https:\/\/www.3p-gmbh.de\/produkt\/petratto-cordoba-3d-rapeuse-et-plieuse-a-deux-barres\/"},"modified":"2019-07-11T13:59:21","modified_gmt":"2019-07-11T13:59:21","slug":"machine-a-plier-et-a-rainurer-a-deux-poutres","status":"publish","type":"product","link":"https:\/\/www.3p-gmbh.de\/fr\/produkt\/machine-a-plier-et-a-rainurer-a-deux-poutres\/","title":{"rendered":"Petratto Cordoba 3D R\u00e2peuse et plieuse \u00e0 deux barres"},"content":{"rendered":"<p>avec 2 outils de rainage et poche de pliage pour fen\u00eatres<br \/>\nRainurer, coller, plier<\/p>\n<p>La feuille est amen\u00e9e par un margeur \u00e0 pile plate \u00e0 un alignement de bande inclin\u00e9e et prise en charge par des rouleaux d&rsquo;alimentation. Le d\u00e9but de la feuille est d\u00e9tect\u00e9 par une cellule photo\u00e9lectrique. Les rainures positives et n\u00e9gatives ou la perforation transversale sont r\u00e9alis\u00e9es en un seul passage par le biais de la masse saisie sur la commande. Pour fixer les rabats sur les couvertures de brochures, il est d\u00e9sormais possible d&rsquo;appliquer de la colle \u00e0 l&rsquo;aide d&rsquo;une buse hotmelt (option). Ensuite, la feuille est transmise \u00e0 une plieuse \u00e0 poches sp\u00e9ciale et pli\u00e9e aux endroits rainur\u00e9s. La distribution du produit se fait dans un pr\u00e9sentoir \u00e0 bande \u00e9cailleuse.<\/p>\n<p>\u00e9paisseur du mat\u00e9riau 170 \u00e0 500 g\/m<br \/>\nlargeur de feuille 150 \u00e0 520 mm<br \/>\nlongueur de feuille de 200 \u00e0 1 200 mm<br \/>\nLes intervalles de rainurage sont r\u00e9glables par pas de 0,1 mm<br \/>\nRendement effectif au format A-4 avec un rainage 12 500 feuilles\/h<\/p>\n","protected":false},"excerpt":{"rendered":"<p>avec 2 outils de rainage et poche de pliage pour fen\u00eatres Rainurer, coller, plier La feuille est amen\u00e9e par un margeur \u00e0 pile plate \u00e0 un alignement de bande inclin\u00e9e et prise en charge par des rouleaux d&rsquo;alimentation. Le d\u00e9but de la feuille est d\u00e9tect\u00e9 par une cellule photo\u00e9lectrique. Les rainures positives et n\u00e9gatives ou [&hellip;]<\/p>\n","protected":false},"featured_media":56658,"template":"","meta":[],"product_brand":[],"product_cat":[2984],"product_tag":[],"class_list":{"0":"post-90942","1":"product","2":"type-product","3":"status-publish","4":"has-post-thumbnail","6":"product_cat-plieuses-fr","7":"pa_baujahr-452","8":"pa_hersteller-petratto","9":"pa_typ-cordoba-3d","11":"first","12":"instock","13":"sold-individually","14":"taxable","15":"shipping-taxable","16":"purchasable","17":"product-type-simple"},"jetpack_sharing_enabled":true,"_links":{"self":[{"href":"https:\/\/www.3p-gmbh.de\/fr\/wp-json\/wp\/v2\/product\/90942","targetHints":{"allow":["GET"]}}],"collection":[{"href":"https:\/\/www.3p-gmbh.de\/fr\/wp-json\/wp\/v2\/product"}],"about":[{"href":"https:\/\/www.3p-gmbh.de\/fr\/wp-json\/wp\/v2\/types\/product"}],"wp:featuredmedia":[{"embeddable":true,"href":"https:\/\/www.3p-gmbh.de\/fr\/wp-json\/wp\/v2\/media\/56658"}],"wp:attachment":[{"href":"https:\/\/www.3p-gmbh.de\/fr\/wp-json\/wp\/v2\/media?parent=90942"}],"wp:term":[{"taxonomy":"product_brand","embeddable":true,"href":"https:\/\/www.3p-gmbh.de\/fr\/wp-json\/wp\/v2\/product_brand?post=90942"},{"taxonomy":"product_cat","embeddable":true,"href":"https:\/\/www.3p-gmbh.de\/fr\/wp-json\/wp\/v2\/product_cat?post=90942"},{"taxonomy":"product_tag","embeddable":true,"href":"https:\/\/www.3p-gmbh.de\/fr\/wp-json\/wp\/v2\/product_tag?post=90942"}],"curies":[{"name":"wp","href":"https:\/\/api.w.org\/{rel}","templated":true}]}}