{"id":90937,"date":"2019-07-11T13:59:31","date_gmt":"2019-07-11T13:59:31","guid":{"rendered":"https:\/\/www.3p-gmbh.de\/produkt\/agrafeuse-systemform-m-3000-separateur-de-formulaires\/"},"modified":"2019-07-11T13:59:31","modified_gmt":"2019-07-11T13:59:31","slug":"separateur-fromulaire","status":"publish","type":"product","link":"https:\/\/www.3p-gmbh.de\/fr\/produkt\/separateur-fromulaire\/","title":{"rendered":"Agrafeuse Systemform M-3000 S\u00e9parateur de formulaires"},"content":{"rendered":"<p>La solution \u00e9conomique pour une finition m\u00e9canique propre des formulaires en continu, m\u00eame avec une petite sortie d&rsquo;imprimante.<br \/>\nUtilisation tr\u00e8s simple gr\u00e2ce aux \u00e9l\u00e9ments de commande clairs et \u00e0 la s\u00e9lection \u00e9lectronique du format, guidage s\u00fbr du papier par des tracteurs entra\u00een\u00e9s et touche d&rsquo;arr\u00eat rapide avec m\u00e9morisation de la phase de travail momentan\u00e9e. Vitesse variable jusqu&rsquo;\u00e0 5.000 formulaires en 12 par heure. S\u00e9lection \u00e9lectronique du format 4 -12<\/p>\n","protected":false},"excerpt":{"rendered":"<p>La solution \u00e9conomique pour une finition m\u00e9canique propre des formulaires en continu, m\u00eame avec une petite sortie d&rsquo;imprimante. Utilisation tr\u00e8s simple gr\u00e2ce aux \u00e9l\u00e9ments de commande clairs et \u00e0 la s\u00e9lection \u00e9lectronique du format, guidage s\u00fbr du papier par des tracteurs entra\u00een\u00e9s et touche d&rsquo;arr\u00eat rapide avec m\u00e9morisation de la phase de travail momentan\u00e9e. Vitesse [&hellip;]<\/p>\n","protected":false},"featured_media":56733,"template":"","meta":[],"product_brand":[],"product_cat":[2889],"product_tag":[],"class_list":{"0":"post-90937","1":"product","2":"type-product","3":"status-publish","4":"has-post-thumbnail","6":"product_cat-autre-transformation-du-papier","7":"pa_baujahr-127","8":"pa_hersteller-hefter-systemform","9":"pa_typ-m-3000","11":"first","12":"instock","13":"sold-individually","14":"taxable","15":"shipping-taxable","16":"purchasable","17":"product-type-simple"},"jetpack_sharing_enabled":true,"_links":{"self":[{"href":"https:\/\/www.3p-gmbh.de\/fr\/wp-json\/wp\/v2\/product\/90937","targetHints":{"allow":["GET"]}}],"collection":[{"href":"https:\/\/www.3p-gmbh.de\/fr\/wp-json\/wp\/v2\/product"}],"about":[{"href":"https:\/\/www.3p-gmbh.de\/fr\/wp-json\/wp\/v2\/types\/product"}],"wp:featuredmedia":[{"embeddable":true,"href":"https:\/\/www.3p-gmbh.de\/fr\/wp-json\/wp\/v2\/media\/56733"}],"wp:attachment":[{"href":"https:\/\/www.3p-gmbh.de\/fr\/wp-json\/wp\/v2\/media?parent=90937"}],"wp:term":[{"taxonomy":"product_brand","embeddable":true,"href":"https:\/\/www.3p-gmbh.de\/fr\/wp-json\/wp\/v2\/product_brand?post=90937"},{"taxonomy":"product_cat","embeddable":true,"href":"https:\/\/www.3p-gmbh.de\/fr\/wp-json\/wp\/v2\/product_cat?post=90937"},{"taxonomy":"product_tag","embeddable":true,"href":"https:\/\/www.3p-gmbh.de\/fr\/wp-json\/wp\/v2\/product_tag?post=90937"}],"curies":[{"name":"wp","href":"https:\/\/api.w.org\/{rel}","templated":true}]}}