{"id":90933,"date":"2019-07-11T13:59:31","date_gmt":"2019-07-11T13:59:31","guid":{"rendered":"https:\/\/www.3p-gmbh.de\/produkt\/adresses-directes-neopost-rena-608-s\/"},"modified":"2019-07-11T13:59:31","modified_gmt":"2019-07-11T13:59:31","slug":"adresse-directe","status":"publish","type":"product","link":"https:\/\/www.3p-gmbh.de\/fr\/produkt\/adresse-directe\/","title":{"rendered":"Adresses directes Neopost\/RENA 608 S"},"content":{"rendered":"<p>L&rsquo;adresseur imprime rapidement et de mani\u00e8re professionnelle des donn\u00e9es variables sur des enveloppes, des journaux ou des magazines.<br \/>\nAvec sa t\u00eate d&rsquo;impression mobile, elle atteint une vitesse d&rsquo;impression max. Plage d&rsquo;impression de 235 mm en hauteur d&rsquo;impression et de 500 mm en largeur d&rsquo;impression.<br \/>\nCaract\u00e9ristiques telles que la capacit\u00e9 graphique, l&rsquo;impression de codes-barres, l&rsquo;utilisation libre de 13 polices internes (d&rsquo;autres peuvent \u00eatre charg\u00e9es)<br \/>\net la technologie d&rsquo;impression de HP avec une r\u00e9solution de 600 x 600 dpi vous garantissent des r\u00e9sultats d&rsquo;impression professionnels.<\/p>\n","protected":false},"excerpt":{"rendered":"<p>L&rsquo;adresseur imprime rapidement et de mani\u00e8re professionnelle des donn\u00e9es variables sur des enveloppes, des journaux ou des magazines. Avec sa t\u00eate d&rsquo;impression mobile, elle atteint une vitesse d&rsquo;impression max. Plage d&rsquo;impression de 235 mm en hauteur d&rsquo;impression et de 500 mm en largeur d&rsquo;impression. Caract\u00e9ristiques telles que la capacit\u00e9 graphique, l&rsquo;impression de codes-barres, l&rsquo;utilisation libre [&hellip;]<\/p>\n","protected":false},"featured_media":56735,"template":"","meta":[],"product_brand":[],"product_cat":[2967],"product_tag":[],"class_list":{"0":"post-90933","1":"product","2":"type-product","3":"status-publish","4":"has-post-thumbnail","6":"product_cat-systemes-dadressage-et-de-mise-sous-pli","7":"pa_baujahr-140","8":"pa_hersteller-neopost-rena","9":"pa_typ-608-s-mit-transportband-358","11":"first","12":"instock","13":"sold-individually","14":"taxable","15":"shipping-taxable","16":"purchasable","17":"product-type-simple"},"jetpack_sharing_enabled":true,"_links":{"self":[{"href":"https:\/\/www.3p-gmbh.de\/fr\/wp-json\/wp\/v2\/product\/90933","targetHints":{"allow":["GET"]}}],"collection":[{"href":"https:\/\/www.3p-gmbh.de\/fr\/wp-json\/wp\/v2\/product"}],"about":[{"href":"https:\/\/www.3p-gmbh.de\/fr\/wp-json\/wp\/v2\/types\/product"}],"wp:featuredmedia":[{"embeddable":true,"href":"https:\/\/www.3p-gmbh.de\/fr\/wp-json\/wp\/v2\/media\/56735"}],"wp:attachment":[{"href":"https:\/\/www.3p-gmbh.de\/fr\/wp-json\/wp\/v2\/media?parent=90933"}],"wp:term":[{"taxonomy":"product_brand","embeddable":true,"href":"https:\/\/www.3p-gmbh.de\/fr\/wp-json\/wp\/v2\/product_brand?post=90933"},{"taxonomy":"product_cat","embeddable":true,"href":"https:\/\/www.3p-gmbh.de\/fr\/wp-json\/wp\/v2\/product_cat?post=90933"},{"taxonomy":"product_tag","embeddable":true,"href":"https:\/\/www.3p-gmbh.de\/fr\/wp-json\/wp\/v2\/product_tag?post=90933"}],"curies":[{"name":"wp","href":"https:\/\/api.w.org\/{rel}","templated":true}]}}