{"id":90931,"date":"2019-07-11T13:59:31","date_gmt":"2019-07-11T13:59:31","guid":{"rendered":"https:\/\/www.3p-gmbh.de\/produkt\/systeme-mueller-martini-buhrs-cheshire\/"},"modified":"2019-07-11T13:59:31","modified_gmt":"2019-07-11T13:59:31","slug":"systeme-cheshire","status":"publish","type":"product","link":"https:\/\/www.3p-gmbh.de\/fr\/produkt\/systeme-cheshire\/","title":{"rendered":"Syst\u00e8me M\u00fcller Martini\/Buhrs Cheshire"},"content":{"rendered":"<p>Margeur \u00e0 tambour monoc\u00e9page M\u00fcller Martini 286<br \/>\navec alimentation par pinces et syst\u00e8me Buhrs Variadress 213 Cheshire<\/p>\n","protected":false},"excerpt":{"rendered":"<p>Margeur \u00e0 tambour monoc\u00e9page M\u00fcller Martini 286 avec alimentation par pinces et syst\u00e8me Buhrs Variadress 213 Cheshire<\/p>\n","protected":false},"featured_media":56721,"template":"","meta":[],"product_brand":[],"product_cat":[2889],"product_tag":[],"class_list":{"0":"post-90931","1":"product","2":"type-product","3":"status-publish","4":"has-post-thumbnail","6":"product_cat-autre-transformation-du-papier","7":"pa_baujahr-976","8":"pa_hersteller-mueller-martini-buhrs","9":"pa_typ-martini-286-variadress-213","11":"first","12":"instock","13":"sold-individually","14":"taxable","15":"shipping-taxable","16":"purchasable","17":"product-type-simple"},"jetpack_sharing_enabled":true,"_links":{"self":[{"href":"https:\/\/www.3p-gmbh.de\/fr\/wp-json\/wp\/v2\/product\/90931","targetHints":{"allow":["GET"]}}],"collection":[{"href":"https:\/\/www.3p-gmbh.de\/fr\/wp-json\/wp\/v2\/product"}],"about":[{"href":"https:\/\/www.3p-gmbh.de\/fr\/wp-json\/wp\/v2\/types\/product"}],"wp:featuredmedia":[{"embeddable":true,"href":"https:\/\/www.3p-gmbh.de\/fr\/wp-json\/wp\/v2\/media\/56721"}],"wp:attachment":[{"href":"https:\/\/www.3p-gmbh.de\/fr\/wp-json\/wp\/v2\/media?parent=90931"}],"wp:term":[{"taxonomy":"product_brand","embeddable":true,"href":"https:\/\/www.3p-gmbh.de\/fr\/wp-json\/wp\/v2\/product_brand?post=90931"},{"taxonomy":"product_cat","embeddable":true,"href":"https:\/\/www.3p-gmbh.de\/fr\/wp-json\/wp\/v2\/product_cat?post=90931"},{"taxonomy":"product_tag","embeddable":true,"href":"https:\/\/www.3p-gmbh.de\/fr\/wp-json\/wp\/v2\/product_tag?post=90931"}],"curies":[{"name":"wp","href":"https:\/\/api.w.org\/{rel}","templated":true}]}}