{"id":90916,"date":"2019-07-11T13:59:31","date_gmt":"2019-07-11T13:59:31","guid":{"rendered":"https:\/\/www.3p-gmbh.de\/produkt\/rena-630-systeme-dadressage-numerique\/"},"modified":"2019-07-11T13:59:31","modified_gmt":"2019-07-11T13:59:31","slug":"systeme-dadressage-numerique","status":"publish","type":"product","link":"https:\/\/www.3p-gmbh.de\/fr\/produkt\/systeme-dadressage-numerique\/","title":{"rendered":"Rena 630 Syst\u00e8me d&rsquo;adressage num\u00e9rique"},"content":{"rendered":"<p>&#8211; Module d&rsquo;impression haute performance avec 2&#215;3 t\u00eates d&rsquo;impression<br \/>\n&#8211; max. hauteur d&rsquo;impression 508mm et largeur d&rsquo;impression 38mm<br \/>\n&#8211; S\u00e9choir infrarouge type Lambda Powerdry B IR 2,7<br \/>\n&#8211; hauteur r\u00e9glable en continu par moteur et r\u00e9sistant \u00e0 la chaleur<br \/>\nBande transporteuse KH-TB40, longueur env.150cm<\/p>\n","protected":false},"excerpt":{"rendered":"<p>&#8211; Module d&rsquo;impression haute performance avec 2&#215;3 t\u00eates d&rsquo;impression &#8211; max. hauteur d&rsquo;impression 508mm et largeur d&rsquo;impression 38mm &#8211; S\u00e9choir infrarouge type Lambda Powerdry B IR 2,7 &#8211; hauteur r\u00e9glable en continu par moteur et r\u00e9sistant \u00e0 la chaleur Bande transporteuse KH-TB40, longueur env.150cm<\/p>\n","protected":false},"featured_media":56701,"template":"","meta":[],"product_brand":[],"product_cat":[2967],"product_tag":[],"class_list":{"0":"post-90916","1":"product","2":"type-product","3":"status-publish","4":"has-post-thumbnail","6":"product_cat-systemes-dadressage-et-de-mise-sous-pli","7":"pa_baujahr-140","8":"pa_hersteller-rena","9":"pa_typ-digital-desktop-printer630","11":"first","12":"instock","13":"sold-individually","14":"taxable","15":"shipping-taxable","16":"purchasable","17":"product-type-simple"},"jetpack_sharing_enabled":true,"_links":{"self":[{"href":"https:\/\/www.3p-gmbh.de\/fr\/wp-json\/wp\/v2\/product\/90916","targetHints":{"allow":["GET"]}}],"collection":[{"href":"https:\/\/www.3p-gmbh.de\/fr\/wp-json\/wp\/v2\/product"}],"about":[{"href":"https:\/\/www.3p-gmbh.de\/fr\/wp-json\/wp\/v2\/types\/product"}],"wp:featuredmedia":[{"embeddable":true,"href":"https:\/\/www.3p-gmbh.de\/fr\/wp-json\/wp\/v2\/media\/56701"}],"wp:attachment":[{"href":"https:\/\/www.3p-gmbh.de\/fr\/wp-json\/wp\/v2\/media?parent=90916"}],"wp:term":[{"taxonomy":"product_brand","embeddable":true,"href":"https:\/\/www.3p-gmbh.de\/fr\/wp-json\/wp\/v2\/product_brand?post=90916"},{"taxonomy":"product_cat","embeddable":true,"href":"https:\/\/www.3p-gmbh.de\/fr\/wp-json\/wp\/v2\/product_cat?post=90916"},{"taxonomy":"product_tag","embeddable":true,"href":"https:\/\/www.3p-gmbh.de\/fr\/wp-json\/wp\/v2\/product_tag?post=90916"}],"curies":[{"name":"wp","href":"https:\/\/api.w.org\/{rel}","templated":true}]}}