{"id":90905,"date":"2019-07-11T13:59:31","date_gmt":"2019-07-11T13:59:31","guid":{"rendered":"https:\/\/www.3p-gmbh.de\/produkt\/systeme-de-mise-sous-pli-pfe-neopost-ds-100\/"},"modified":"2019-07-11T13:59:31","modified_gmt":"2019-07-11T13:59:31","slug":"machine-a-mettre-sous-pli","status":"publish","type":"product","link":"https:\/\/www.3p-gmbh.de\/fr\/produkt\/machine-a-mettre-sous-pli\/","title":{"rendered":"Syst\u00e8me de mise sous pli PFE\/Neopost DS-100"},"content":{"rendered":"<p>&#8211; Plieuse et ins\u00e9reuse PFE Maximailer (m\u00eame mod\u00e8le que Neopost DS-100)<br \/>\n&#8211; 6 stations de C6 \u00e0 C5<br \/>\n&#8211; Contr\u00f4le par \u00e9cran<\/p>\n<p>Les documents d&rsquo;une longueur maximale de 406 mm provenant des stations d&rsquo;alimentation feuille \u00e0 feuille peuvent \u00eatre trait\u00e9s,<br \/>\ntandis que la station d&rsquo;encartage en option peut alimenter des fiches, cartes, enveloppes de retour ou brochures au format enveloppe d&rsquo;une \u00e9paisseur maximale de 4 mm. Avec une vitesse allant jusqu&rsquo;\u00e0 4 500 cycles par heure, les enveloppes DIN C6\/5 longues et C5 sont trait\u00e9es.<\/p>\n<p>Les enveloppes jusqu&rsquo;\u00e0 6 mm d&rsquo;\u00e9paisseur peuvent \u00eatre trait\u00e9es.<\/p>\n","protected":false},"excerpt":{"rendered":"<p>&#8211; Plieuse et ins\u00e9reuse PFE Maximailer (m\u00eame mod\u00e8le que Neopost DS-100) &#8211; 6 stations de C6 \u00e0 C5 &#8211; Contr\u00f4le par \u00e9cran Les documents d&rsquo;une longueur maximale de 406 mm provenant des stations d&rsquo;alimentation feuille \u00e0 feuille peuvent \u00eatre trait\u00e9s, tandis que la station d&rsquo;encartage en option peut alimenter des fiches, cartes, enveloppes de retour [&hellip;]<\/p>\n","protected":false},"featured_media":56707,"template":"","meta":[],"product_brand":[],"product_cat":[2967],"product_tag":[],"class_list":{"0":"post-90905","1":"product","2":"type-product","3":"status-publish","4":"has-post-thumbnail","6":"product_cat-systemes-dadressage-et-de-mise-sous-pli","7":"pa_baujahr-168","8":"pa_hersteller-pfe-neopost","9":"pa_typ-maximailer-ds-100","11":"first","12":"instock","13":"sold-individually","14":"taxable","15":"shipping-taxable","16":"purchasable","17":"product-type-simple"},"jetpack_sharing_enabled":true,"_links":{"self":[{"href":"https:\/\/www.3p-gmbh.de\/fr\/wp-json\/wp\/v2\/product\/90905","targetHints":{"allow":["GET"]}}],"collection":[{"href":"https:\/\/www.3p-gmbh.de\/fr\/wp-json\/wp\/v2\/product"}],"about":[{"href":"https:\/\/www.3p-gmbh.de\/fr\/wp-json\/wp\/v2\/types\/product"}],"wp:featuredmedia":[{"embeddable":true,"href":"https:\/\/www.3p-gmbh.de\/fr\/wp-json\/wp\/v2\/media\/56707"}],"wp:attachment":[{"href":"https:\/\/www.3p-gmbh.de\/fr\/wp-json\/wp\/v2\/media?parent=90905"}],"wp:term":[{"taxonomy":"product_brand","embeddable":true,"href":"https:\/\/www.3p-gmbh.de\/fr\/wp-json\/wp\/v2\/product_brand?post=90905"},{"taxonomy":"product_cat","embeddable":true,"href":"https:\/\/www.3p-gmbh.de\/fr\/wp-json\/wp\/v2\/product_cat?post=90905"},{"taxonomy":"product_tag","embeddable":true,"href":"https:\/\/www.3p-gmbh.de\/fr\/wp-json\/wp\/v2\/product_tag?post=90905"}],"curies":[{"name":"wp","href":"https:\/\/api.w.org\/{rel}","templated":true}]}}