{"id":90898,"date":"2019-07-11T13:59:31","date_gmt":"2019-07-11T13:59:31","guid":{"rendered":"https:\/\/www.3p-gmbh.de\/produkt\/contrecolleuse-tuenkers-vorwaerts-1100\/"},"modified":"2019-07-11T13:59:31","modified_gmt":"2019-07-11T13:59:31","slug":"machine-de-contrecollage-semi-automatique-a-colle-froide","status":"publish","type":"product","link":"https:\/\/www.3p-gmbh.de\/fr\/produkt\/machine-de-contrecollage-semi-automatique-a-colle-froide\/","title":{"rendered":"Contrecolleuse T\u00fcnkers Vorw\u00e4rts 1100"},"content":{"rendered":"<p>&#8211; contrecolleuse \u00e0 colle froide semi-automatique T\u00fcnkers Vorw\u00e4rts 1100 avec toile de transport<br \/>\n&#8211; Ann\u00e9e de construction : 1987<br \/>\n&#8211; pour encoller de nombreux mat\u00e9riaux comme le papier, le carton, le tissu, le cuir, etc.<\/p>\n<p>L&rsquo;application de la colle se fait par le bas au moyen de deux rouleaux en laiton et peut \u00eatre ajust\u00e9e avec pr\u00e9cision gr\u00e2ce \u00e0 une roue gradu\u00e9e.<br \/>\nApr\u00e8s l&rsquo;encollage, le mat\u00e9riau est retir\u00e9 \u00e0 la main et pos\u00e9 sur le support.<\/p>\n<p>&#8211; capacit\u00e9 jusqu&rsquo;\u00e0 2000 bg\/heure<br \/>\n&#8211; Format min. 210x296mm<br \/>\n&#8211; Format max. 1100x1400mm<br \/>\n&#8211; Margeur de piles avec barre d&rsquo;aspiration<br \/>\n&#8211; Rouleaux en laiton<br \/>\n&#8211; Bassin de colle \u00e0 circulation pour colle chaude en laiton<br \/>\n&#8211; 3m Enl\u00e8vement<br \/>\n&#8211; station de pelliculage pneumatique (l&rsquo;air comprim\u00e9 doit \u00eatre fourni par le client)<br \/>\n&#8211; Bande de sortie<\/p>\n","protected":false},"excerpt":{"rendered":"<p>&#8211; contrecolleuse \u00e0 colle froide semi-automatique T\u00fcnkers Vorw\u00e4rts 1100 avec toile de transport &#8211; Ann\u00e9e de construction : 1987 &#8211; pour encoller de nombreux mat\u00e9riaux comme le papier, le carton, le tissu, le cuir, etc. L&rsquo;application de la colle se fait par le bas au moyen de deux rouleaux en laiton et peut \u00eatre ajust\u00e9e [&hellip;]<\/p>\n","protected":false},"featured_media":56691,"template":"","meta":[],"product_brand":[],"product_cat":[2945],"product_tag":[],"class_list":{"0":"post-90898","1":"product","2":"type-product","3":"status-publish","4":"has-post-thumbnail","6":"product_cat-machines-a-contrecoller","7":"pa_baujahr-221","8":"pa_hersteller-tuenkers-2","9":"pa_typ-vorwaerts-1100","11":"first","12":"instock","13":"sold-individually","14":"taxable","15":"shipping-taxable","16":"purchasable","17":"product-type-simple"},"jetpack_sharing_enabled":true,"_links":{"self":[{"href":"https:\/\/www.3p-gmbh.de\/fr\/wp-json\/wp\/v2\/product\/90898","targetHints":{"allow":["GET"]}}],"collection":[{"href":"https:\/\/www.3p-gmbh.de\/fr\/wp-json\/wp\/v2\/product"}],"about":[{"href":"https:\/\/www.3p-gmbh.de\/fr\/wp-json\/wp\/v2\/types\/product"}],"wp:featuredmedia":[{"embeddable":true,"href":"https:\/\/www.3p-gmbh.de\/fr\/wp-json\/wp\/v2\/media\/56691"}],"wp:attachment":[{"href":"https:\/\/www.3p-gmbh.de\/fr\/wp-json\/wp\/v2\/media?parent=90898"}],"wp:term":[{"taxonomy":"product_brand","embeddable":true,"href":"https:\/\/www.3p-gmbh.de\/fr\/wp-json\/wp\/v2\/product_brand?post=90898"},{"taxonomy":"product_cat","embeddable":true,"href":"https:\/\/www.3p-gmbh.de\/fr\/wp-json\/wp\/v2\/product_cat?post=90898"},{"taxonomy":"product_tag","embeddable":true,"href":"https:\/\/www.3p-gmbh.de\/fr\/wp-json\/wp\/v2\/product_tag?post=90898"}],"curies":[{"name":"wp","href":"https:\/\/api.w.org\/{rel}","templated":true}]}}