{"id":90895,"date":"2019-07-11T13:59:38","date_gmt":"2019-07-11T13:59:38","guid":{"rendered":"https:\/\/www.3p-gmbh.de\/produkt\/pompe-a-vide-a-palettes-becker-kvt-3-140\/"},"modified":"2019-07-11T13:59:38","modified_gmt":"2019-07-11T13:59:38","slug":"pompe-a-vide-a-palettes-2","status":"publish","type":"product","link":"https:\/\/www.3p-gmbh.de\/fr\/produkt\/pompe-a-vide-a-palettes-2\/","title":{"rendered":"Pompe \u00e0 vide \u00e0 palettes Becker KVT 3.140"},"content":{"rendered":"<p>Pompe \u00e0 vide \u00e0 palettes Becker KVT 3.140<br \/>\nde l&rsquo;ann\u00e9e de construction 2011, enti\u00e8rement r\u00e9vis\u00e9e en juin-2014, stock\u00e9e depuis lors<\/p>\n<p>&#8211; pompe \u00e0 vide robuste et totalement exempte d&rsquo;huile<br \/>\n&#8211; avec une structure simple, un entra\u00eenement direct et un seul arbre<br \/>\n&#8211; garantit une longue dur\u00e9e de vie et de faibles co\u00fbts d&rsquo;entretien et d&rsquo;exploitation<br \/>\n&#8211; filtres d&rsquo;aspiration et vannes de r\u00e9gulation int\u00e9gr\u00e9s<br \/>\n&#8211; montage facile d&rsquo;accessoires<br \/>\n&#8211; protection anticorrosion en option<br \/>\n&#8211; faible \u00e9mission sonore<br \/>\n&#8211; faible rayonnement de chaleur<\/p>\n<p>Donn\u00e9es techniques<br \/>\n&#8211; Fr\u00e9quence : 50\/60 Hz<br \/>\n&#8211; max. Capacit\u00e9 d&rsquo;aspiration : 129\/154 m\u00b3\/h<br \/>\n&#8211; max. Vide : 100\/200 mbar abs.<br \/>\n&#8211; max. Puissance du moteur : 3,3 \/4,40 kW<\/p>\n","protected":false},"excerpt":{"rendered":"<p>Pompe \u00e0 vide \u00e0 palettes Becker KVT 3.140 de l&rsquo;ann\u00e9e de construction 2011, enti\u00e8rement r\u00e9vis\u00e9e en juin-2014, stock\u00e9e depuis lors &#8211; pompe \u00e0 vide robuste et totalement exempte d&rsquo;huile &#8211; avec une structure simple, un entra\u00eenement direct et un seul arbre &#8211; garantit une longue dur\u00e9e de vie et de faibles co\u00fbts d&rsquo;entretien et d&rsquo;exploitation [&hellip;]<\/p>\n","protected":false},"featured_media":56760,"template":"","meta":[],"product_brand":[],"product_cat":[2934],"product_tag":[],"class_list":{"0":"post-90895","1":"product","2":"type-product","3":"status-publish","4":"has-post-thumbnail","6":"product_cat-compresseurs-pompes-a-vide","7":"pa_baujahr-145","8":"pa_hersteller-becker","9":"pa_typ-kvt-3-140","11":"first","12":"instock","13":"sold-individually","14":"taxable","15":"shipping-taxable","16":"purchasable","17":"product-type-simple"},"jetpack_sharing_enabled":true,"_links":{"self":[{"href":"https:\/\/www.3p-gmbh.de\/fr\/wp-json\/wp\/v2\/product\/90895","targetHints":{"allow":["GET"]}}],"collection":[{"href":"https:\/\/www.3p-gmbh.de\/fr\/wp-json\/wp\/v2\/product"}],"about":[{"href":"https:\/\/www.3p-gmbh.de\/fr\/wp-json\/wp\/v2\/types\/product"}],"wp:featuredmedia":[{"embeddable":true,"href":"https:\/\/www.3p-gmbh.de\/fr\/wp-json\/wp\/v2\/media\/56760"}],"wp:attachment":[{"href":"https:\/\/www.3p-gmbh.de\/fr\/wp-json\/wp\/v2\/media?parent=90895"}],"wp:term":[{"taxonomy":"product_brand","embeddable":true,"href":"https:\/\/www.3p-gmbh.de\/fr\/wp-json\/wp\/v2\/product_brand?post=90895"},{"taxonomy":"product_cat","embeddable":true,"href":"https:\/\/www.3p-gmbh.de\/fr\/wp-json\/wp\/v2\/product_cat?post=90895"},{"taxonomy":"product_tag","embeddable":true,"href":"https:\/\/www.3p-gmbh.de\/fr\/wp-json\/wp\/v2\/product_tag?post=90895"}],"curies":[{"name":"wp","href":"https:\/\/api.w.org\/{rel}","templated":true}]}}