{"id":90889,"date":"2019-07-11T13:59:38","date_gmt":"2019-07-11T13:59:38","guid":{"rendered":"https:\/\/www.3p-gmbh.de\/produkt\/traceur-laser-barco-pcb\/"},"modified":"2019-07-11T13:59:38","modified_gmt":"2019-07-11T13:59:38","slug":"traceur-laser-pcb","status":"publish","type":"product","link":"https:\/\/www.3p-gmbh.de\/fr\/produkt\/traceur-laser-pcb\/","title":{"rendered":"Traceur laser Barco PCB"},"content":{"rendered":"<p>PCB Laserphotoplotter pour la fabrication de circuits imprim\u00e9s<br \/>\nMania Barco Graphic Silver Writer avec Agfaline HT 86 machine de d\u00e9veloppement de PCB en ligne<br \/>\nAnn\u00e9e de construction 2004<\/p>\n<p>Format du film : 813x711mm<br \/>\nR\u00e9solutions disponibles :<br \/>\npour le plein format 2000, 2540, 4000, 5080, 8000, 10000, 10160, 16000 ppi<br \/>\navec limitation de la plage d&rsquo;exposition \u00e0 (810x639mm) 20000, 20320 ppi<br \/>\navec limitation de la plage d&rsquo;exposition \u00e0 (810x395mm) 25000 et 25400 ppi<br \/>\n1 magasin de film pour 150 feuilles<br \/>\nLe laser est divis\u00e9 en 24 faisceaux, un trac\u00e9 de 4000 pppi dure normalement jusqu&rsquo;\u00e0 ce que l&rsquo;arc soit rempli.<br \/>\nStructure des donn\u00e9es env. 8 minutes, \u00e0 25400ppi env. 35 min.<\/p>\n<p>Powerrip-PC (pr\u00e9install\u00e9, avec carte d&rsquo;interface), il traite les fichiers Barco DPF<br \/>\njusqu&rsquo;\u00e0 25400ppi. La licence Rip est limit\u00e9e dans le temps et doit \u00eatre renouvel\u00e9e par le fabricant.<br \/>\n\u00eatre renouvel\u00e9.<\/p>\n","protected":false},"excerpt":{"rendered":"<p>PCB Laserphotoplotter pour la fabrication de circuits imprim\u00e9s Mania Barco Graphic Silver Writer avec Agfaline HT 86 machine de d\u00e9veloppement de PCB en ligne Ann\u00e9e de construction 2004 Format du film : 813x711mm R\u00e9solutions disponibles : pour le plein format 2000, 2540, 4000, 5080, 8000, 10000, 10160, 16000 ppi avec limitation de la plage d&rsquo;exposition [&hellip;]<\/p>\n","protected":false},"featured_media":56758,"template":"","meta":[],"product_brand":[],"product_cat":[2936],"product_tag":[],"class_list":{"0":"post-90889","1":"product","2":"type-product","3":"status-publish","4":"has-post-thumbnail","6":"product_cat-systemes-dexposition-et-de-developpement-de-films","7":"pa_baujahr-198","8":"pa_hersteller-mania-barco-esko-graphic","9":"pa_typ-silver-writher","11":"first","12":"instock","13":"sold-individually","14":"taxable","15":"shipping-taxable","16":"purchasable","17":"product-type-simple"},"jetpack_sharing_enabled":true,"_links":{"self":[{"href":"https:\/\/www.3p-gmbh.de\/fr\/wp-json\/wp\/v2\/product\/90889","targetHints":{"allow":["GET"]}}],"collection":[{"href":"https:\/\/www.3p-gmbh.de\/fr\/wp-json\/wp\/v2\/product"}],"about":[{"href":"https:\/\/www.3p-gmbh.de\/fr\/wp-json\/wp\/v2\/types\/product"}],"wp:featuredmedia":[{"embeddable":true,"href":"https:\/\/www.3p-gmbh.de\/fr\/wp-json\/wp\/v2\/media\/56758"}],"wp:attachment":[{"href":"https:\/\/www.3p-gmbh.de\/fr\/wp-json\/wp\/v2\/media?parent=90889"}],"wp:term":[{"taxonomy":"product_brand","embeddable":true,"href":"https:\/\/www.3p-gmbh.de\/fr\/wp-json\/wp\/v2\/product_brand?post=90889"},{"taxonomy":"product_cat","embeddable":true,"href":"https:\/\/www.3p-gmbh.de\/fr\/wp-json\/wp\/v2\/product_cat?post=90889"},{"taxonomy":"product_tag","embeddable":true,"href":"https:\/\/www.3p-gmbh.de\/fr\/wp-json\/wp\/v2\/product_tag?post=90889"}],"curies":[{"name":"wp","href":"https:\/\/api.w.org\/{rel}","templated":true}]}}