{"id":90888,"date":"2019-07-11T13:59:38","date_gmt":"2019-07-11T13:59:38","guid":{"rendered":"https:\/\/www.3p-gmbh.de\/produkt\/pompe-a-vide-a-palettes-rietschle-elmo-kta-80-1\/"},"modified":"2019-07-11T13:59:38","modified_gmt":"2019-07-11T13:59:38","slug":"pompe-a-vide-a-palettes","status":"publish","type":"product","link":"https:\/\/www.3p-gmbh.de\/fr\/produkt\/pompe-a-vide-a-palettes\/","title":{"rendered":"Pompe \u00e0 vide \u00e0 palettes Rietschle-Elmo KTA 80.1"},"content":{"rendered":"<p>&#8211; max. D\u00e9bit de 80 m3\/h<br \/>\n&#8211; max. Pression \u00b1900 mbar rel.<br \/>\n&#8211; deux pompes disponibles (ann\u00e9e de construction 2000 et 2002)<\/p>\n","protected":false},"excerpt":{"rendered":"<p>&#8211; max. D\u00e9bit de 80 m3\/h &#8211; max. Pression \u00b1900 mbar rel. &#8211; deux pompes disponibles (ann\u00e9e de construction 2000 et 2002)<\/p>\n","protected":false},"featured_media":56763,"template":"","meta":[],"product_brand":[],"product_cat":[2934],"product_tag":[],"class_list":{"0":"post-90888","1":"product","2":"type-product","3":"status-publish","4":"has-post-thumbnail","6":"product_cat-compresseurs-pompes-a-vide","7":"pa_baujahr-153","8":"pa_hersteller-rietschle-elmo","9":"pa_typ-kta-80-1","11":"first","12":"instock","13":"sold-individually","14":"taxable","15":"shipping-taxable","16":"purchasable","17":"product-type-simple"},"jetpack_sharing_enabled":true,"_links":{"self":[{"href":"https:\/\/www.3p-gmbh.de\/fr\/wp-json\/wp\/v2\/product\/90888","targetHints":{"allow":["GET"]}}],"collection":[{"href":"https:\/\/www.3p-gmbh.de\/fr\/wp-json\/wp\/v2\/product"}],"about":[{"href":"https:\/\/www.3p-gmbh.de\/fr\/wp-json\/wp\/v2\/types\/product"}],"wp:featuredmedia":[{"embeddable":true,"href":"https:\/\/www.3p-gmbh.de\/fr\/wp-json\/wp\/v2\/media\/56763"}],"wp:attachment":[{"href":"https:\/\/www.3p-gmbh.de\/fr\/wp-json\/wp\/v2\/media?parent=90888"}],"wp:term":[{"taxonomy":"product_brand","embeddable":true,"href":"https:\/\/www.3p-gmbh.de\/fr\/wp-json\/wp\/v2\/product_brand?post=90888"},{"taxonomy":"product_cat","embeddable":true,"href":"https:\/\/www.3p-gmbh.de\/fr\/wp-json\/wp\/v2\/product_cat?post=90888"},{"taxonomy":"product_tag","embeddable":true,"href":"https:\/\/www.3p-gmbh.de\/fr\/wp-json\/wp\/v2\/product_tag?post=90888"}],"curies":[{"name":"wp","href":"https:\/\/api.w.org\/{rel}","templated":true}]}}