{"id":90856,"date":"2019-07-11T13:59:42","date_gmt":"2019-07-11T13:59:42","guid":{"rendered":"https:\/\/www.3p-gmbh.de\/produkt\/kaercher-550-xl-bat\/"},"modified":"2019-07-11T13:59:42","modified_gmt":"2019-07-11T13:59:42","slug":"nettoyeur-automatique-de-sols","status":"publish","type":"product","link":"https:\/\/www.3p-gmbh.de\/fr\/produkt\/nettoyeur-automatique-de-sols\/","title":{"rendered":"K\u00e4rcher 550 XL Bat"},"content":{"rendered":"<p>Autolaveuse manuelle \u00e0 batteries avec technologie \u00e0 rouleaux pour le nettoyage de base, pour le nettoyage humide,<br \/>\nNettoyage d&rsquo;entretien et polissage de sols plats utilis\u00e9s jusqu&rsquo;\u00e0 1900m\u00b2\/h\u00a0\u00bb.<\/p>\n<p>Besoin en \u00e9lectricit\u00e9 220Volt 50Hz<\/p>\n","protected":false},"excerpt":{"rendered":"<p>Autolaveuse manuelle \u00e0 batteries avec technologie \u00e0 rouleaux pour le nettoyage de base, pour le nettoyage humide, Nettoyage d&rsquo;entretien et polissage de sols plats utilis\u00e9s jusqu&rsquo;\u00e0 1900m\u00b2\/h\u00a0\u00bb. Besoin en \u00e9lectricit\u00e9 220Volt 50Hz<\/p>\n","protected":false},"featured_media":59239,"template":"","meta":[],"product_brand":[],"product_cat":[2920],"product_tag":[],"class_list":{"0":"post-90856","1":"product","2":"type-product","3":"status-publish","4":"has-post-thumbnail","6":"product_cat-technique-de-stockage","7":"pa_hersteller-kaercher","8":"pa_typ-550-xl-bat","10":"first","11":"instock","12":"sold-individually","13":"taxable","14":"shipping-taxable","15":"purchasable","16":"product-type-simple"},"jetpack_sharing_enabled":true,"_links":{"self":[{"href":"https:\/\/www.3p-gmbh.de\/fr\/wp-json\/wp\/v2\/product\/90856","targetHints":{"allow":["GET"]}}],"collection":[{"href":"https:\/\/www.3p-gmbh.de\/fr\/wp-json\/wp\/v2\/product"}],"about":[{"href":"https:\/\/www.3p-gmbh.de\/fr\/wp-json\/wp\/v2\/types\/product"}],"wp:featuredmedia":[{"embeddable":true,"href":"https:\/\/www.3p-gmbh.de\/fr\/wp-json\/wp\/v2\/media\/59239"}],"wp:attachment":[{"href":"https:\/\/www.3p-gmbh.de\/fr\/wp-json\/wp\/v2\/media?parent=90856"}],"wp:term":[{"taxonomy":"product_brand","embeddable":true,"href":"https:\/\/www.3p-gmbh.de\/fr\/wp-json\/wp\/v2\/product_brand?post=90856"},{"taxonomy":"product_cat","embeddable":true,"href":"https:\/\/www.3p-gmbh.de\/fr\/wp-json\/wp\/v2\/product_cat?post=90856"},{"taxonomy":"product_tag","embeddable":true,"href":"https:\/\/www.3p-gmbh.de\/fr\/wp-json\/wp\/v2\/product_tag?post=90856"}],"curies":[{"name":"wp","href":"https:\/\/api.w.org\/{rel}","templated":true}]}}