{"id":90855,"date":"2019-07-11T13:59:42","date_gmt":"2019-07-11T13:59:42","guid":{"rendered":"https:\/\/www.3p-gmbh.de\/produkt\/convoyeur-a-accumulation-buhrs-affeldt-avn-tt-56\/"},"modified":"2019-07-11T13:59:42","modified_gmt":"2019-07-11T13:59:42","slug":"promoteur-de-la-congestion","status":"publish","type":"product","link":"https:\/\/www.3p-gmbh.de\/fr\/produkt\/promoteur-de-la-congestion\/","title":{"rendered":"Convoyeur \u00e0 accumulation Buhrs Affeldt AVN TT 56"},"content":{"rendered":"<p>Sur le convoyeur d&rsquo;accumulation \u00e0 4 stations, les paquets, les journaux et les articles de sport sont transport\u00e9s en cas de besoin,<br \/>\nles magazines et autres produits d&rsquo;impression empil\u00e9s similaires sont accumul\u00e9s et envoy\u00e9s vers<br \/>\nLib\u00e9ration temporis\u00e9e.<\/p>\n<p>Avantage :<br \/>\nLa poign\u00e9e encastr\u00e9e entre les sangles permet une prise en main manuelle.<br \/>\nEnl\u00e8vement de piles.<\/p>\n<p>&#8211; vitesse de transport r\u00e9glable en continu gr\u00e2ce \u00e0 un convertisseur de fr\u00e9quence<br \/>\n&#8211; produits non emball\u00e9s 30m\/min et produits emball\u00e9s 50m\/min.<br \/>\n&#8211; longueur 4x 50cm<br \/>\n&#8211; diam\u00e8tre nominal de 400 mm<br \/>\n&#8211; poign\u00e9e encastr\u00e9e de 85 mm de large et 25 mm de profondeur<br \/>\n&#8211; hauteur de travail 850mm +\/- 50 mm<br \/>\n&#8211; avec commande cadenc\u00e9e<\/p>\n<p>Ann\u00e9e de fabrication 2003 (OVP non utilis\u00e9)<\/p>\n","protected":false},"excerpt":{"rendered":"<p>Sur le convoyeur d&rsquo;accumulation \u00e0 4 stations, les paquets, les journaux et les articles de sport sont transport\u00e9s en cas de besoin, les magazines et autres produits d&rsquo;impression empil\u00e9s similaires sont accumul\u00e9s et envoy\u00e9s vers Lib\u00e9ration temporis\u00e9e. Avantage : La poign\u00e9e encastr\u00e9e entre les sangles permet une prise en main manuelle. Enl\u00e8vement de piles. &#8211; [&hellip;]<\/p>\n","protected":false},"featured_media":56776,"template":"","meta":[],"product_brand":[],"product_cat":[3040],"product_tag":[],"class_list":{"0":"post-90855","1":"product","2":"type-product","3":"status-publish","4":"has-post-thumbnail","6":"product_cat-technique-de-convoyage","7":"pa_baujahr-182","8":"pa_hersteller-affeldt-buhrs","9":"pa_typ-avn-tt-56-4","11":"first","12":"instock","13":"sold-individually","14":"taxable","15":"shipping-taxable","16":"purchasable","17":"product-type-simple"},"jetpack_sharing_enabled":true,"_links":{"self":[{"href":"https:\/\/www.3p-gmbh.de\/fr\/wp-json\/wp\/v2\/product\/90855","targetHints":{"allow":["GET"]}}],"collection":[{"href":"https:\/\/www.3p-gmbh.de\/fr\/wp-json\/wp\/v2\/product"}],"about":[{"href":"https:\/\/www.3p-gmbh.de\/fr\/wp-json\/wp\/v2\/types\/product"}],"wp:featuredmedia":[{"embeddable":true,"href":"https:\/\/www.3p-gmbh.de\/fr\/wp-json\/wp\/v2\/media\/56776"}],"wp:attachment":[{"href":"https:\/\/www.3p-gmbh.de\/fr\/wp-json\/wp\/v2\/media?parent=90855"}],"wp:term":[{"taxonomy":"product_brand","embeddable":true,"href":"https:\/\/www.3p-gmbh.de\/fr\/wp-json\/wp\/v2\/product_brand?post=90855"},{"taxonomy":"product_cat","embeddable":true,"href":"https:\/\/www.3p-gmbh.de\/fr\/wp-json\/wp\/v2\/product_cat?post=90855"},{"taxonomy":"product_tag","embeddable":true,"href":"https:\/\/www.3p-gmbh.de\/fr\/wp-json\/wp\/v2\/product_tag?post=90855"}],"curies":[{"name":"wp","href":"https:\/\/api.w.org\/{rel}","templated":true}]}}