{"id":90843,"date":"2019-07-11T13:59:46","date_gmt":"2019-07-11T13:59:46","guid":{"rendered":"https:\/\/www.3p-gmbh.de\/produkt\/fiac-ab-t-200-480-compresseur-a-piston\/"},"modified":"2019-07-11T13:59:46","modified_gmt":"2019-07-11T13:59:46","slug":"compresseur-a-piston","status":"publish","type":"product","link":"https:\/\/www.3p-gmbh.de\/fr\/produkt\/compresseur-a-piston\/","title":{"rendered":"FIAC AB T 200-480 Compresseur \u00e0 piston"},"content":{"rendered":"<p>D\u00e9bit volum\u00e9trique 480 litres\/min.<br \/>\n16,9 m3\/h<br \/>\nPression max. 10 bar<br \/>\nPuissance nominale 4 kW<br \/>\nNiveau sonore 76 dB<br \/>\nTension : 400 V<br \/>\nR\u00e9servoir : 200 litres<br \/>\nPoids : 140 kg<br \/>\nDimensions : 1460 x 640 x 1140 mm<\/p>\n","protected":false},"excerpt":{"rendered":"<p>D\u00e9bit volum\u00e9trique 480 litres\/min. 16,9 m3\/h Pression max. 10 bar Puissance nominale 4 kW Niveau sonore 76 dB Tension : 400 V R\u00e9servoir : 200 litres Poids : 140 kg Dimensions : 1460 x 640 x 1140 mm<\/p>\n","protected":false},"featured_media":56813,"template":"","meta":[],"product_brand":[],"product_cat":[2934],"product_tag":[],"class_list":{"0":"post-90843","1":"product","2":"type-product","3":"status-publish","4":"has-post-thumbnail","6":"product_cat-compresseurs-pompes-a-vide","7":"pa_baujahr-182","8":"pa_hersteller-fiac","9":"pa_typ-ab-t-200-480","11":"first","12":"instock","13":"sold-individually","14":"taxable","15":"shipping-taxable","16":"purchasable","17":"product-type-simple"},"jetpack_sharing_enabled":true,"_links":{"self":[{"href":"https:\/\/www.3p-gmbh.de\/fr\/wp-json\/wp\/v2\/product\/90843","targetHints":{"allow":["GET"]}}],"collection":[{"href":"https:\/\/www.3p-gmbh.de\/fr\/wp-json\/wp\/v2\/product"}],"about":[{"href":"https:\/\/www.3p-gmbh.de\/fr\/wp-json\/wp\/v2\/types\/product"}],"wp:featuredmedia":[{"embeddable":true,"href":"https:\/\/www.3p-gmbh.de\/fr\/wp-json\/wp\/v2\/media\/56813"}],"wp:attachment":[{"href":"https:\/\/www.3p-gmbh.de\/fr\/wp-json\/wp\/v2\/media?parent=90843"}],"wp:term":[{"taxonomy":"product_brand","embeddable":true,"href":"https:\/\/www.3p-gmbh.de\/fr\/wp-json\/wp\/v2\/product_brand?post=90843"},{"taxonomy":"product_cat","embeddable":true,"href":"https:\/\/www.3p-gmbh.de\/fr\/wp-json\/wp\/v2\/product_cat?post=90843"},{"taxonomy":"product_tag","embeddable":true,"href":"https:\/\/www.3p-gmbh.de\/fr\/wp-json\/wp\/v2\/product_tag?post=90843"}],"curies":[{"name":"wp","href":"https:\/\/api.w.org\/{rel}","templated":true}]}}