{"id":90837,"date":"2019-07-11T13:59:46","date_gmt":"2019-07-11T13:59:46","guid":{"rendered":"https:\/\/www.3p-gmbh.de\/produkt\/systeme-de-compresseur-mark-msm\/"},"modified":"2019-07-11T13:59:46","modified_gmt":"2019-07-11T13:59:46","slug":"installation-de-compresseurs","status":"publish","type":"product","link":"https:\/\/www.3p-gmbh.de\/fr\/produkt\/installation-de-compresseurs\/","title":{"rendered":"Syst\u00e8me de compresseur Mark MSM"},"content":{"rendered":"<p>Centrale d&rsquo;air comprim\u00e9, compos\u00e9e d&rsquo;un compresseur avec socle de chaudi\u00e8re 200 Ltr.<br \/>\nMARK MSM 2.2 KW Dmini<br \/>\nBj. 2006, seulement 2818 heures<br \/>\nPuissance 10 bar<br \/>\nsuppl\u00e9mentaire Unit\u00e9 de r\u00e9frig\u00e9ration et de s\u00e9chage<br \/>\nsuppl\u00e9mentaire Chaudi\u00e8re, 250 Ltr. de 2013<\/p>\n","protected":false},"excerpt":{"rendered":"<p>Centrale d&rsquo;air comprim\u00e9, compos\u00e9e d&rsquo;un compresseur avec socle de chaudi\u00e8re 200 Ltr. MARK MSM 2.2 KW Dmini Bj. 2006, seulement 2818 heures Puissance 10 bar suppl\u00e9mentaire Unit\u00e9 de r\u00e9frig\u00e9ration et de s\u00e9chage suppl\u00e9mentaire Chaudi\u00e8re, 250 Ltr. de 2013<\/p>\n","protected":false},"featured_media":56810,"template":"","meta":[],"product_brand":[],"product_cat":[2934],"product_tag":[],"class_list":{"0":"post-90837","1":"product","2":"type-product","3":"status-publish","4":"has-post-thumbnail","6":"product_cat-compresseurs-pompes-a-vide","7":"pa_baujahr-140","8":"pa_hersteller-mark","9":"pa_typ-msm-2-2-kw-dmini","11":"first","12":"instock","13":"sold-individually","14":"taxable","15":"shipping-taxable","16":"purchasable","17":"product-type-simple"},"jetpack_sharing_enabled":true,"_links":{"self":[{"href":"https:\/\/www.3p-gmbh.de\/fr\/wp-json\/wp\/v2\/product\/90837","targetHints":{"allow":["GET"]}}],"collection":[{"href":"https:\/\/www.3p-gmbh.de\/fr\/wp-json\/wp\/v2\/product"}],"about":[{"href":"https:\/\/www.3p-gmbh.de\/fr\/wp-json\/wp\/v2\/types\/product"}],"wp:featuredmedia":[{"embeddable":true,"href":"https:\/\/www.3p-gmbh.de\/fr\/wp-json\/wp\/v2\/media\/56810"}],"wp:attachment":[{"href":"https:\/\/www.3p-gmbh.de\/fr\/wp-json\/wp\/v2\/media?parent=90837"}],"wp:term":[{"taxonomy":"product_brand","embeddable":true,"href":"https:\/\/www.3p-gmbh.de\/fr\/wp-json\/wp\/v2\/product_brand?post=90837"},{"taxonomy":"product_cat","embeddable":true,"href":"https:\/\/www.3p-gmbh.de\/fr\/wp-json\/wp\/v2\/product_cat?post=90837"},{"taxonomy":"product_tag","embeddable":true,"href":"https:\/\/www.3p-gmbh.de\/fr\/wp-json\/wp\/v2\/product_tag?post=90837"}],"curies":[{"name":"wp","href":"https:\/\/api.w.org\/{rel}","templated":true}]}}