{"id":90829,"date":"2019-07-11T13:59:46","date_gmt":"2019-07-11T13:59:46","guid":{"rendered":"https:\/\/www.3p-gmbh.de\/produkt\/ehrler-beck-dvt-3-80-compresseur-a-pression-et-a-vide\/"},"modified":"2019-07-11T13:59:46","modified_gmt":"2019-07-11T13:59:46","slug":"compresseur-a-pression-et-a-vide","status":"publish","type":"product","link":"https:\/\/www.3p-gmbh.de\/fr\/produkt\/compresseur-a-pression-et-a-vide\/","title":{"rendered":"Ehrler &amp; Beck DVT 3.80 Compresseur \u00e0 pression et \u00e0 vide"},"content":{"rendered":"<p>&#8211; d\u00e9bit volum\u00e9trique 80 m\u00e8tres cubes\/h<br \/>\n&#8211; 6 Bar<br \/>\n&#8211; 4 KW<\/p>\n","protected":false},"excerpt":{"rendered":"<p>&#8211; d\u00e9bit volum\u00e9trique 80 m\u00e8tres cubes\/h &#8211; 6 Bar &#8211; 4 KW<\/p>\n","protected":false},"featured_media":56808,"template":"","meta":[],"product_brand":[],"product_cat":[2934],"product_tag":[],"class_list":{"0":"post-90829","1":"product","2":"type-product","3":"status-publish","4":"has-post-thumbnail","6":"product_cat-compresseurs-pompes-a-vide","7":"pa_baujahr-198","8":"pa_hersteller-ehrler-beck","9":"pa_typ-dvt-3-80","11":"first","12":"instock","13":"sold-individually","14":"taxable","15":"shipping-taxable","16":"purchasable","17":"product-type-simple"},"jetpack_sharing_enabled":true,"_links":{"self":[{"href":"https:\/\/www.3p-gmbh.de\/fr\/wp-json\/wp\/v2\/product\/90829","targetHints":{"allow":["GET"]}}],"collection":[{"href":"https:\/\/www.3p-gmbh.de\/fr\/wp-json\/wp\/v2\/product"}],"about":[{"href":"https:\/\/www.3p-gmbh.de\/fr\/wp-json\/wp\/v2\/types\/product"}],"wp:featuredmedia":[{"embeddable":true,"href":"https:\/\/www.3p-gmbh.de\/fr\/wp-json\/wp\/v2\/media\/56808"}],"wp:attachment":[{"href":"https:\/\/www.3p-gmbh.de\/fr\/wp-json\/wp\/v2\/media?parent=90829"}],"wp:term":[{"taxonomy":"product_brand","embeddable":true,"href":"https:\/\/www.3p-gmbh.de\/fr\/wp-json\/wp\/v2\/product_brand?post=90829"},{"taxonomy":"product_cat","embeddable":true,"href":"https:\/\/www.3p-gmbh.de\/fr\/wp-json\/wp\/v2\/product_cat?post=90829"},{"taxonomy":"product_tag","embeddable":true,"href":"https:\/\/www.3p-gmbh.de\/fr\/wp-json\/wp\/v2\/product_tag?post=90829"}],"curies":[{"name":"wp","href":"https:\/\/api.w.org\/{rel}","templated":true}]}}