{"id":90828,"date":"2019-07-11T13:59:46","date_gmt":"2019-07-11T13:59:46","guid":{"rendered":"https:\/\/www.3p-gmbh.de\/produkt\/jungheinrich-etv-214-ac-chariot-electrique-a-mat-retractable\/"},"modified":"2019-07-11T13:59:46","modified_gmt":"2019-07-11T13:59:46","slug":"chariot-elevateur-a-mat-retractable-electrique","status":"publish","type":"product","link":"https:\/\/www.3p-gmbh.de\/fr\/produkt\/chariot-elevateur-a-mat-retractable-electrique\/","title":{"rendered":"Jungheinrich ETV 214 AC Chariot \u00e9lectrique \u00e0 m\u00e2t r\u00e9tractable"},"content":{"rendered":"<p>Heures de fonctionnement : 8248<br \/>\nmax. hauteur de levage 5300mm<br \/>\nD\u00e9placement lat\u00e9ral avec hydraulique suppl\u00e9mentaire ZH 1, capacit\u00e9 de charge<br \/>\ncapacit\u00e9 de levage 1400 kg<br \/>\nlongueur de fourche 115cm avec rallonges de fourche enfichables<br \/>\ndirection \u00e9lectrique \u00e0 180<br \/>\nsolo Pilot Levier de commande hydraulique<br \/>\nBatterie 48 V 560 Ah avec Aquamatik, chargeur 48V 70 A<br \/>\npoids propre env. 3500 kg<\/p>\n","protected":false},"excerpt":{"rendered":"<p>Heures de fonctionnement : 8248 max. hauteur de levage 5300mm D\u00e9placement lat\u00e9ral avec hydraulique suppl\u00e9mentaire ZH 1, capacit\u00e9 de charge capacit\u00e9 de levage 1400 kg longueur de fourche 115cm avec rallonges de fourche enfichables direction \u00e9lectrique \u00e0 180 solo Pilot Levier de commande hydraulique Batterie 48 V 560 Ah avec Aquamatik, chargeur 48V 70 A [&hellip;]<\/p>\n","protected":false},"featured_media":56798,"template":"","meta":[],"product_brand":[],"product_cat":[2857],"product_tag":[],"class_list":{"0":"post-90828","1":"product","2":"type-product","3":"status-publish","4":"has-post-thumbnail","6":"product_cat-chariots-de-manutention","7":"pa_baujahr-153","8":"pa_hersteller-jungheinrich","9":"pa_typ-etv-214-ac","11":"first","12":"instock","13":"sold-individually","14":"taxable","15":"shipping-taxable","16":"purchasable","17":"product-type-simple"},"jetpack_sharing_enabled":true,"_links":{"self":[{"href":"https:\/\/www.3p-gmbh.de\/fr\/wp-json\/wp\/v2\/product\/90828","targetHints":{"allow":["GET"]}}],"collection":[{"href":"https:\/\/www.3p-gmbh.de\/fr\/wp-json\/wp\/v2\/product"}],"about":[{"href":"https:\/\/www.3p-gmbh.de\/fr\/wp-json\/wp\/v2\/types\/product"}],"wp:featuredmedia":[{"embeddable":true,"href":"https:\/\/www.3p-gmbh.de\/fr\/wp-json\/wp\/v2\/media\/56798"}],"wp:attachment":[{"href":"https:\/\/www.3p-gmbh.de\/fr\/wp-json\/wp\/v2\/media?parent=90828"}],"wp:term":[{"taxonomy":"product_brand","embeddable":true,"href":"https:\/\/www.3p-gmbh.de\/fr\/wp-json\/wp\/v2\/product_brand?post=90828"},{"taxonomy":"product_cat","embeddable":true,"href":"https:\/\/www.3p-gmbh.de\/fr\/wp-json\/wp\/v2\/product_cat?post=90828"},{"taxonomy":"product_tag","embeddable":true,"href":"https:\/\/www.3p-gmbh.de\/fr\/wp-json\/wp\/v2\/product_tag?post=90828"}],"curies":[{"name":"wp","href":"https:\/\/api.w.org\/{rel}","templated":true}]}}