{"id":90812,"date":"2019-09-27T10:43:08","date_gmt":"2019-09-27T10:43:08","guid":{"rendered":"https:\/\/www.3p-gmbh.de\/produkt\/luescher-xpose-230-uv-systeme-ctp\/"},"modified":"2019-09-27T10:43:08","modified_gmt":"2019-09-27T10:43:08","slug":"systeme-luescher-xpose-230-uv-ctp","status":"publish","type":"product","link":"https:\/\/www.3p-gmbh.de\/fr\/produkt\/systeme-luescher-xpose-230-uv-ctp\/","title":{"rendered":"L\u00fcscher XPose 230 UV Syst\u00e8me CtP"},"content":{"rendered":"<ul>\n<li>L\u00fcscher XPose 230 UV + PHS et TiFF Shooter incl. Mat\u00e9riel informatique pour les plaques offset et les plaques flexographiques lavables \u00e0 l&rsquo;eau<\/li>\n<li>Diodes UV 405 nm pour les plaques offset conventionnelles et les films diazo ainsi que les plaques de vernis de Mac Dermid (les \u00e9crans rotatifs de Gallus, Kocher + Beck et Stork peuvent \u00e9galement \u00eatre expos\u00e9s sans probl\u00e8me aux UV 405 nm)<\/li>\n<li>pour l&rsquo;exposition directe des plaques flexographiques lavables \u00e0 l&rsquo;eau ou des plaques typographiques conventionnelles sans couche LAMS, on utilise des diodes laser de 375 nm<\/li>\n<li>32 diodes laser de 375 nm pour les plaques flexographiques lavables \u00e0 l&rsquo;eau<\/li>\n<li>16 diodes laser \u00e0 405 nm<\/li>\n<li>D\u00e9coupeuse en ligne pour Bacher 2000 Autoplate 780 mm et 425 m<\/li>\n<li>compteur de plaques : 58.736 plaques<\/li>\n<li>temps de laser : 4 030 heures<\/li>\n<li>sliprint revolutions : 30894729<\/li>\n<li>L\u00fcscher Plate-Handling System PHS 230 avec cinq magasins de plaques (peut \u00eatre supprim\u00e9 sur demande)<\/li>\n<li>Table de transport Glunz &amp; Jensen IP 66<\/li>\n<li>Machine de d\u00e9veloppement de plaques d&rsquo;impression offset AGFA Elantrix DX 85 avec deux brosses cylindriques, ann\u00e9e de construction 2017<\/li>\n<\/ul>\n","protected":false},"excerpt":{"rendered":"<p>L\u00fcscher XPose 230 UV + PHS et TiFF Shooter incl. Mat\u00e9riel informatique pour les plaques offset et les plaques flexographiques lavables \u00e0 l&rsquo;eau Diodes UV 405 nm pour les plaques offset conventionnelles et les films diazo ainsi que les plaques de vernis de Mac Dermid (les \u00e9crans rotatifs de Gallus, Kocher + Beck et Stork [&hellip;]<\/p>\n","protected":false},"featured_media":57201,"template":"","meta":[],"product_brand":[],"product_cat":[2864],"product_tag":[],"class_list":{"0":"post-90812","1":"product","2":"type-product","3":"status-publish","4":"has-post-thumbnail","6":"product_cat-systemes-computer-to-plate","7":"pa_baujahr-137","8":"pa_hersteller-luescher-ag","9":"pa_typ-xpose-230-uv","11":"first","12":"instock","13":"taxable","14":"shipping-taxable","15":"purchasable","16":"product-type-simple"},"jetpack_sharing_enabled":true,"_links":{"self":[{"href":"https:\/\/www.3p-gmbh.de\/fr\/wp-json\/wp\/v2\/product\/90812","targetHints":{"allow":["GET"]}}],"collection":[{"href":"https:\/\/www.3p-gmbh.de\/fr\/wp-json\/wp\/v2\/product"}],"about":[{"href":"https:\/\/www.3p-gmbh.de\/fr\/wp-json\/wp\/v2\/types\/product"}],"wp:featuredmedia":[{"embeddable":true,"href":"https:\/\/www.3p-gmbh.de\/fr\/wp-json\/wp\/v2\/media\/57201"}],"wp:attachment":[{"href":"https:\/\/www.3p-gmbh.de\/fr\/wp-json\/wp\/v2\/media?parent=90812"}],"wp:term":[{"taxonomy":"product_brand","embeddable":true,"href":"https:\/\/www.3p-gmbh.de\/fr\/wp-json\/wp\/v2\/product_brand?post=90812"},{"taxonomy":"product_cat","embeddable":true,"href":"https:\/\/www.3p-gmbh.de\/fr\/wp-json\/wp\/v2\/product_cat?post=90812"},{"taxonomy":"product_tag","embeddable":true,"href":"https:\/\/www.3p-gmbh.de\/fr\/wp-json\/wp\/v2\/product_tag?post=90812"}],"curies":[{"name":"wp","href":"https:\/\/api.w.org\/{rel}","templated":true}]}}