{"id":90806,"date":"2019-10-11T09:54:03","date_gmt":"2019-10-11T09:54:03","guid":{"rendered":"https:\/\/www.3p-gmbh.de\/produkt\/injecteur-de-bandelettes-vacuumatic-cuti-2\/"},"modified":"2019-10-11T09:54:03","modified_gmt":"2019-10-11T09:54:03","slug":"vacuumatic-cuti-2-barriere-de-securite","status":"publish","type":"product","link":"https:\/\/www.3p-gmbh.de\/fr\/produkt\/vacuumatic-cuti-2-barriere-de-securite\/","title":{"rendered":"Injecteur de bandelettes Vacuumatic Cuti 2"},"content":{"rendered":"<ul>\n<li>imprimer &#8211; compter &#8211; subdiviser<\/li>\n<li>avec connexion \u00e9lectrique \u00e0 la machine \u00e0 imprimer<\/li>\n<li>saisie facile de la quantit\u00e9 \u00e0 compter souhait\u00e9e gr\u00e2ce au clavier et \u00e0 l&rsquo;\u00e9cran<\/li>\n<li>avec une longueur de canal de 600 mm<\/li>\n<li>hauteur d&rsquo;utilisation r\u00e9glable jusqu&rsquo;\u00e0 150 cm<\/li>\n<li>longueur des bandes r\u00e9glable de 10 \u00e0 20 cm environ<\/li>\n<li>compter de 6 \u00e0 9999 feuilles<\/li>\n<li>Vitesse de comptage jusqu&rsquo;\u00e0 25.000 bg\/h<\/li>\n<li>\u00e9lectrique. Raccordement 230 V<\/li>\n<\/ul>\n","protected":false},"excerpt":{"rendered":"<p>imprimer &#8211; compter &#8211; subdiviser avec connexion \u00e9lectrique \u00e0 la machine \u00e0 imprimer saisie facile de la quantit\u00e9 \u00e0 compter souhait\u00e9e gr\u00e2ce au clavier et \u00e0 l&rsquo;\u00e9cran avec une longueur de canal de 600 mm hauteur d&rsquo;utilisation r\u00e9glable jusqu&rsquo;\u00e0 150 cm longueur des bandes r\u00e9glable de 10 \u00e0 20 cm environ compter de 6 \u00e0 [&hellip;]<\/p>\n","protected":false},"featured_media":57237,"template":"","meta":[],"product_brand":[],"product_cat":[2998],"product_tag":[],"class_list":{"0":"post-90806","1":"product","2":"type-product","3":"status-publish","4":"has-post-thumbnail","6":"product_cat-machines-a-compter-le-papier","7":"pa_bezeichnung_typ-cuti-2","8":"pa_hersteller-vacumatic","10":"first","11":"instock","12":"taxable","13":"shipping-taxable","14":"purchasable","15":"product-type-simple"},"jetpack_sharing_enabled":true,"_links":{"self":[{"href":"https:\/\/www.3p-gmbh.de\/fr\/wp-json\/wp\/v2\/product\/90806","targetHints":{"allow":["GET"]}}],"collection":[{"href":"https:\/\/www.3p-gmbh.de\/fr\/wp-json\/wp\/v2\/product"}],"about":[{"href":"https:\/\/www.3p-gmbh.de\/fr\/wp-json\/wp\/v2\/types\/product"}],"wp:featuredmedia":[{"embeddable":true,"href":"https:\/\/www.3p-gmbh.de\/fr\/wp-json\/wp\/v2\/media\/57237"}],"wp:attachment":[{"href":"https:\/\/www.3p-gmbh.de\/fr\/wp-json\/wp\/v2\/media?parent=90806"}],"wp:term":[{"taxonomy":"product_brand","embeddable":true,"href":"https:\/\/www.3p-gmbh.de\/fr\/wp-json\/wp\/v2\/product_brand?post=90806"},{"taxonomy":"product_cat","embeddable":true,"href":"https:\/\/www.3p-gmbh.de\/fr\/wp-json\/wp\/v2\/product_cat?post=90806"},{"taxonomy":"product_tag","embeddable":true,"href":"https:\/\/www.3p-gmbh.de\/fr\/wp-json\/wp\/v2\/product_tag?post=90806"}],"curies":[{"name":"wp","href":"https:\/\/api.w.org\/{rel}","templated":true}]}}