{"id":90796,"date":"2019-10-14T10:20:16","date_gmt":"2019-10-14T10:20:16","guid":{"rendered":"https:\/\/www.3p-gmbh.de\/produkt\/tetes-de-perforation-a-cycle-heidelberg-stahl\/"},"modified":"2019-10-14T10:20:16","modified_gmt":"2019-10-14T10:20:16","slug":"heidelberg-stahl-takt-perforforkofe","status":"publish","type":"product","link":"https:\/\/www.3p-gmbh.de\/fr\/produkt\/heidelberg-stahl-takt-perforforkofe\/","title":{"rendered":"T\u00eates de perforation \u00e0 cycle Heidelberg Stahl"},"content":{"rendered":"<p>t\u00eates de perforation \u00e0 cycle pneumatique<\/p>\n","protected":false},"excerpt":{"rendered":"<p>t\u00eates de perforation \u00e0 cycle pneumatique<\/p>\n","protected":false},"featured_media":57248,"template":"","meta":[],"product_brand":[],"product_cat":[2886],"product_tag":[],"class_list":{"0":"post-90796","1":"product","2":"type-product","3":"status-publish","4":"has-post-thumbnail","6":"product_cat-accessoires-pour-plieuses","7":"pa_bezeichnung_typ-taktperforationskoepfe","8":"pa_hersteller-heidelberg-stahl","10":"first","11":"instock","12":"taxable","13":"shipping-taxable","14":"purchasable","15":"product-type-simple"},"jetpack_sharing_enabled":true,"_links":{"self":[{"href":"https:\/\/www.3p-gmbh.de\/fr\/wp-json\/wp\/v2\/product\/90796","targetHints":{"allow":["GET"]}}],"collection":[{"href":"https:\/\/www.3p-gmbh.de\/fr\/wp-json\/wp\/v2\/product"}],"about":[{"href":"https:\/\/www.3p-gmbh.de\/fr\/wp-json\/wp\/v2\/types\/product"}],"wp:featuredmedia":[{"embeddable":true,"href":"https:\/\/www.3p-gmbh.de\/fr\/wp-json\/wp\/v2\/media\/57248"}],"wp:attachment":[{"href":"https:\/\/www.3p-gmbh.de\/fr\/wp-json\/wp\/v2\/media?parent=90796"}],"wp:term":[{"taxonomy":"product_brand","embeddable":true,"href":"https:\/\/www.3p-gmbh.de\/fr\/wp-json\/wp\/v2\/product_brand?post=90796"},{"taxonomy":"product_cat","embeddable":true,"href":"https:\/\/www.3p-gmbh.de\/fr\/wp-json\/wp\/v2\/product_cat?post=90796"},{"taxonomy":"product_tag","embeddable":true,"href":"https:\/\/www.3p-gmbh.de\/fr\/wp-json\/wp\/v2\/product_tag?post=90796"}],"curies":[{"name":"wp","href":"https:\/\/api.w.org\/{rel}","templated":true}]}}